{"id":6335,"date":"2025-06-15T20:50:43","date_gmt":"2025-06-15T18:50:34","guid":{"rendered":"https:\/\/fugleskydning.dk\/?page_id=6335"},"modified":"2025-06-15T21:20:48","modified_gmt":"2025-06-15T19:20:48","slug":"villy-skaarup","status":"publish","type":"page","link":"https:\/\/fugleskydning.dk\/?page_id=6335","title":{"rendered":"Villy Skaarup."},"content":{"rendered":"<div id='av_section_1'  class='avia-section av-9rel1w-43a7a20c4e2b6386ea53929fb6bfabe3 main_color avia-section-default avia-no-border-styling  avia-builder-el-0  el_before_av_one_fourth  avia-builder-el-first  avia-bg-style-scroll container_wrap sidebar_right'  ><div class='container av-section-cont-open' ><main  role=\"main\" itemprop=\"mainContentOfPage\"  class='template-page content  av-content-small alpha units'><div class='post-entry post-entry-type-page post-entry-6335'><div class='entry-content-wrapper clearfix'>\n\n<style type=\"text\/css\" data-created_by=\"avia_inline_auto\" id=\"style-css-av-lvywtt1l-60d0e951909f7ef0cdff22829a9e2547\">\n#top .av-special-heading.av-lvywtt1l-60d0e951909f7ef0cdff22829a9e2547{\npadding-bottom:10px;\nfont-size:52px;\n}\nbody .av-special-heading.av-lvywtt1l-60d0e951909f7ef0cdff22829a9e2547 .av-special-heading-tag .heading-char{\nfont-size:25px;\n}\n#top #wrap_all .av-special-heading.av-lvywtt1l-60d0e951909f7ef0cdff22829a9e2547 .av-special-heading-tag{\nfont-size:52px;\n}\n.av-special-heading.av-lvywtt1l-60d0e951909f7ef0cdff22829a9e2547 .av-subheading{\nfont-size:24px;\n}\n<\/style>\n<div  class='av-special-heading av-lvywtt1l-60d0e951909f7ef0cdff22829a9e2547 av-special-heading-h2 blockquote modern-quote modern-centered  avia-builder-el-1  el_before_av_hr  avia-builder-el-first  av-inherit-size'><h2 class='av-special-heading-tag'  itemprop=\"headline\"  >Villy Skaarup<\/h2><div class='av-subheading av-subheading_below'><p>Villy har malet 4 platter som h\u00e6nger i Sommerlyst. 1979. 1981, 1983 og 1985<\/p>\n<\/div><div class=\"special-heading-border\"><div class=\"special-heading-inner-border\"><\/div><\/div><\/div>\n\n<style type=\"text\/css\" data-created_by=\"avia_inline_auto\" id=\"style-css-av-2gfec-03155c86485a4d5563526be91873ff27\">\n#top .hr.av-2gfec-03155c86485a4d5563526be91873ff27{\nmargin-top:30px;\nmargin-bottom:30px;\n}\n.hr.av-2gfec-03155c86485a4d5563526be91873ff27 .hr-inner{\nwidth:50px;\nmax-width:45%;\n}\n<\/style>\n<div  class='hr av-2gfec-03155c86485a4d5563526be91873ff27 hr-custom  avia-builder-el-2  el_after_av_heading  avia-builder-el-last  hr-center hr-icon-yes'><span class='hr-inner inner-border-av-border-thin'><span class=\"hr-inner-style\"><\/span><\/span><span class='av-seperator-icon' aria-hidden='true' data-av_icon='\ue844' data-av_iconfont='fontello'><\/span><span class='hr-inner inner-border-av-border-thin'><span class=\"hr-inner-style\"><\/span><\/span><\/div>\n<\/div><\/div><\/main><!-- close content main element --><\/div><\/div><div id='after_section_1'  class='main_color av_default_container_wrap container_wrap sidebar_right'  ><div class='container av-section-cont-open' ><div class='template-page content  av-content-small alpha units'><div class='post-entry post-entry-type-page post-entry-6335'><div class='entry-content-wrapper clearfix'>\n<div class='flex_column av-5vj7wk-563c376460ab6ace9852e44b4fae1e78 av_one_fourth  avia-builder-el-3  el_after_av_section  el_before_av_one_half  avia-builder-el-first  first flex_column_div '   ><\/div>\n<div class='flex_column av-4cz210-6abb5a8e867ab00392d0a793e191ffc5 av_one_half  avia-builder-el-4  el_after_av_one_fourth  el_before_av_one_fourth  flex_column_div '   ><section  class='av_textblock_section av-lvywxis2-9032823e1fb3c439fa59b77a826dce21'  itemscope=\"itemscope\" itemtype=\"https:\/\/schema.org\/CreativeWork\" ><div class='avia_textblock'  itemprop=\"text\" ><p><img loading=\"lazy\" decoding=\"async\" class=\"aligncenter wp-image-6342 size-full\" src=\"https:\/\/fugleskydning.dk\/wp-content\/uploads\/2025\/06\/Villy-Skaarup.gif\" alt=\"\" width=\"400\" height=\"487\" \/><\/p>\n<p style=\"text-align: center;\"><strong>Villy bliv er f\u00f8dt p\u00e5 T\u00e5rnborgvej 11 i Kors\u00f8r den 3. juni 1936<\/strong><\/p>\n<p style=\"text-align: center;\">Som s\u00f8n af Yesda, f\u00f8dt Clausen, og arbejdsmand Valdemar Johannes Skaarup.<br class=\"html-br\" \/>Villy Skaarup bliver udl\u00e6rt hos S\u00f8vang, Kors\u00f8r Motor Fabrik, i 1957. Herefter bliver han indkaldt som marinesoldat og sejler ved F\u00e6r\u00f8erne ved fiskeriinspektionen. Det er en god tid, og Villy f\u00e5r p\u00e5 den m\u00e5de en stor k\u00e6rlighed til F\u00e6r\u00f8erne og har v\u00e6ret der flere gange siden.<br class=\"html-br\" \/>Efter soldatertiden tager Villy i 1960 ud at sejle med et skib fra rederiet Progress. Derefter l\u00e6ser han i Odense til ingeni\u00f8r og f\u00e5r bagefter job hos. FL Smidth.<br class=\"html-br\" \/>I 1965 bliver Villy fagl\u00e6rer p\u00e5 Teknisk Skole i Slagelse. Han bliver gift med Bodil, og de f\u00e5r to b\u00f8rn, Martin og Hanne.<br class=\"html-br\" \/>I 1972 bliver huset p\u00e5 Humlev\u00e6nget 5 erhvervet.<br class=\"html-br\" \/>En dag er Villy og Bodil ude at se p\u00e5 malerier i Slagelse og Kors\u00f8r, Men de syntes, de er dyre, og derfor mener Villy, at malerierne kan han selv male. S\u00e5dan begynder Villy at male,<br class=\"html-br\" \/>Og det er blevet til mange gennem tiden. Villy f\u00e5r ogs\u00e5 interesse for jagt, og denne hobby har f\u00f8rt til rejser i Afrika flere gange.<\/p>\n<p>Villy Skaarup d\u00f8d, 26 februar. 2025<\/p>\n<div id=\"attachment_513\" style=\"width: 1040px\" class=\"wp-caption aligncenter\"><img loading=\"lazy\" decoding=\"async\" aria-describedby=\"caption-attachment-513\" class=\"wp-image-513 size-large\" src=\"https:\/\/fugleskydning.dk\/wp-content\/uploads\/2022\/10\/1979-1030x1022.jpg\" alt=\"\" width=\"1030\" height=\"1022\" srcset=\"https:\/\/fugleskydning.dk\/wp-content\/uploads\/2022\/10\/1979-1030x1022.jpg 1030w, https:\/\/fugleskydning.dk\/wp-content\/uploads\/2022\/10\/1979-300x298.jpg 300w, https:\/\/fugleskydning.dk\/wp-content\/uploads\/2022\/10\/1979-80x80.jpg 80w, https:\/\/fugleskydning.dk\/wp-content\/uploads\/2022\/10\/1979-768x762.jpg 768w, https:\/\/fugleskydning.dk\/wp-content\/uploads\/2022\/10\/1979-1536x1524.jpg 1536w, https:\/\/fugleskydning.dk\/wp-content\/uploads\/2022\/10\/1979-36x36.jpg 36w, https:\/\/fugleskydning.dk\/wp-content\/uploads\/2022\/10\/1979-180x180.jpg 180w, https:\/\/fugleskydning.dk\/wp-content\/uploads\/2022\/10\/1979-1500x1489.jpg 1500w, https:\/\/fugleskydning.dk\/wp-content\/uploads\/2022\/10\/1979-705x700.jpg 705w, https:\/\/fugleskydning.dk\/wp-content\/uploads\/2022\/10\/1979.jpg 1570w\" sizes=\"auto, (max-width: 1030px) 100vw, 1030px\" \/><p id=\"caption-attachment-513\" class=\"wp-caption-text\">Overfartsleder Kaj Forsb\u00e6k Fuglekongen 1979 og Statsminister 1979 \u2013 1987. https:\/\/fugleskydning.dk\/?portfolio=1979-overfartsleder-kaj-forsbaek<\/p><\/div>\n<div id=\"attachment_383\" style=\"width: 510px\" class=\"wp-caption aligncenter\"><img loading=\"lazy\" decoding=\"async\" aria-describedby=\"caption-attachment-383\" class=\"wp-image-383 size-full\" src=\"https:\/\/fugleskydning.dk\/wp-content\/uploads\/2022\/06\/6517772211.gif\" alt=\"\" width=\"500\" height=\"498\" \/><p id=\"caption-attachment-383\" class=\"wp-caption-text\">Assurand\u00f8r Flemming Ehlert Fuglekongen 1981 https:\/\/fugleskydning.dk\/?portfolio=1981-assurandoer-flemming-ehlert<\/p><\/div>\n<div id=\"attachment_380\" style=\"width: 510px\" class=\"wp-caption aligncenter\"><img loading=\"lazy\" decoding=\"async\" aria-describedby=\"caption-attachment-380\" class=\"wp-image-380 size-full\" src=\"https:\/\/fugleskydning.dk\/wp-content\/uploads\/2022\/06\/2a419fd0ad.gif\" alt=\"\" width=\"500\" height=\"494\" \/><p id=\"caption-attachment-380\" class=\"wp-caption-text\">Depotejer John Nielsen Fuglekongen 1983 https:\/\/fugleskydning.dk\/?portfolio=1983-depotejer-john-nielsen<\/p><\/div>\n<div id=\"attachment_376\" style=\"width: 510px\" class=\"wp-caption aligncenter\"><img loading=\"lazy\" decoding=\"async\" aria-describedby=\"caption-attachment-376\" class=\"wp-image-376 size-full\" src=\"https:\/\/fugleskydning.dk\/wp-content\/uploads\/2022\/06\/1ff59668c4.gif\" alt=\"\" width=\"500\" height=\"488\" \/><p id=\"caption-attachment-376\" class=\"wp-caption-text\">Fiskehandler J\u00f8rgen Christensen Fuglekongen 1985 https:\/\/fugleskydning.dk\/?portfolio=1985-fiskehandler-joergen-christensen<\/p><\/div>\n<div id=\"attachment_6344\" style=\"width: 783px\" class=\"wp-caption aligncenter\"><img loading=\"lazy\" decoding=\"async\" aria-describedby=\"caption-attachment-6344\" class=\"wp-image-6344 size-large\" src=\"https:\/\/fugleskydning.dk\/wp-content\/uploads\/2025\/06\/Ved-Klinthuset-ca.1940-villy-og-lillebror-Svend-773x1030.jpg\" alt=\"\" width=\"773\" height=\"1030\" srcset=\"https:\/\/fugleskydning.dk\/wp-content\/uploads\/2025\/06\/Ved-Klinthuset-ca.1940-villy-og-lillebror-Svend-773x1030.jpg 773w, https:\/\/fugleskydning.dk\/wp-content\/uploads\/2025\/06\/Ved-Klinthuset-ca.1940-villy-og-lillebror-Svend-225x300.jpg 225w, https:\/\/fugleskydning.dk\/wp-content\/uploads\/2025\/06\/Ved-Klinthuset-ca.1940-villy-og-lillebror-Svend-768x1023.jpg 768w, https:\/\/fugleskydning.dk\/wp-content\/uploads\/2025\/06\/Ved-Klinthuset-ca.1940-villy-og-lillebror-Svend-529x705.jpg 529w, https:\/\/fugleskydning.dk\/wp-content\/uploads\/2025\/06\/Ved-Klinthuset-ca.1940-villy-og-lillebror-Svend.jpg 1080w\" sizes=\"auto, (max-width: 773px) 100vw, 773px\" \/><p id=\"caption-attachment-6344\" class=\"wp-caption-text\">Ved Klinthuset ca.1940 Villy, Yesda, lillebror Svend og far Valdemar Johannes Skaarup<\/p><\/div>\n<p>Her er lidt af det Villy har malet.<\/p>\n<div id=\"attachment_6343\" style=\"width: 1040px\" class=\"wp-caption aligncenter\"><img loading=\"lazy\" decoding=\"async\" aria-describedby=\"caption-attachment-6343\" class=\"wp-image-6343 size-large\" src=\"https:\/\/fugleskydning.dk\/wp-content\/uploads\/2025\/06\/IMG_20200730_153537-2-1030x757.jpg\" alt=\"\" width=\"1030\" height=\"757\" srcset=\"https:\/\/fugleskydning.dk\/wp-content\/uploads\/2025\/06\/IMG_20200730_153537-2-1030x757.jpg 1030w, https:\/\/fugleskydning.dk\/wp-content\/uploads\/2025\/06\/IMG_20200730_153537-2-300x220.jpg 300w, https:\/\/fugleskydning.dk\/wp-content\/uploads\/2025\/06\/IMG_20200730_153537-2-768x564.jpg 768w, https:\/\/fugleskydning.dk\/wp-content\/uploads\/2025\/06\/IMG_20200730_153537-2-1536x1129.jpg 1536w, https:\/\/fugleskydning.dk\/wp-content\/uploads\/2025\/06\/IMG_20200730_153537-2-2048x1505.jpg 2048w, https:\/\/fugleskydning.dk\/wp-content\/uploads\/2025\/06\/IMG_20200730_153537-2-1500x1102.jpg 1500w, https:\/\/fugleskydning.dk\/wp-content\/uploads\/2025\/06\/IMG_20200730_153537-2-705x518.jpg 705w\" sizes=\"auto, (max-width: 1030px) 100vw, 1030px\" \/><p id=\"caption-attachment-6343\" class=\"wp-caption-text\">Skoleskibet K\u00f8benhavn<\/p><\/div>\n<p><img loading=\"lazy\" decoding=\"async\" class=\"aligncenter wp-image-6345 size-large\" src=\"https:\/\/fugleskydning.dk\/wp-content\/uploads\/2025\/06\/IMG_20200730_153412-1-1030x629.jpg\" alt=\"\" width=\"1030\" height=\"629\" srcset=\"https:\/\/fugleskydning.dk\/wp-content\/uploads\/2025\/06\/IMG_20200730_153412-1-1030x629.jpg 1030w, https:\/\/fugleskydning.dk\/wp-content\/uploads\/2025\/06\/IMG_20200730_153412-1-300x183.jpg 300w, https:\/\/fugleskydning.dk\/wp-content\/uploads\/2025\/06\/IMG_20200730_153412-1-768x469.jpg 768w, https:\/\/fugleskydning.dk\/wp-content\/uploads\/2025\/06\/IMG_20200730_153412-1-1536x938.jpg 1536w, https:\/\/fugleskydning.dk\/wp-content\/uploads\/2025\/06\/IMG_20200730_153412-1-2048x1251.jpg 2048w, https:\/\/fugleskydning.dk\/wp-content\/uploads\/2025\/06\/IMG_20200730_153412-1-1500x916.jpg 1500w, https:\/\/fugleskydning.dk\/wp-content\/uploads\/2025\/06\/IMG_20200730_153412-1-705x431.jpg 705w\" sizes=\"auto, (max-width: 1030px) 100vw, 1030px\" \/><\/p>\n<p><img loading=\"lazy\" decoding=\"async\" class=\"aligncenter wp-image-6346 size-large\" src=\"https:\/\/fugleskydning.dk\/wp-content\/uploads\/2025\/06\/IMG_20200730_153902-2-1030x784.jpg\" alt=\"\" width=\"1030\" height=\"784\" srcset=\"https:\/\/fugleskydning.dk\/wp-content\/uploads\/2025\/06\/IMG_20200730_153902-2-1030x784.jpg 1030w, https:\/\/fugleskydning.dk\/wp-content\/uploads\/2025\/06\/IMG_20200730_153902-2-300x228.jpg 300w, https:\/\/fugleskydning.dk\/wp-content\/uploads\/2025\/06\/IMG_20200730_153902-2-768x584.jpg 768w, https:\/\/fugleskydning.dk\/wp-content\/uploads\/2025\/06\/IMG_20200730_153902-2-1536x1169.jpg 1536w, https:\/\/fugleskydning.dk\/wp-content\/uploads\/2025\/06\/IMG_20200730_153902-2-2048x1558.jpg 2048w, https:\/\/fugleskydning.dk\/wp-content\/uploads\/2025\/06\/IMG_20200730_153902-2-1500x1141.jpg 1500w, https:\/\/fugleskydning.dk\/wp-content\/uploads\/2025\/06\/IMG_20200730_153902-2-705x536.jpg 705w\" sizes=\"auto, (max-width: 1030px) 100vw, 1030px\" \/><\/p>\n<p><img loading=\"lazy\" decoding=\"async\" class=\"size-medium wp-image-6338 aligncenter\" src=\"https:\/\/fugleskydning.dk\/wp-content\/uploads\/2025\/06\/20250307_162944000_iOS-300x284.jpg\" alt=\"\" width=\"300\" height=\"284\" srcset=\"https:\/\/fugleskydning.dk\/wp-content\/uploads\/2025\/06\/20250307_162944000_iOS-300x284.jpg 300w, https:\/\/fugleskydning.dk\/wp-content\/uploads\/2025\/06\/20250307_162944000_iOS-705x667.jpg 705w, https:\/\/fugleskydning.dk\/wp-content\/uploads\/2025\/06\/20250307_162944000_iOS.jpg 750w\" sizes=\"auto, (max-width: 300px) 100vw, 300px\" \/><\/p>\n<p>Oplagt af Henrik Bach 2020<\/p>\n<p><img loading=\"lazy\" decoding=\"async\" class=\"alignnone size-medium wp-image-4971\" src=\"https:\/\/fugleskydning.dk\/wp-content\/uploads\/2023\/01\/kffs-300x71.jpg\" alt=\"\" width=\"300\" height=\"71\" srcset=\"https:\/\/fugleskydning.dk\/wp-content\/uploads\/2023\/01\/kffs-300x71.jpg 300w, https:\/\/fugleskydning.dk\/wp-content\/uploads\/2023\/01\/kffs.jpg 460w\" sizes=\"auto, (max-width: 300px) 100vw, 300px\" \/><\/p>\n<\/div><\/section><\/div><div class='flex_column av-21gspw-29eb1c462505f6cb9ff1143e9703ef0b av_one_fourth  avia-builder-el-6  el_after_av_one_half  avia-builder-el-last  flex_column_div '   ><\/div><\/p>\n","protected":false},"excerpt":{"rendered":"","protected":false},"author":1,"featured_media":0,"parent":0,"menu_order":0,"comment_status":"closed","ping_status":"closed","template":"","meta":{"om_disable_all_campaigns":false,"footnotes":""},"folder":[],"class_list":["post-6335","page","type-page","status-publish","hentry"],"_links":{"self":[{"href":"https:\/\/fugleskydning.dk\/index.php?rest_route=\/wp\/v2\/pages\/6335","targetHints":{"allow":["GET"]}}],"collection":[{"href":"https:\/\/fugleskydning.dk\/index.php?rest_route=\/wp\/v2\/pages"}],"about":[{"href":"https:\/\/fugleskydning.dk\/index.php?rest_route=\/wp\/v2\/types\/page"}],"author":[{"embeddable":true,"href":"https:\/\/fugleskydning.dk\/index.php?rest_route=\/wp\/v2\/users\/1"}],"replies":[{"embeddable":true,"href":"https:\/\/fugleskydning.dk\/index.php?rest_route=%2Fwp%2Fv2%2Fcomments&post=6335"}],"version-history":[{"count":0,"href":"https:\/\/fugleskydning.dk\/index.php?rest_route=\/wp\/v2\/pages\/6335\/revisions"}],"wp:attachment":[{"href":"https:\/\/fugleskydning.dk\/index.php?rest_route=%2Fwp%2Fv2%2Fmedia&parent=6335"}],"wp:term":[{"taxonomy":"folder","embeddable":true,"href":"https:\/\/fugleskydning.dk\/index.php?rest_route=%2Fwp%2Fv2%2Ffolder&post=6335"}],"curies":[{"name":"wp","href":"https:\/\/api.w.org\/{rel}","templated":true}]}}