{"id":63,"date":"2022-05-30T14:29:08","date_gmt":"2022-05-30T12:29:08","guid":{"rendered":"https:\/\/fugleskydning.manana-manana.dk\/?page_id=63"},"modified":"2025-03-07T18:33:19","modified_gmt":"2025-03-07T17:33:19","slug":"malere-af-skydeplatter","status":"publish","type":"page","link":"https:\/\/fugleskydning.dk\/?page_id=63","title":{"rendered":"Kongelig Hofmaler, af vores skydeplatter"},"content":{"rendered":"<div id='av_section_1'  class='avia-section av-3fv8b-f0fdac8ef65aa9ed47ba439a62b4c37b main_color avia-section-default avia-no-border-styling  avia-builder-el-0  el_before_av_heading  avia-builder-el-first  avia-bg-style-scroll container_wrap sidebar_right'  ><div class='container av-section-cont-open' ><main  role=\"main\" itemprop=\"mainContentOfPage\"  class='template-page content  av-content-small alpha units'><div class='post-entry post-entry-type-page post-entry-63'><div class='entry-content-wrapper clearfix'>\n\n\n<style type=\"text\/css\" data-created_by=\"avia_inline_auto\" id=\"style-css-av-2jpqv-b33a0c10d96d1cdeba7699325b902e09\">\n#top .hr.av-2jpqv-b33a0c10d96d1cdeba7699325b902e09{\nmargin-top:30px;\nmargin-bottom:30px;\n}\n.hr.av-2jpqv-b33a0c10d96d1cdeba7699325b902e09 .hr-inner{\nwidth:50px;\nmax-width:45%;\n}\n<\/style>\n<div  class='hr av-2jpqv-b33a0c10d96d1cdeba7699325b902e09 hr-custom  avia-builder-el-2  el_after_av_heading  avia-builder-el-last  hr-center hr-icon-yes'><span class='hr-inner inner-border-av-border-thin'><span class=\"hr-inner-style\"><\/span><\/span><span class='av-seperator-icon' aria-hidden='true' data-av_icon='\ue844' data-av_iconfont='fontello'><\/span><span class='hr-inner inner-border-av-border-thin'><span class=\"hr-inner-style\"><\/span><\/span><\/div>\n<\/div><\/div><\/main><!-- close content main element --><\/div><\/div><div id='after_section_1'  class='main_color av_default_container_wrap container_wrap sidebar_right'  ><div class='container av-section-cont-open' ><div class='template-page content  av-content-small alpha units'><div class='post-entry post-entry-type-page post-entry-63'><div class='entry-content-wrapper clearfix'>\n\n<style type=\"text\/css\" data-created_by=\"avia_inline_auto\" id=\"style-css-av-luxo4ruq-cca3a93d52e3830db7f483fd7e69b8f6\">\n#top .av-special-heading.av-luxo4ruq-cca3a93d52e3830db7f483fd7e69b8f6{\npadding-bottom:10px;\nfont-size:52px;\n}\nbody .av-special-heading.av-luxo4ruq-cca3a93d52e3830db7f483fd7e69b8f6 .av-special-heading-tag .heading-char{\nfont-size:25px;\n}\n#top #wrap_all .av-special-heading.av-luxo4ruq-cca3a93d52e3830db7f483fd7e69b8f6 .av-special-heading-tag{\nfont-size:52px;\n}\n.av-special-heading.av-luxo4ruq-cca3a93d52e3830db7f483fd7e69b8f6 .av-subheading{\nfont-size:24px;\n}\n<\/style>\n<div  class='av-special-heading av-luxo4ruq-cca3a93d52e3830db7f483fd7e69b8f6 av-special-heading-h1 blockquote modern-quote modern-centered  avia-builder-el-3  el_after_av_section  el_before_av_one_fourth  avia-builder-el-first  av-inherit-size'><h1 class='av-special-heading-tag'  itemprop=\"headline\"  >P\u00e5 denne side pr\u00f8ver vi at fort\u00e6lle lidt om hvem der st\u00e5r bag alle de dejlig, Konge platte som H\u00e6nger i Sommerlyst.  <\/h1><div class='av-subheading av-subheading_below'><p>Tryk p\u00e5 navnet, og linket vil f\u00f8re dig ind p\u00e5 kunstnerens side<\/p>\n<\/div><div class=\"special-heading-border\"><div class=\"special-heading-inner-border\"><\/div><\/div><\/div>\n<div class='flex_column av-296vz-a786a6aced529631906e749297bfd979 av_one_fourth  avia-builder-el-4  el_after_av_heading  el_before_av_one_half  first flex_column_div '   ><\/div>\n<div class='flex_column av-1p0kr-d2394a9aa87569efa6bf6ed6becbe807 av_one_half  avia-builder-el-5  el_after_av_one_fourth  el_before_av_one_fourth  flex_column_div '   ><section  class='av_textblock_section av-lt612s3d-6586e2db45dca20196327c49af96707e'  itemscope=\"itemscope\" itemtype=\"https:\/\/schema.org\/CreativeWork\" ><div class='avia_textblock'  itemprop=\"text\" ><div class=\"csc-header csc-header-n1\" style=\"text-align: center;\">\n<table>\n<tbody>\n<tr>\n<td>\n<h3><a href=\"https:\/\/fugleskydning.dk\/?page_id=5493\"><strong>Susanne Thea<\/strong><\/a><\/h3>\n<\/td>\n<td>\n<h3>F\u00f8rste platte.<\/h3>\n<\/td>\n<td>\n<h3><strong>2014<\/strong><\/h3>\n<\/td>\n<td>\n<h3>til \u00e5r.<\/h3>\n<\/td>\n<td>\n<h3><strong>2019<\/strong><\/h3>\n<\/td>\n<\/tr>\n<tr>\n<td>\n<h3><a href=\"https:\/\/fugleskydning.dk\/?page_id=5505\"><strong>Git<\/strong><strong>te Nurup<\/strong><\/a><\/h3>\n<\/td>\n<td>\n<h3><strong>\u00a0<\/strong><\/h3>\n<\/td>\n<td>\n<h3><strong>2016<\/strong><\/h3>\n<\/td>\n<td><\/td>\n<td>\n<h3><strong>2023<\/strong><\/h3>\n<\/td>\n<\/tr>\n<tr>\n<td>\n<h3><a href=\"https:\/\/fugleskydning.dk\/?page_id=5541\"><strong>Peter Christensen<\/strong><\/a><\/h3>\n<\/td>\n<td>\n<h3><strong>\u00a0<\/strong><\/h3>\n<\/td>\n<td>\n<h3><strong>2015<\/strong><\/h3>\n<\/td>\n<td><\/td>\n<td>\n<h3><strong>\u00a0<\/strong><\/h3>\n<\/td>\n<\/tr>\n<tr>\n<td>\n<h3><a href=\"https:\/\/fugleskydning.dk\/?page_id=5533\"><strong>Knud Erik S\u00f8rensen<\/strong><\/a><\/h3>\n<\/td>\n<td>\n<h3><strong>\u00a0<\/strong><\/h3>\n<\/td>\n<td>\n<h3><strong>2012<\/strong><\/h3>\n<\/td>\n<td><\/td>\n<td>\n<h3><strong>2022<\/strong><\/h3>\n<\/td>\n<\/tr>\n<tr>\n<td>\n<h3><a href=\"https:\/\/fugleskydning.dk\/?page_id=5546\"><strong>Marie Olsen<\/strong><\/a><\/h3>\n<\/td>\n<td>\n<h3><strong>\u00a0<\/strong><\/h3>\n<\/td>\n<td>\n<h3><strong>2009<\/strong><\/h3>\n<\/td>\n<td><\/td>\n<td>\n<h3><strong>2011<\/strong><\/h3>\n<\/td>\n<\/tr>\n<tr>\n<td>\n<h3><a href=\"https:\/\/fugleskydning.dk\/?page_id=5519\"><strong>Jens Kants<\/strong><strong>\u00f8<\/strong><\/a><\/h3>\n<\/td>\n<td>\n<h3><strong>\u00a0<\/strong><\/h3>\n<\/td>\n<td>\n<h3><strong>2010<\/strong><\/h3>\n<\/td>\n<td><\/td>\n<td>\n<h3><strong>\u00a0<\/strong><\/h3>\n<\/td>\n<\/tr>\n<tr>\n<td>\n<h3><a href=\"https:\/\/fugleskydning.dk\/?page_id=5568\"><strong>Frits Gothardt Rasmussen og Bent Jacobsen<\/strong><\/a><\/h3>\n<\/td>\n<td>\n<h3><strong>\u00a0<\/strong><\/h3>\n<\/td>\n<td>\n<h3><strong>2008<\/strong><\/h3>\n<\/td>\n<td><\/td>\n<td>\n<h3><strong>\u00a0<\/strong><\/h3>\n<\/td>\n<\/tr>\n<tr>\n<td>\n<h3><a href=\"https:\/\/fugleskydning.dk\/?page_id=5594\"><strong>Ellen Friis<\/strong><\/a><\/h3>\n<\/td>\n<td><\/td>\n<td>\n<h3><strong>2006<\/strong><\/h3>\n<\/td>\n<td><\/td>\n<td>\n<h3>2007<\/h3>\n<\/td>\n<\/tr>\n<tr>\n<td>\n<h3><a href=\"https:\/\/fugleskydning.dk\/?page_id=5578\"><strong>Morgens Andersen<\/strong><\/a><\/h3>\n<\/td>\n<td>\n<h3><strong>\u00a0<\/strong><\/h3>\n<\/td>\n<td>\n<h3><strong>2003<\/strong><\/h3>\n<\/td>\n<td><\/td>\n<td>\n<h3><strong>\u00a0<\/strong><\/h3>\n<\/td>\n<\/tr>\n<tr>\n<td>\n<h3><a href=\"https:\/\/fugleskydning.dk\/?page_id=5605\"><strong>Erik Hansen<\/strong><\/a><\/h3>\n<\/td>\n<td>\n<h3><strong>\u00a0<\/strong><\/h3>\n<\/td>\n<td>\n<h3><strong>2002<\/strong><\/h3>\n<\/td>\n<td><\/td>\n<td>\n<h3><strong>\u00a0<\/strong><\/h3>\n<\/td>\n<\/tr>\n<tr>\n<td>\n<h3><a href=\"https:\/\/fugleskydning.dk\/?page_id=5613\"><strong>Inge Petersen<\/strong><\/a><\/h3>\n<\/td>\n<td>\n<h3><strong>\u00a0<\/strong><\/h3>\n<\/td>\n<td>\n<h3><strong>2000<\/strong><\/h3>\n<\/td>\n<td><\/td>\n<td>\n<h3><strong>2001<\/strong><\/h3>\n<\/td>\n<\/tr>\n<tr>\n<td>\n<h3><a href=\"https:\/\/fugleskydning.dk\/?page_id=5631\"><strong>Rigmor Christiansen<\/strong><\/a><\/h3>\n<\/td>\n<td>\n<h3><strong>\u00a0<\/strong><\/h3>\n<\/td>\n<td>\n<h3><strong>1999<\/strong><\/h3>\n<\/td>\n<td><\/td>\n<td>\n<h3><strong>\u00a0<\/strong><\/h3>\n<\/td>\n<\/tr>\n<tr>\n<td>\n<h3><a href=\"https:\/\/fugleskydning.dk\/?page_id=5651\"><strong>Maria Kir\u00e1lyfalvy<\/strong><\/a><\/h3>\n<\/td>\n<td>\n<h3><strong>\u00a0<\/strong><\/h3>\n<\/td>\n<td>\n<h3><strong>1997<\/strong><\/h3>\n<\/td>\n<td><\/td>\n<td>\n<h3><strong>1998<\/strong><\/h3>\n<\/td>\n<\/tr>\n<tr>\n<td>\n<h3><a href=\"https:\/\/fugleskydning.dk\/?page_id=5656\"><strong>Lone T\u00f6rnquist<\/strong><\/a><\/h3>\n<\/td>\n<td>\n<h3><strong>\u00a0<\/strong><\/h3>\n<\/td>\n<td>\n<h3><strong>1994<\/strong><\/h3>\n<\/td>\n<td><\/td>\n<td>\n<h3><strong>1996<\/strong><\/h3>\n<\/td>\n<\/tr>\n<tr>\n<td>\n<h3><a href=\"https:\/\/fugleskydning.dk\/?page_id=5684\"><strong>Alfred Jepsen<\/strong><\/a><\/h3>\n<\/td>\n<td>\n<h3><strong>\u00a0<\/strong><\/h3>\n<\/td>\n<td>\n<h3><strong>1992<\/strong><\/h3>\n<\/td>\n<td><\/td>\n<td>\n<h3><strong>\u00a0<\/strong><\/h3>\n<\/td>\n<\/tr>\n<tr>\n<td>\n<h3><a href=\"https:\/\/fugleskydning.dk\/?page_id=5671\"><strong>Erik Birkvig<\/strong><\/a><\/h3>\n<\/td>\n<td>\n<h3><strong>\u00a0<\/strong><\/h3>\n<\/td>\n<td>\n<h3><strong>1991<\/strong><\/h3>\n<\/td>\n<td><\/td>\n<td>\n<h3><strong>\u00a0<\/strong><\/h3>\n<\/td>\n<\/tr>\n<tr>\n<td>\n<h3><a href=\"https:\/\/fugleskydning.dk\/?page_id=5638\"><strong>Frederik Hilkj\u00e6r<\/strong><\/a><\/h3>\n<\/td>\n<td><\/td>\n<td>\n<h3><strong>1990<\/strong><\/h3>\n<\/td>\n<td><\/td>\n<td><\/td>\n<\/tr>\n<tr>\n<td>\n<h3><strong>Carl Garde<\/strong><\/h3>\n<\/td>\n<td>\n<h3><strong>\u00a0<\/strong><\/h3>\n<\/td>\n<td>\n<h3><strong>1960<\/strong><\/h3>\n<\/td>\n<td><\/td>\n<td>\n<h3><strong>1989<\/strong><\/h3>\n<\/td>\n<\/tr>\n<tr>\n<td>\n<h3><a href=\"https:\/\/fugleskydning.dk\/?page_id=6179\"><strong>Villy Skaarup<\/strong><\/a><\/h3>\n<\/td>\n<td>\n<h3><strong>\u00a0<\/strong><\/h3>\n<\/td>\n<td>\n<h3><strong>1979<\/strong><\/h3>\n<\/td>\n<td><\/td>\n<td>\n<h3><strong>1985<\/strong><\/h3>\n<\/td>\n<\/tr>\n<tr>\n<td>\n<h3><strong>Marius Christian Nielsen<\/strong><\/h3>\n<\/td>\n<td><\/td>\n<td>\n<h3><strong>1965<\/strong><\/h3>\n<\/td>\n<td><\/td>\n<td><\/td>\n<\/tr>\n<tr>\n<td>\n<h3><strong>Svend Aage Hansen<\/strong><\/h3>\n<\/td>\n<td>\n<h3><strong>\u00a0<\/strong><\/h3>\n<\/td>\n<td>\n<h3><strong>1953<\/strong><\/h3>\n<\/td>\n<td><\/td>\n<td>\n<h3><strong>1974<\/strong><\/h3>\n<\/td>\n<\/tr>\n<tr>\n<td>\n<h3><strong>G Rasm<\/strong><\/h3>\n<\/td>\n<td>\n<h3><strong>\u00a0<\/strong><\/h3>\n<\/td>\n<td>\n<h3><strong>1972<\/strong><\/h3>\n<\/td>\n<td><\/td>\n<td>\n<h3><strong>\u00a0<\/strong><\/h3>\n<\/td>\n<\/tr>\n<tr>\n<td>\n<h3><strong>Thomas. Adserballe<\/strong><\/h3>\n<\/td>\n<td>\n<h3><strong>\u00a0<\/strong><\/h3>\n<\/td>\n<td>\n<h3><strong>1948<\/strong><\/h3>\n<\/td>\n<td><\/td>\n<td>\n<h3><strong>1996<\/strong><\/h3>\n<\/td>\n<\/tr>\n<tr>\n<td>\n<h3><strong>Cigmund Knudsen<\/strong><\/h3>\n<\/td>\n<td><\/td>\n<td>\n<h3><strong>1966<\/strong><\/h3>\n<\/td>\n<td><\/td>\n<td><\/td>\n<\/tr>\n<tr>\n<td>\n<h3><strong>Hans Erik Staufeldt<\/strong><\/h3>\n<\/td>\n<td>\n<h3><strong>\u00a0<\/strong><\/h3>\n<\/td>\n<td>\n<h3><strong>1961<\/strong><\/h3>\n<\/td>\n<td><\/td>\n<td>\n<h3><strong>\u00a0<\/strong><\/h3>\n<\/td>\n<\/tr>\n<tr>\n<td>\n<h3><strong>Keld Snedker<\/strong><\/h3>\n<\/td>\n<td>\n<h3><strong>\u00a0<\/strong><\/h3>\n<\/td>\n<td>\n<h3><strong>1956<\/strong><\/h3>\n<\/td>\n<td><\/td>\n<td>\n<h3><strong>\u00a0<\/strong><\/h3>\n<\/td>\n<\/tr>\n<tr>\n<td>\n<h3><strong>Viggo Hansen<\/strong><\/h3>\n<\/td>\n<td><\/td>\n<td>\n<h3><strong>1946<\/strong><\/h3>\n<\/td>\n<td><\/td>\n<td>\n<h3><strong>\u00a01948<\/strong><\/h3>\n<\/td>\n<\/tr>\n<tr>\n<td>\n<h3><strong>Eigil Aagaard<\/strong><\/h3>\n<\/td>\n<td>\n<h3><strong>\u00a0<\/strong><\/h3>\n<\/td>\n<td>\n<h3><strong>1908<\/strong><\/h3>\n<\/td>\n<td><\/td>\n<td>\n<h3><strong>1962<\/strong><\/h3>\n<\/td>\n<\/tr>\n<tr>\n<td>\n<h3><strong>Jens Br\u00f8ndum M\u00f8ller<\/strong><\/h3>\n<\/td>\n<td>\n<h3><strong>\u00a0<\/strong><\/h3>\n<\/td>\n<td>\n<h3><strong>1895<\/strong><\/h3>\n<\/td>\n<td><\/td>\n<td>\n<h3><strong>1907<\/strong><\/h3>\n<\/td>\n<\/tr>\n<tr>\n<td>\n<h3><strong>Malermester Carl Frederik Wildner<\/strong><\/h3>\n<\/td>\n<td><\/td>\n<td>\n<h3><strong>1863<\/strong><\/h3>\n<\/td>\n<td><\/td>\n<td><\/td>\n<\/tr>\n<\/tbody>\n<\/table>\n<\/div>\n<\/div><\/section><\/div><div class='flex_column av-ykhr-0efd3f5bf9e2cdae8dd89351b6102479 av_one_fourth  avia-builder-el-7  el_after_av_one_half  el_before_av_section  avia-builder-el-last  flex_column_div '   ><\/div><\/p>\n<\/div><\/div><\/div><!-- close content main div --><\/div><\/div><div id='av_section_2'  class='avia-section av-1e7dn-0e84e923a4dd1a3ab9dae9670573282a main_color avia-section-default avia-no-border-styling  avia-builder-el-8  el_after_av_one_fourth  avia-builder-el-last  avia-bg-style-scroll container_wrap sidebar_right'  ><div class='container av-section-cont-open' ><div class='template-page content  av-content-small alpha units'><div class='post-entry post-entry-type-page post-entry-63'><div class='entry-content-wrapper clearfix'>\n\n<style type=\"text\/css\" data-created_by=\"avia_inline_auto\" id=\"style-css-av-2zx3-9ead44dbd4a38ee27bfa6cd3b5683796\">\n#top .hr.av-2zx3-9ead44dbd4a38ee27bfa6cd3b5683796{\nmargin-top:30px;\nmargin-bottom:30px;\n}\n.hr.av-2zx3-9ead44dbd4a38ee27bfa6cd3b5683796 .hr-inner{\nwidth:50px;\nmax-width:45%;\n}\n<\/style>\n<div  class='hr av-2zx3-9ead44dbd4a38ee27bfa6cd3b5683796 hr-custom  avia-builder-el-9  avia-builder-el-no-sibling  hr-center hr-icon-yes'><span class='hr-inner inner-border-av-border-thin'><span class=\"hr-inner-style\"><\/span><\/span><span class='av-seperator-icon' aria-hidden='true' data-av_icon='\ue844' data-av_iconfont='fontello'><\/span><span class='hr-inner inner-border-av-border-thin'><span class=\"hr-inner-style\"><\/span><\/span><\/div>\n<\/div><\/div><\/div><!-- close content main div --><\/div><\/div><div id='after_section_2'  class='main_color av_default_container_wrap container_wrap sidebar_right'  ><div class='container av-section-cont-open' ><div class='template-page content  av-content-small alpha units'><div class='post-entry post-entry-type-page post-entry-63'><div class='entry-content-wrapper clearfix'>\n","protected":false},"excerpt":{"rendered":"","protected":false},"author":2,"featured_media":0,"parent":0,"menu_order":12,"comment_status":"closed","ping_status":"closed","template":"","meta":{"om_disable_all_campaigns":false,"footnotes":""},"folder":[],"class_list":["post-63","page","type-page","status-publish","hentry"],"_links":{"self":[{"href":"https:\/\/fugleskydning.dk\/index.php?rest_route=\/wp\/v2\/pages\/63","targetHints":{"allow":["GET"]}}],"collection":[{"href":"https:\/\/fugleskydning.dk\/index.php?rest_route=\/wp\/v2\/pages"}],"about":[{"href":"https:\/\/fugleskydning.dk\/index.php?rest_route=\/wp\/v2\/types\/page"}],"author":[{"embeddable":true,"href":"https:\/\/fugleskydning.dk\/index.php?rest_route=\/wp\/v2\/users\/2"}],"replies":[{"embeddable":true,"href":"https:\/\/fugleskydning.dk\/index.php?rest_route=%2Fwp%2Fv2%2Fcomments&post=63"}],"version-history":[{"count":0,"href":"https:\/\/fugleskydning.dk\/index.php?rest_route=\/wp\/v2\/pages\/63\/revisions"}],"wp:attachment":[{"href":"https:\/\/fugleskydning.dk\/index.php?rest_route=%2Fwp%2Fv2%2Fmedia&parent=63"}],"wp:term":[{"taxonomy":"folder","embeddable":true,"href":"https:\/\/fugleskydning.dk\/index.php?rest_route=%2Fwp%2Fv2%2Ffolder&post=63"}],"curies":[{"name":"wp","href":"https:\/\/api.w.org\/{rel}","templated":true}]}}