{"id":5684,"date":"2024-05-09T09:14:27","date_gmt":"2024-05-09T07:14:27","guid":{"rendered":"https:\/\/fugleskydning.dk\/?page_id=5684"},"modified":"2024-05-09T09:14:29","modified_gmt":"2024-05-09T07:14:29","slug":"alfred-jepsen-3","status":"publish","type":"page","link":"https:\/\/fugleskydning.dk\/?page_id=5684","title":{"rendered":"Alfred Jepsen"},"content":{"rendered":"<div id='av_section_1'  class='avia-section av-av_section-2dcb3d115e2e5af9a73072e0505910f8 main_color avia-section-default avia-no-border-styling  avia-builder-el-0  el_before_av_one_fourth  avia-builder-el-first  avia-bg-style-scroll container_wrap sidebar_right'  ><div class='container av-section-cont-open' ><main  role=\"main\" itemprop=\"mainContentOfPage\"  class='template-page content  av-content-small alpha units'><div class='post-entry post-entry-type-page post-entry-5684'><div class='entry-content-wrapper clearfix'>\n\n<style type=\"text\/css\" data-created_by=\"avia_inline_auto\" id=\"style-css-av-lvywtt1l-451da6af413d2dd449e17545af2b16fd\">\n#top .av-special-heading.av-lvywtt1l-451da6af413d2dd449e17545af2b16fd{\npadding-bottom:10px;\nfont-size:52px;\n}\nbody .av-special-heading.av-lvywtt1l-451da6af413d2dd449e17545af2b16fd .av-special-heading-tag .heading-char{\nfont-size:25px;\n}\n#top #wrap_all .av-special-heading.av-lvywtt1l-451da6af413d2dd449e17545af2b16fd .av-special-heading-tag{\nfont-size:52px;\n}\n.av-special-heading.av-lvywtt1l-451da6af413d2dd449e17545af2b16fd .av-subheading{\nfont-size:24px;\n}\n<\/style>\n<div  class='av-special-heading av-lvywtt1l-451da6af413d2dd449e17545af2b16fd av-special-heading-h2 blockquote modern-quote modern-centered  avia-builder-el-1  el_before_av_hr  avia-builder-el-first  av-inherit-size'><h2 class='av-special-heading-tag'  itemprop=\"headline\"  >Alfred Jepsen<\/h2><div class='av-subheading av-subheading_below'><p>Har malet 1 konge platte 1992<\/p>\n<\/div><div class=\"special-heading-border\"><div class=\"special-heading-inner-border\"><\/div><\/div><\/div>\n\n<style type=\"text\/css\" data-created_by=\"avia_inline_auto\" id=\"style-css-av-av_hr-59222a0ed51c265e786bb9c2540ae642\">\n#top .hr.av-av_hr-59222a0ed51c265e786bb9c2540ae642{\nmargin-top:30px;\nmargin-bottom:30px;\n}\n.hr.av-av_hr-59222a0ed51c265e786bb9c2540ae642 .hr-inner{\nwidth:50px;\nmax-width:45%;\n}\n<\/style>\n<div  class='hr av-av_hr-59222a0ed51c265e786bb9c2540ae642 hr-custom  avia-builder-el-2  el_after_av_heading  avia-builder-el-last  hr-center hr-icon-yes'><span class='hr-inner inner-border-av-border-thin'><span class=\"hr-inner-style\"><\/span><\/span><span class='av-seperator-icon' aria-hidden='true' data-av_icon='\ue844' data-av_iconfont='fontello'><\/span><span class='hr-inner inner-border-av-border-thin'><span class=\"hr-inner-style\"><\/span><\/span><\/div>\n<\/div><\/div><\/main><!-- close content main element --><\/div><\/div><div id='after_section_1'  class='main_color av_default_container_wrap container_wrap sidebar_right'  ><div class='container av-section-cont-open' ><div class='template-page content  av-content-small alpha units'><div class='post-entry post-entry-type-page post-entry-5684'><div class='entry-content-wrapper clearfix'><div class='flex_column av-av_one_fourth-a93934ecd89fbb8a9566d39e89cd3725 av_one_fourth  avia-builder-el-3  el_after_av_section  el_before_av_one_half  avia-builder-el-first  first flex_column_div '   ><\/div><\/p>\n<div class='flex_column av-av_one_half-d06667205e6186ec8414c6eb7605d406 av_one_half  avia-builder-el-4  el_after_av_one_fourth  el_before_av_one_fourth  flex_column_div '   ><section  class='av_textblock_section av-lvywxis2-9032823e1fb3c439fa59b77a826dce21'  itemscope=\"itemscope\" itemtype=\"https:\/\/schema.org\/CreativeWork\" ><div class='avia_textblock'  itemprop=\"text\" ><p style=\"text-align: center;\">Alfred Jepsen, som var kongens bror.<\/p>\n<p style=\"text-align: center;\">Motiv p\u00e5 platten er : Firmaet p\u00e5 T\u00e5rnborgvej 46, hvor han ogs\u00e5 selv bor.<br \/>\nBilledet er omkranset af bl.a. El-installat\u00f8rernes logo.<\/p>\n<p><img loading=\"lazy\" decoding=\"async\" class=\"aligncenter wp-image-364 size-full\" src=\"https:\/\/fugleskydning.dk\/wp-content\/uploads\/2022\/06\/49095dc1ff.gif\" alt=\"\" width=\"500\" height=\"502\" \/><\/p>\n<\/div><\/section><\/div><div class='flex_column av-av_one_fourth-d06667205e6186ec8414c6eb7605d406 av_one_fourth  avia-builder-el-6  el_after_av_one_half  avia-builder-el-last  flex_column_div '   ><\/div><\/p>\n","protected":false},"excerpt":{"rendered":"","protected":false},"author":2,"featured_media":0,"parent":0,"menu_order":0,"comment_status":"closed","ping_status":"closed","template":"","meta":{"om_disable_all_campaigns":false,"footnotes":""},"folder":[],"class_list":["post-5684","page","type-page","status-publish","hentry"],"_links":{"self":[{"href":"https:\/\/fugleskydning.dk\/index.php?rest_route=\/wp\/v2\/pages\/5684","targetHints":{"allow":["GET"]}}],"collection":[{"href":"https:\/\/fugleskydning.dk\/index.php?rest_route=\/wp\/v2\/pages"}],"about":[{"href":"https:\/\/fugleskydning.dk\/index.php?rest_route=\/wp\/v2\/types\/page"}],"author":[{"embeddable":true,"href":"https:\/\/fugleskydning.dk\/index.php?rest_route=\/wp\/v2\/users\/2"}],"replies":[{"embeddable":true,"href":"https:\/\/fugleskydning.dk\/index.php?rest_route=%2Fwp%2Fv2%2Fcomments&post=5684"}],"version-history":[{"count":0,"href":"https:\/\/fugleskydning.dk\/index.php?rest_route=\/wp\/v2\/pages\/5684\/revisions"}],"wp:attachment":[{"href":"https:\/\/fugleskydning.dk\/index.php?rest_route=%2Fwp%2Fv2%2Fmedia&parent=5684"}],"wp:term":[{"taxonomy":"folder","embeddable":true,"href":"https:\/\/fugleskydning.dk\/index.php?rest_route=%2Fwp%2Fv2%2Ffolder&post=5684"}],"curies":[{"name":"wp","href":"https:\/\/api.w.org\/{rel}","templated":true}]}}