{"id":5651,"date":"2024-04-23T17:36:10","date_gmt":"2024-04-23T15:36:10","guid":{"rendered":"https:\/\/fugleskydning.dk\/?page_id=5651"},"modified":"2025-06-15T09:30:16","modified_gmt":"2025-06-15T07:30:16","slug":"maria-kiralyalvy","status":"publish","type":"page","link":"https:\/\/fugleskydning.dk\/?page_id=5651","title":{"rendered":"Maria Kiralyalvy"},"content":{"rendered":"<div id='av_section_1'  class='avia-section av-kbk2hv-c86cbc75317e62b1be110453cc736414 main_color avia-section-default avia-no-border-styling  avia-builder-el-0  el_before_av_one_fourth  avia-builder-el-first  avia-bg-style-scroll container_wrap sidebar_right'  ><div class='container av-section-cont-open' ><main  role=\"main\" itemprop=\"mainContentOfPage\"  class='template-page content  av-content-small alpha units'><div class='post-entry post-entry-type-page post-entry-5651'><div class='entry-content-wrapper clearfix'>\n\n<style type=\"text\/css\" data-created_by=\"avia_inline_auto\" id=\"style-css-av-lvcjv4vb-2a1af0ac6e338821ee984f56b18e2885\">\n#top .av-special-heading.av-lvcjv4vb-2a1af0ac6e338821ee984f56b18e2885{\npadding-bottom:10px;\nfont-size:52px;\n}\nbody .av-special-heading.av-lvcjv4vb-2a1af0ac6e338821ee984f56b18e2885 .av-special-heading-tag .heading-char{\nfont-size:25px;\n}\n#top #wrap_all .av-special-heading.av-lvcjv4vb-2a1af0ac6e338821ee984f56b18e2885 .av-special-heading-tag{\nfont-size:52px;\n}\n.av-special-heading.av-lvcjv4vb-2a1af0ac6e338821ee984f56b18e2885 .av-subheading{\nfont-size:24px;\n}\n<\/style>\n<div  class='av-special-heading av-lvcjv4vb-2a1af0ac6e338821ee984f56b18e2885 av-special-heading-h2 blockquote modern-quote modern-centered  avia-builder-el-1  el_before_av_hr  avia-builder-el-first  av-inherit-size'><h2 class='av-special-heading-tag'  itemprop=\"headline\"  >Maria Kiralyalvy<\/h2><div class='av-subheading av-subheading_below'><p>Har malet 2 konge platter 1997 og 1998..<\/p>\n<\/div><div class=\"special-heading-border\"><div class=\"special-heading-inner-border\"><\/div><\/div><\/div>\n\n<style type=\"text\/css\" data-created_by=\"avia_inline_auto\" id=\"style-css-av-jklznn-cc39c8352c7e301d28f03a1d4cd24364\">\n#top .hr.av-jklznn-cc39c8352c7e301d28f03a1d4cd24364{\nmargin-top:30px;\nmargin-bottom:30px;\n}\n.hr.av-jklznn-cc39c8352c7e301d28f03a1d4cd24364 .hr-inner{\nwidth:50px;\nmax-width:45%;\n}\n<\/style>\n<div  class='hr av-jklznn-cc39c8352c7e301d28f03a1d4cd24364 hr-custom  avia-builder-el-2  el_after_av_heading  avia-builder-el-last  hr-center hr-icon-yes'><span class='hr-inner inner-border-av-border-thin'><span class=\"hr-inner-style\"><\/span><\/span><span class='av-seperator-icon' aria-hidden='true' data-av_icon='\ue844' data-av_iconfont='fontello'><\/span><span class='hr-inner inner-border-av-border-thin'><span class=\"hr-inner-style\"><\/span><\/span><\/div>\n<\/div><\/div><\/main><!-- close content main element --><\/div><\/div><div id='after_section_1'  class='main_color av_default_container_wrap container_wrap sidebar_right'  ><div class='container av-section-cont-open' ><div class='template-page content  av-content-small alpha units'><div class='post-entry post-entry-type-page post-entry-5651'><div class='entry-content-wrapper clearfix'>\n<div class='flex_column av-h7h05f-b03d9a50e8b6995300ca808dfe5946f8 av_one_fourth  avia-builder-el-3  el_after_av_section  el_before_av_one_half  avia-builder-el-first  first flex_column_div '   ><\/div>\n<div class='flex_column av-1lbirn-46f81914ce28ac4e0a905866179eff35 av_one_half  avia-builder-el-4  el_after_av_one_fourth  el_before_av_one_fourth  flex_column_div '   ><section  class='av_textblock_section av-lvck3qx3-dec37797b4c2113213cf89f684b53ad6'  itemscope=\"itemscope\" itemtype=\"https:\/\/schema.org\/CreativeWork\" ><div class='avia_textblock'  itemprop=\"text\" ><p><img loading=\"lazy\" decoding=\"async\" class=\"aligncenter wp-image-5654 size-medium\" src=\"https:\/\/fugleskydning.dk\/wp-content\/uploads\/2024\/04\/Maria-Kiralyfalvy-163x300.jpg\" alt=\"\" width=\"163\" height=\"300\" srcset=\"https:\/\/fugleskydning.dk\/wp-content\/uploads\/2024\/04\/Maria-Kiralyfalvy-163x300.jpg 163w, https:\/\/fugleskydning.dk\/wp-content\/uploads\/2024\/04\/Maria-Kiralyfalvy-560x1030.jpg 560w, https:\/\/fugleskydning.dk\/wp-content\/uploads\/2024\/04\/Maria-Kiralyfalvy-768x1411.jpg 768w, https:\/\/fugleskydning.dk\/wp-content\/uploads\/2024\/04\/Maria-Kiralyfalvy-816x1500.jpg 816w, https:\/\/fugleskydning.dk\/wp-content\/uploads\/2024\/04\/Maria-Kiralyfalvy-384x705.jpg 384w, https:\/\/fugleskydning.dk\/wp-content\/uploads\/2024\/04\/Maria-Kiralyfalvy.jpg 826w\" sizes=\"auto, (max-width: 163px) 100vw, 163px\" \/><\/p>\n<p>Billedkunstneren Maria Kir\u00e1lyfalvy kom efter opstanden i Ungarn i 1956 sammen med sin mand Lorant til Kors\u00f8r, hvor han blev ansat som Falck-redder. mens hun, der oprindelig var uddannet p\u00e5 Kunstakademiet i Budapest, fortsatte som ud\u00f8vende billedkunster indtil sin d\u00f8d den 22. februar 2005.<\/p>\n<p>Hun var gennem \u00e5rene i Kors\u00f8r medlem af flere kunstnergrupper og underviste i oliemaling og tegning s\u00e5vel privat som p\u00e5 aftenskoler.<\/p>\n<p>Maria Kir\u00e1lyfalvy var meget vellidt b\u00e5de som menneske og som kunstner.<\/p>\n<h2 style=\"text-align: center;\">Maria Kir\u00e1lyfalvy har malet 2 Konge platter.<\/h2>\n<h3 style=\"text-align: center;\"><a href=\"https:\/\/fugleskydning.dk\/?portfolio=1997-koekken-fabrikant-chr-christensen\">K\u00f8kken fabrikant Chr. Christensen Fuglekongen 1997 \u2013 \u00c6resmedlem 1999.<\/a><\/h3>\n<p><img loading=\"lazy\" decoding=\"async\" class=\"aligncenter wp-image-356 size-full\" src=\"https:\/\/fugleskydning.dk\/wp-content\/uploads\/2022\/06\/f435cc902e.gif\" alt=\"\" width=\"555\" height=\"553\" \/><\/p>\n<h3 style=\"text-align: center;\"><a href=\"https:\/\/fugleskydning.dk\/?portfolio=1998-byraadsmedlem-kurt-rehder\">Byr\u00e5dsmedlem Kurt Rehder Fuglekongen 1998<\/a><\/h3>\n<p><img loading=\"lazy\" decoding=\"async\" class=\"aligncenter wp-image-354 size-full\" src=\"https:\/\/fugleskydning.dk\/wp-content\/uploads\/2022\/06\/fef6780ac4.gif\" alt=\"\" width=\"500\" height=\"500\" \/><\/p>\n<p>Oplagt af Henrik Bach 2024<\/p>\n<p><img loading=\"lazy\" decoding=\"async\" class=\"alignnone size-medium wp-image-287\" src=\"https:\/\/fugleskydning.dk\/wp-content\/uploads\/2022\/06\/Logo_KFF__2022-300x150.png\" alt=\"\" width=\"300\" height=\"150\" srcset=\"https:\/\/fugleskydning.dk\/wp-content\/uploads\/2022\/06\/Logo_KFF__2022-300x150.png 300w, https:\/\/fugleskydning.dk\/wp-content\/uploads\/2022\/06\/Logo_KFF__2022.png 393w\" sizes=\"auto, (max-width: 300px) 100vw, 300px\" \/><\/p>\n<\/div><\/section><\/div>\n<div class='flex_column av-dwz3mb-57b21db5ac6fbc9f74f124336fb70369 av_one_fourth  avia-builder-el-6  el_after_av_one_half  avia-builder-el-last  flex_column_div '   ><\/div>\n","protected":false},"excerpt":{"rendered":"","protected":false},"author":2,"featured_media":0,"parent":0,"menu_order":0,"comment_status":"closed","ping_status":"closed","template":"","meta":{"om_disable_all_campaigns":false,"footnotes":""},"folder":[],"class_list":["post-5651","page","type-page","status-publish","hentry"],"_links":{"self":[{"href":"https:\/\/fugleskydning.dk\/index.php?rest_route=\/wp\/v2\/pages\/5651","targetHints":{"allow":["GET"]}}],"collection":[{"href":"https:\/\/fugleskydning.dk\/index.php?rest_route=\/wp\/v2\/pages"}],"about":[{"href":"https:\/\/fugleskydning.dk\/index.php?rest_route=\/wp\/v2\/types\/page"}],"author":[{"embeddable":true,"href":"https:\/\/fugleskydning.dk\/index.php?rest_route=\/wp\/v2\/users\/2"}],"replies":[{"embeddable":true,"href":"https:\/\/fugleskydning.dk\/index.php?rest_route=%2Fwp%2Fv2%2Fcomments&post=5651"}],"version-history":[{"count":0,"href":"https:\/\/fugleskydning.dk\/index.php?rest_route=\/wp\/v2\/pages\/5651\/revisions"}],"wp:attachment":[{"href":"https:\/\/fugleskydning.dk\/index.php?rest_route=%2Fwp%2Fv2%2Fmedia&parent=5651"}],"wp:term":[{"taxonomy":"folder","embeddable":true,"href":"https:\/\/fugleskydning.dk\/index.php?rest_route=%2Fwp%2Fv2%2Ffolder&post=5651"}],"curies":[{"name":"wp","href":"https:\/\/api.w.org\/{rel}","templated":true}]}}