{"id":5613,"date":"2024-04-18T20:49:32","date_gmt":"2024-04-18T18:49:32","guid":{"rendered":"https:\/\/fugleskydning.dk\/?page_id=5613"},"modified":"2024-04-19T13:47:00","modified_gmt":"2024-04-19T11:47:00","slug":"inge-petersen","status":"publish","type":"page","link":"https:\/\/fugleskydning.dk\/?page_id=5613","title":{"rendered":"Inge Petersen"},"content":{"rendered":"<div id='av_section_1'  class='avia-section av-v2qe5-66bb30beeab3eff0e8bf0bdfcb9503fa main_color avia-section-default avia-no-border-styling  avia-builder-el-0  el_before_av_one_fourth  avia-builder-el-first  avia-bg-style-scroll container_wrap sidebar_right'  ><div class='container av-section-cont-open' ><main  role=\"main\" itemprop=\"mainContentOfPage\"  class='template-page content  av-content-small alpha units'><div class='post-entry post-entry-type-page post-entry-5613'><div class='entry-content-wrapper clearfix'>\n\n<style type=\"text\/css\" data-created_by=\"avia_inline_auto\" id=\"style-css-av-lv5lm5m7-bf4913b22878968e24d3f57fd94e8390\">\n#top .av-special-heading.av-lv5lm5m7-bf4913b22878968e24d3f57fd94e8390{\npadding-bottom:10px;\nfont-size:52px;\n}\nbody .av-special-heading.av-lv5lm5m7-bf4913b22878968e24d3f57fd94e8390 .av-special-heading-tag .heading-char{\nfont-size:25px;\n}\n#top #wrap_all .av-special-heading.av-lv5lm5m7-bf4913b22878968e24d3f57fd94e8390 .av-special-heading-tag{\nfont-size:52px;\n}\n.av-special-heading.av-lv5lm5m7-bf4913b22878968e24d3f57fd94e8390 .av-subheading{\nfont-size:24px;\n}\n<\/style>\n<div  class='av-special-heading av-lv5lm5m7-bf4913b22878968e24d3f57fd94e8390 av-special-heading-h2 blockquote modern-quote modern-centered  avia-builder-el-1  el_before_av_hr  avia-builder-el-first  av-inherit-size'><h2 class='av-special-heading-tag'  itemprop=\"headline\"  >Inge Petersen <\/h2><div class='av-subheading av-subheading_below'><p>Har malet 2 eller 3 konge platter 2000 og 2001.<\/p>\n<\/div><div class=\"special-heading-border\"><div class=\"special-heading-inner-border\"><\/div><\/div><\/div>\n\n<style type=\"text\/css\" data-created_by=\"avia_inline_auto\" id=\"style-css-av-76fqvx-407174f5e78b57497fa457f78e8f6927\">\n#top .hr.av-76fqvx-407174f5e78b57497fa457f78e8f6927{\nmargin-top:30px;\nmargin-bottom:30px;\n}\n.hr.av-76fqvx-407174f5e78b57497fa457f78e8f6927 .hr-inner{\nwidth:50px;\nmax-width:45%;\n}\n<\/style>\n<div  class='hr av-76fqvx-407174f5e78b57497fa457f78e8f6927 hr-custom  avia-builder-el-2  el_after_av_heading  avia-builder-el-last  hr-center hr-icon-yes'><span class='hr-inner inner-border-av-border-thin'><span class=\"hr-inner-style\"><\/span><\/span><span class='av-seperator-icon' aria-hidden='true' data-av_icon='\ue844' data-av_iconfont='fontello'><\/span><span class='hr-inner inner-border-av-border-thin'><span class=\"hr-inner-style\"><\/span><\/span><\/div>\n<\/div><\/div><\/main><!-- close content main element --><\/div><\/div><div id='after_section_1'  class='main_color av_default_container_wrap container_wrap sidebar_right'  ><div class='container av-section-cont-open' ><div class='template-page content  av-content-small alpha units'><div class='post-entry post-entry-type-page post-entry-5613'><div class='entry-content-wrapper clearfix'>\n<div class='flex_column av-5tsmrh-eb5ae1a3e8ac811792e401e3fa3ff13f av_one_fourth  avia-builder-el-3  el_after_av_section  el_before_av_one_half  avia-builder-el-first  first flex_column_div '   ><\/div>\n<div class='flex_column av-41mbgt-607f2326eb9cf078afa5f87f1fd721bd av_one_half  avia-builder-el-4  el_after_av_one_fourth  el_before_av_one_fourth  flex_column_div '   ><section  class='av_textblock_section av-lv5m66pp-88294a3792ef37ffcac51e31c43d8a6c'  itemscope=\"itemscope\" itemtype=\"https:\/\/schema.org\/CreativeWork\" ><div class='avia_textblock'  itemprop=\"text\" ><p><img loading=\"lazy\" decoding=\"async\" class=\"aligncenter wp-image-5616 size-large\" src=\"https:\/\/fugleskydning.dk\/wp-content\/uploads\/2024\/04\/img055-1030x799.jpg\" alt=\"\" width=\"1030\" height=\"799\" srcset=\"https:\/\/fugleskydning.dk\/wp-content\/uploads\/2024\/04\/img055-1030x799.jpg 1030w, https:\/\/fugleskydning.dk\/wp-content\/uploads\/2024\/04\/img055-300x233.jpg 300w, https:\/\/fugleskydning.dk\/wp-content\/uploads\/2024\/04\/img055-768x596.jpg 768w, https:\/\/fugleskydning.dk\/wp-content\/uploads\/2024\/04\/img055-705x547.jpg 705w, https:\/\/fugleskydning.dk\/wp-content\/uploads\/2024\/04\/img055.jpg 1206w\" sizes=\"auto, (max-width: 1030px) 100vw, 1030px\" \/><\/p>\n<p>Inge Petersen er f\u00f8dt i 1942 i K\u00f8benhavn, men hun flytter til Kors\u00f8r i 1950, da faderen f\u00e5r arbejde hos Nielsen og Petersen, et maskinv\u00e6rksted, som l\u00e5 i K\u00f8bmand Frederik Hansens g\u00e5rd, Algade 48.<br \/>\nInge kommer i l\u00e6re som fris\u00f8r i 1959 og forts\u00e6tter et par \u00e5r, men hun m\u00e5 opgive, da hun ikke kan t\u00e5le de v\u00e6sker, der bruges.<br \/>\nHun bliver 30\/9 1961 gift med John D. Petersen, f\u00f8dt 10\/9 1939, der d\u00f8r i 2014.<br \/>\nSammen f\u00e5r de tre drenge, Henrik i 1962, Theil i 1964 og Jesper i 1967.<br \/>\nInge bliver sundhedshj\u00e6lper p\u00e5 Slagelse Sygehus i 1972<br \/>\nDa Scanglas lukke ned i 1982, v\u00e6lger John, som er formand for Kors\u00f8r Boldklub, at springe ud som restaurat\u00f8r ved at forpagte det nye vandrerhjem Svaneg\u00e5rden samt KBs klubhus ved siden af.<br \/>\nInge siger jobbet op og rykker med sammen med s\u00f8nnen Henrik, som er bankuddannet med job i K\u00f8benhavn.<br \/>\nDet bliver til fem gode \u00e5r, hvorefter Henrik og Theil \u00e5bner Bagerg\u00e5rden, mens Inger igen bliver sundhedshj\u00e6lper, denne gang p\u00e5 Kors\u00f8r Plejehjem<br \/>\nInge begynder at male i 1968, og i 1981 er hun med til at stifte \u201dKunstergruppen Storeb\u00e6lt\u201d sammen med bl.a. Maria Kiralyalvy. Inge er aktiv der i mere ind 15 \u00e5r.<br \/>\nHun har udstillet p\u00e5 N\u00e6stved Sygehus, Dansk Olie og Naturgas i Sor\u00f8, Fyrkoen Gilleleje, Restaurant Rudolf Maties Kerteminde, Vestsj\u00e6llands Amtsg\u00e5rd og p\u00e5 Bagerg\u00e5rden.<\/p>\n<h2 style=\"text-align: center;\"><a href=\"https:\/\/fugleskydning.dk\/?portfolio=advokat-kim-hansen-2000\">Advokat Kim Hansen Fuglekonge 2000<\/a><\/h2>\n<p><img loading=\"lazy\" decoding=\"async\" class=\"aligncenter wp-image-344 size-full\" src=\"https:\/\/fugleskydning.dk\/wp-content\/uploads\/2022\/06\/acd758d5e0.gif\" alt=\"\" width=\"500\" height=\"492\" \/><\/p>\n<h2 style=\"text-align: center;\"><a href=\"https:\/\/fugleskydning.dk\/?portfolio=fabrikant-henrik-svendsen\">Fabrikant Henrik Norba Svendsen Fuglekonge 2001<\/a><\/h2>\n<p><img loading=\"lazy\" decoding=\"async\" class=\"aligncenter wp-image-342 size-full\" src=\"https:\/\/fugleskydning.dk\/wp-content\/uploads\/2022\/06\/cf5f136c1e.gif\" alt=\"\" width=\"500\" height=\"496\" \/><\/p>\n<h2 style=\"text-align: center;\"><strong>Det kan man sgu da ikke.<\/strong><\/h2>\n<div id=\"attachment_444\" style=\"width: 1040px\" class=\"wp-caption alignnone\"><img loading=\"lazy\" decoding=\"async\" aria-describedby=\"caption-attachment-444\" class=\"wp-image-444 size-large\" src=\"https:\/\/fugleskydning.dk\/wp-content\/uploads\/2022\/10\/4-1030x1030.jpg\" alt=\"\" width=\"1030\" height=\"1030\" srcset=\"https:\/\/fugleskydning.dk\/wp-content\/uploads\/2022\/10\/4-1030x1030.jpg 1030w, https:\/\/fugleskydning.dk\/wp-content\/uploads\/2022\/10\/4-300x300.jpg 300w, https:\/\/fugleskydning.dk\/wp-content\/uploads\/2022\/10\/4-80x80.jpg 80w, https:\/\/fugleskydning.dk\/wp-content\/uploads\/2022\/10\/4-768x768.jpg 768w, https:\/\/fugleskydning.dk\/wp-content\/uploads\/2022\/10\/4-1536x1536.jpg 1536w, https:\/\/fugleskydning.dk\/wp-content\/uploads\/2022\/10\/4-2048x2048.jpg 2048w, https:\/\/fugleskydning.dk\/wp-content\/uploads\/2022\/10\/4-36x36.jpg 36w, https:\/\/fugleskydning.dk\/wp-content\/uploads\/2022\/10\/4-180x180.jpg 180w, https:\/\/fugleskydning.dk\/wp-content\/uploads\/2022\/10\/4-1500x1500.jpg 1500w, https:\/\/fugleskydning.dk\/wp-content\/uploads\/2022\/10\/4-705x705.jpg 705w\" sizes=\"auto, (max-width: 1030px) 100vw, 1030px\" \/><p id=\"caption-attachment-444\" class=\"wp-caption-text\">Der er ikke mange konger, som har to platter, Henrik Norba Svendsen er dog \u00e9n af dem. Begge Platter er malet af Inge Pedersen foto Henrik Bach.<\/p><\/div>\n<p>Der var tavshed i salen, da det r\u00f8de kl\u00e6de bliv fjernet fra Fabrikant Henrik Norba Svendsen fugleskydningsplatte.<br \/>\nI april 2001 udbr\u00f8d der brand i Svendsens Glasfiberfabrik p\u00e5 M\u00f8llevangen 42 i Kors\u00f8r.<br \/>\nFabrikken br\u00e6ndte ned til grunden, intet stod til at redde, et h\u00e5rdt slag for den kommende fuglekonge Henrik Norba Svendsen.<br \/>\nMen via en god advokat og et godt forsikringsselskab samt en masse g\u00e5 p\u00e5 mod, fik Henrik i l\u00f8bet af kort tid opf\u00f8rt en ny fabrik. Samme \u00e5r blev Henrik fuglekonge ved Niels Windeleff\u2019s skud.<br \/>\nVed fugleskydningsfrokosten \u00e5ret efter skulle Henrik afsl\u00f8re sin platte. Platten var blevet pr\u00e6senteret for ministeriet ved myggefesten tre dage f\u00f8r fugleskydningen \u2013 en flot farverig platte, der illustrerede majest\u00e6tens sejlsports interesse.<br \/>\nHenrik Norba Svendsen beretter:<br \/>\nVed myggefesten gik snakken om \u00e5ret, der var g\u00e5et som fuglekonge, meget af min tid var g\u00e5et med branden omkring min virksomhed. Og n\u00e5r jeg kiggede rundt p\u00e5 mange af de andre platter, som h\u00e6nger i Sommerlyst fra tidligere konger, kunne jeg jo se, at det tit var deres virksomhed, som var motiv p\u00e5 platterne, og det fik mig til at foresl\u00e5 Henrik Bach, som var justitsminister i selskabet, og pr\u00f8ve at lave noget sjov ud af det.<br \/>\nVi snakker om id\u00e9en om f\u00f8rst at lave en platte, hvor min virksomhed stod i flammer for s\u00e5 lidt efter at fremvise den oprindelige platte. Henrik Bach syntes, det kunne v\u00e6re en fantastisk id\u00e9. Vi var de eneste, der vidste, hvad der skulle ske.<br \/>\nP\u00e5 dagen var jeg sp\u00e6ndt p\u00e5, hvordan det ville blive modtaget og t\u00e6nkte, at det var Henrik Bach nok ogs\u00e5.<br \/>\nEfter talen fra statsministeren Arne Weldingh om mit liv og levned, kom tidspunktet for afsl\u00f8ring af platten, og kl\u00e6det blev fjernet. Der var helt stille i nogle minutter. Det f\u00f8rste, jeg kunne h\u00f8re nede fra salen, var, at en sagde: \u201cDet kan man sgu da ikke.\u201d. Langsomt begyndte snakken, og nogle begyndte at grine. Jeg f\u00f8lte nu, at tiden var kommet for at fort\u00e6lle, at det selvf\u00f8lgelig var en joke.<\/p>\n<div id=\"attachment_5624\" style=\"width: 1020px\" class=\"wp-caption aligncenter\"><img loading=\"lazy\" decoding=\"async\" aria-describedby=\"caption-attachment-5624\" class=\"wp-image-5624 size-large\" src=\"https:\/\/fugleskydning.dk\/wp-content\/uploads\/2024\/04\/Brand-platten-1010x1030.jpg\" alt=\"\" width=\"1010\" height=\"1030\" srcset=\"https:\/\/fugleskydning.dk\/wp-content\/uploads\/2024\/04\/Brand-platten-1010x1030.jpg 1010w, https:\/\/fugleskydning.dk\/wp-content\/uploads\/2024\/04\/Brand-platten-294x300.jpg 294w, https:\/\/fugleskydning.dk\/wp-content\/uploads\/2024\/04\/Brand-platten-768x783.jpg 768w, https:\/\/fugleskydning.dk\/wp-content\/uploads\/2024\/04\/Brand-platten-1506x1536.jpg 1506w, https:\/\/fugleskydning.dk\/wp-content\/uploads\/2024\/04\/Brand-platten-2008x2048.jpg 2008w, https:\/\/fugleskydning.dk\/wp-content\/uploads\/2024\/04\/Brand-platten-36x36.jpg 36w, https:\/\/fugleskydning.dk\/wp-content\/uploads\/2024\/04\/Brand-platten-1471x1500.jpg 1471w, https:\/\/fugleskydning.dk\/wp-content\/uploads\/2024\/04\/Brand-platten-691x705.jpg 691w\" sizes=\"auto, (max-width: 1010px) 100vw, 1010px\" \/><p id=\"caption-attachment-5624\" class=\"wp-caption-text\">Her ses platten, som Henrik Norba Svendsen form\u00e5ede og fik fremstillet p\u00e5 under fire dage, af Inge Pedersen. Foto Henrik Bach.<\/p><\/div>\n<div id=\"attachment_5617\" style=\"width: 691px\" class=\"wp-caption aligncenter\"><img loading=\"lazy\" decoding=\"async\" aria-describedby=\"caption-attachment-5617\" class=\"wp-image-5617 size-large\" src=\"https:\/\/fugleskydning.dk\/wp-content\/uploads\/2024\/04\/img053-681x1030.jpg\" alt=\"\" width=\"681\" height=\"1030\" srcset=\"https:\/\/fugleskydning.dk\/wp-content\/uploads\/2024\/04\/img053-681x1030.jpg 681w, https:\/\/fugleskydning.dk\/wp-content\/uploads\/2024\/04\/img053-198x300.jpg 198w, https:\/\/fugleskydning.dk\/wp-content\/uploads\/2024\/04\/img053-768x1161.jpg 768w, https:\/\/fugleskydning.dk\/wp-content\/uploads\/2024\/04\/img053-1016x1536.jpg 1016w, https:\/\/fugleskydning.dk\/wp-content\/uploads\/2024\/04\/img053-992x1500.jpg 992w, https:\/\/fugleskydning.dk\/wp-content\/uploads\/2024\/04\/img053-466x705.jpg 466w, https:\/\/fugleskydning.dk\/wp-content\/uploads\/2024\/04\/img053.jpg 1061w\" sizes=\"auto, (max-width: 681px) 100vw, 681px\" \/><p id=\"caption-attachment-5617\" class=\"wp-caption-text\">John D. Petersen og Inge<\/p><\/div>\n<div id=\"attachment_5618\" style=\"width: 1040px\" class=\"wp-caption aligncenter\"><img loading=\"lazy\" decoding=\"async\" aria-describedby=\"caption-attachment-5618\" class=\"wp-image-5618 size-large\" src=\"https:\/\/fugleskydning.dk\/wp-content\/uploads\/2024\/04\/img051-1-1030x891.jpg\" alt=\"\" width=\"1030\" height=\"891\" srcset=\"https:\/\/fugleskydning.dk\/wp-content\/uploads\/2024\/04\/img051-1-1030x891.jpg 1030w, https:\/\/fugleskydning.dk\/wp-content\/uploads\/2024\/04\/img051-1-300x259.jpg 300w, https:\/\/fugleskydning.dk\/wp-content\/uploads\/2024\/04\/img051-1-768x664.jpg 768w, https:\/\/fugleskydning.dk\/wp-content\/uploads\/2024\/04\/img051-1-705x610.jpg 705w, https:\/\/fugleskydning.dk\/wp-content\/uploads\/2024\/04\/img051-1.jpg 1189w\" sizes=\"auto, (max-width: 1030px) 100vw, 1030px\" \/><p id=\"caption-attachment-5618\" class=\"wp-caption-text\">Fra Kunstergruppen Storeb\u00e6lt Inger og Jonna Green<\/p><\/div>\n<div id=\"attachment_5619\" style=\"width: 1040px\" class=\"wp-caption aligncenter\"><img loading=\"lazy\" decoding=\"async\" aria-describedby=\"caption-attachment-5619\" class=\"wp-image-5619 size-large\" src=\"https:\/\/fugleskydning.dk\/wp-content\/uploads\/2024\/04\/img052-1-1030x665.jpg\" alt=\"\" width=\"1030\" height=\"665\" srcset=\"https:\/\/fugleskydning.dk\/wp-content\/uploads\/2024\/04\/img052-1-1030x665.jpg 1030w, https:\/\/fugleskydning.dk\/wp-content\/uploads\/2024\/04\/img052-1-300x194.jpg 300w, https:\/\/fugleskydning.dk\/wp-content\/uploads\/2024\/04\/img052-1-768x496.jpg 768w, https:\/\/fugleskydning.dk\/wp-content\/uploads\/2024\/04\/img052-1-1536x992.jpg 1536w, https:\/\/fugleskydning.dk\/wp-content\/uploads\/2024\/04\/img052-1-1500x968.jpg 1500w, https:\/\/fugleskydning.dk\/wp-content\/uploads\/2024\/04\/img052-1-705x455.jpg 705w, https:\/\/fugleskydning.dk\/wp-content\/uploads\/2024\/04\/img052-1.jpg 1696w\" sizes=\"auto, (max-width: 1030px) 100vw, 1030px\" \/><p id=\"caption-attachment-5619\" class=\"wp-caption-text\">Inge og bl.a Marie Olsen.<\/p><\/div>\n<h2>Andre billeder af Inge.<\/h2>\n<div id=\"attachment_5620\" style=\"width: 1040px\" class=\"wp-caption aligncenter\"><img loading=\"lazy\" decoding=\"async\" aria-describedby=\"caption-attachment-5620\" class=\"wp-image-5620 size-large\" src=\"https:\/\/fugleskydning.dk\/wp-content\/uploads\/2024\/04\/img049-1030x697.jpg\" alt=\"\" width=\"1030\" height=\"697\" srcset=\"https:\/\/fugleskydning.dk\/wp-content\/uploads\/2024\/04\/img049-1030x697.jpg 1030w, https:\/\/fugleskydning.dk\/wp-content\/uploads\/2024\/04\/img049-300x203.jpg 300w, https:\/\/fugleskydning.dk\/wp-content\/uploads\/2024\/04\/img049-768x520.jpg 768w, https:\/\/fugleskydning.dk\/wp-content\/uploads\/2024\/04\/img049-1536x1040.jpg 1536w, https:\/\/fugleskydning.dk\/wp-content\/uploads\/2024\/04\/img049-1500x1016.jpg 1500w, https:\/\/fugleskydning.dk\/wp-content\/uploads\/2024\/04\/img049-705x477.jpg 705w, https:\/\/fugleskydning.dk\/wp-content\/uploads\/2024\/04\/img049-rotated.jpg 1728w\" sizes=\"auto, (max-width: 1030px) 100vw, 1030px\" \/><p id=\"caption-attachment-5620\" class=\"wp-caption-text\">Ahlgren\/L\u00f8venholdt Jazzband.<\/dd>\n<dd><\/p><\/div>\n<p><img loading=\"lazy\" decoding=\"async\" class=\"aligncenter wp-image-5621 size-large\" src=\"https:\/\/fugleskydning.dk\/wp-content\/uploads\/2024\/04\/img048-1-1030x767.jpg\" alt=\"\" width=\"1030\" height=\"767\" srcset=\"https:\/\/fugleskydning.dk\/wp-content\/uploads\/2024\/04\/img048-1-1030x767.jpg 1030w, https:\/\/fugleskydning.dk\/wp-content\/uploads\/2024\/04\/img048-1-300x223.jpg 300w, https:\/\/fugleskydning.dk\/wp-content\/uploads\/2024\/04\/img048-1-768x572.jpg 768w, https:\/\/fugleskydning.dk\/wp-content\/uploads\/2024\/04\/img048-1-705x525.jpg 705w, https:\/\/fugleskydning.dk\/wp-content\/uploads\/2024\/04\/img048-1.jpg 1168w\" sizes=\"auto, (max-width: 1030px) 100vw, 1030px\" \/><\/p>\n<p><img loading=\"lazy\" decoding=\"async\" class=\"aligncenter wp-image-5622 size-large\" src=\"https:\/\/fugleskydning.dk\/wp-content\/uploads\/2024\/04\/20200804_130458-1-880x1030.jpg\" alt=\"\" width=\"880\" height=\"1030\" srcset=\"https:\/\/fugleskydning.dk\/wp-content\/uploads\/2024\/04\/20200804_130458-1-880x1030.jpg 880w, https:\/\/fugleskydning.dk\/wp-content\/uploads\/2024\/04\/20200804_130458-1-256x300.jpg 256w, https:\/\/fugleskydning.dk\/wp-content\/uploads\/2024\/04\/20200804_130458-1-768x899.jpg 768w, https:\/\/fugleskydning.dk\/wp-content\/uploads\/2024\/04\/20200804_130458-1-1312x1536.jpg 1312w, https:\/\/fugleskydning.dk\/wp-content\/uploads\/2024\/04\/20200804_130458-1-1749x2048.jpg 1749w, https:\/\/fugleskydning.dk\/wp-content\/uploads\/2024\/04\/20200804_130458-1-1281x1500.jpg 1281w, https:\/\/fugleskydning.dk\/wp-content\/uploads\/2024\/04\/20200804_130458-1-602x705.jpg 602w, https:\/\/fugleskydning.dk\/wp-content\/uploads\/2024\/04\/20200804_130458-1.jpg 1759w\" sizes=\"auto, (max-width: 880px) 100vw, 880px\" \/><\/p>\n<p><img loading=\"lazy\" decoding=\"async\" class=\"aligncenter wp-image-5623 size-large\" src=\"https:\/\/fugleskydning.dk\/wp-content\/uploads\/2024\/04\/img054-1-1030x688.jpg\" alt=\"\" width=\"1030\" height=\"688\" srcset=\"https:\/\/fugleskydning.dk\/wp-content\/uploads\/2024\/04\/img054-1-1030x688.jpg 1030w, https:\/\/fugleskydning.dk\/wp-content\/uploads\/2024\/04\/img054-1-300x200.jpg 300w, https:\/\/fugleskydning.dk\/wp-content\/uploads\/2024\/04\/img054-1-768x513.jpg 768w, https:\/\/fugleskydning.dk\/wp-content\/uploads\/2024\/04\/img054-1-705x471.jpg 705w, https:\/\/fugleskydning.dk\/wp-content\/uploads\/2024\/04\/img054-1.jpg 1456w\" sizes=\"auto, (max-width: 1030px) 100vw, 1030px\" \/><\/p>\n<p>Oplagt af Henrik Bach 2024<\/p>\n<p><img loading=\"lazy\" decoding=\"async\" class=\"alignnone size-medium wp-image-4971\" src=\"https:\/\/fugleskydning.dk\/wp-content\/uploads\/2023\/01\/kffs-300x71.jpg\" alt=\"\" width=\"300\" height=\"71\" srcset=\"https:\/\/fugleskydning.dk\/wp-content\/uploads\/2023\/01\/kffs-300x71.jpg 300w, https:\/\/fugleskydning.dk\/wp-content\/uploads\/2023\/01\/kffs.jpg 460w\" sizes=\"auto, (max-width: 300px) 100vw, 300px\" \/><\/p>\n<\/div><\/section><\/div><div class='flex_column av-2d2qyl-229154cd4ef830c1364d9df3b05570d3 av_one_fourth  avia-builder-el-6  el_after_av_one_half  avia-builder-el-last  flex_column_div '   ><\/div><\/p>\n","protected":false},"excerpt":{"rendered":"","protected":false},"author":2,"featured_media":0,"parent":0,"menu_order":0,"comment_status":"closed","ping_status":"closed","template":"","meta":{"om_disable_all_campaigns":false,"footnotes":""},"folder":[],"class_list":["post-5613","page","type-page","status-publish","hentry"],"_links":{"self":[{"href":"https:\/\/fugleskydning.dk\/index.php?rest_route=\/wp\/v2\/pages\/5613","targetHints":{"allow":["GET"]}}],"collection":[{"href":"https:\/\/fugleskydning.dk\/index.php?rest_route=\/wp\/v2\/pages"}],"about":[{"href":"https:\/\/fugleskydning.dk\/index.php?rest_route=\/wp\/v2\/types\/page"}],"author":[{"embeddable":true,"href":"https:\/\/fugleskydning.dk\/index.php?rest_route=\/wp\/v2\/users\/2"}],"replies":[{"embeddable":true,"href":"https:\/\/fugleskydning.dk\/index.php?rest_route=%2Fwp%2Fv2%2Fcomments&post=5613"}],"version-history":[{"count":0,"href":"https:\/\/fugleskydning.dk\/index.php?rest_route=\/wp\/v2\/pages\/5613\/revisions"}],"wp:attachment":[{"href":"https:\/\/fugleskydning.dk\/index.php?rest_route=%2Fwp%2Fv2%2Fmedia&parent=5613"}],"wp:term":[{"taxonomy":"folder","embeddable":true,"href":"https:\/\/fugleskydning.dk\/index.php?rest_route=%2Fwp%2Fv2%2Ffolder&post=5613"}],"curies":[{"name":"wp","href":"https:\/\/api.w.org\/{rel}","templated":true}]}}