{"id":5605,"date":"2024-04-18T20:28:42","date_gmt":"2024-04-18T18:28:42","guid":{"rendered":"https:\/\/fugleskydning.dk\/?page_id=5605"},"modified":"2024-04-18T20:47:10","modified_gmt":"2024-04-18T18:47:10","slug":"erik-hansen","status":"publish","type":"page","link":"https:\/\/fugleskydning.dk\/?page_id=5605","title":{"rendered":"Erik Hansen"},"content":{"rendered":"<div id='av_section_1'  class='avia-section av-av_section-2dcb3d115e2e5af9a73072e0505910f8 main_color avia-section-default avia-no-border-styling  avia-builder-el-0  el_before_av_one_fourth  avia-builder-el-first  avia-bg-style-scroll container_wrap sidebar_right'  ><div class='container av-section-cont-open' ><main  role=\"main\" itemprop=\"mainContentOfPage\"  class='template-page content  av-content-small alpha units'><div class='post-entry post-entry-type-page post-entry-5605'><div class='entry-content-wrapper clearfix'>\n\n<style type=\"text\/css\" data-created_by=\"avia_inline_auto\" id=\"style-css-av-lv5kxe0e-04339e5fc523a7ca7e3ed4b864d3f052\">\n#top .av-special-heading.av-lv5kxe0e-04339e5fc523a7ca7e3ed4b864d3f052{\npadding-bottom:10px;\nfont-size:52px;\n}\nbody .av-special-heading.av-lv5kxe0e-04339e5fc523a7ca7e3ed4b864d3f052 .av-special-heading-tag .heading-char{\nfont-size:25px;\n}\n#top #wrap_all .av-special-heading.av-lv5kxe0e-04339e5fc523a7ca7e3ed4b864d3f052 .av-special-heading-tag{\nfont-size:52px;\n}\n.av-special-heading.av-lv5kxe0e-04339e5fc523a7ca7e3ed4b864d3f052 .av-subheading{\nfont-size:24px;\n}\n<\/style>\n<div  class='av-special-heading av-lv5kxe0e-04339e5fc523a7ca7e3ed4b864d3f052 av-special-heading-h2 blockquote modern-quote modern-centered  avia-builder-el-1  el_before_av_hr  avia-builder-el-first  av-inherit-size'><h2 class='av-special-heading-tag'  itemprop=\"headline\"  >Erik Hansen<\/h2><div class='av-subheading av-subheading_below'><p>Har malet 1 konge platte 2002<\/p>\n<\/div><div class=\"special-heading-border\"><div class=\"special-heading-inner-border\"><\/div><\/div><\/div>\n\n<style type=\"text\/css\" data-created_by=\"avia_inline_auto\" id=\"style-css-av-av_hr-59222a0ed51c265e786bb9c2540ae642\">\n#top .hr.av-av_hr-59222a0ed51c265e786bb9c2540ae642{\nmargin-top:30px;\nmargin-bottom:30px;\n}\n.hr.av-av_hr-59222a0ed51c265e786bb9c2540ae642 .hr-inner{\nwidth:50px;\nmax-width:45%;\n}\n<\/style>\n<div  class='hr av-av_hr-59222a0ed51c265e786bb9c2540ae642 hr-custom  avia-builder-el-2  el_after_av_heading  avia-builder-el-last  hr-center hr-icon-yes'><span class='hr-inner inner-border-av-border-thin'><span class=\"hr-inner-style\"><\/span><\/span><span class='av-seperator-icon' aria-hidden='true' data-av_icon='\ue844' data-av_iconfont='fontello'><\/span><span class='hr-inner inner-border-av-border-thin'><span class=\"hr-inner-style\"><\/span><\/span><\/div>\n<\/div><\/div><\/main><!-- close content main element --><\/div><\/div><div id='after_section_1'  class='main_color av_default_container_wrap container_wrap sidebar_right'  ><div class='container av-section-cont-open' ><div class='template-page content  av-content-small alpha units'><div class='post-entry post-entry-type-page post-entry-5605'><div class='entry-content-wrapper clearfix'><div class='flex_column av-av_one_fourth-a93934ecd89fbb8a9566d39e89cd3725 av_one_fourth  avia-builder-el-3  el_after_av_section  el_before_av_one_half  avia-builder-el-first  first flex_column_div '   ><\/div><\/p>\n<div class='flex_column av-av_one_half-d06667205e6186ec8414c6eb7605d406 av_one_half  avia-builder-el-4  el_after_av_one_fourth  el_before_av_one_fourth  flex_column_div '   ><section  class='av_textblock_section av-lv5ldsm0-48179b2b4c027b34274a9665124a75f3'  itemscope=\"itemscope\" itemtype=\"https:\/\/schema.org\/CreativeWork\" ><div class='avia_textblock'  itemprop=\"text\" ><h2><img loading=\"lazy\" decoding=\"async\" class=\"aligncenter wp-image-5609 size-full\" src=\"https:\/\/fugleskydning.dk\/wp-content\/uploads\/2024\/04\/Billede1.png\" alt=\"\" width=\"384\" height=\"491\" srcset=\"https:\/\/fugleskydning.dk\/wp-content\/uploads\/2024\/04\/Billede1.png 384w, https:\/\/fugleskydning.dk\/wp-content\/uploads\/2024\/04\/Billede1-235x300.png 235w\" sizes=\"auto, (max-width: 384px) 100vw, 384px\" \/><\/h2>\n<p style=\"text-align: left;\">F\u00f8dt i 1944<br \/>\nUddannelse hos:<br \/>\nPreben K\u00f8ie,Bj\u00f8rn Nordahl og Knud Nellemose<br \/>\nErik Hansen har malet det meste af sit liv. Han blev f\u00f8dt i et hjem, hvor der var pensler og farver. Hans morfar (Kolbe Nielsen) malede og var gammel Charlottenborg udstiller \u2013 ham \u201drendte\u201d Erik Hansen meget sammen med.<br \/>\nLige siden har duften af maling og terpentin fyldt tilv\u00e6relsen for ham.<\/p>\n<p>K\u00e5ret som \u00e5rets kunstner i Slagelse 2001<br \/>\nErik Hansens seneste udstillinger:<br \/>\nSiemens Ballerup<br \/>\nKrage\u00f8 Kulturcenter, Norge<br \/>\nVilcon Hotel &amp; Konferenceg\u00e5rd, B\u00f8strup Slagelse<br \/>\nKunstgalleriet, Slagelse<br \/>\nNaturgas Sj\u00e6lland, Sor\u00f8<br \/>\nSk\u00e6lsk\u00f8r Bank, Sk\u00e6lsk\u00f8r<\/p>\n<p>Erik Hansens seneste udsmykninger:<br \/>\nSpar Trelleborg Erhverv, Adelgade, K\u00f8benhavn<br \/>\nSpar Trelleborg, Marievang afdelingen, Slagelse<br \/>\nHotel Antvorskov, Slagelse<br \/>\nRevisionsfirmaet M\u00f8ller &amp; Madsen, Slagelse<br \/>\nSparekassen Sj\u00e6lland, Slagelse Afdeling<br \/>\nKunstetiket Slagelse Vin 2001<br \/>\nUdstillinger udland:<br \/>\nCanada, Rom og Schweiz.<\/p>\n<h2 class=\"av-special-heading-tag\" style=\"text-align: center;\"><a href=\"https:\/\/fugleskydning.dk\/?portfolio=arkitekt-holger-c-pedersen-2002\">Arkitekt Holger C. Pedersen Fuglekonge 2002<\/a><\/h2>\n<p><img loading=\"lazy\" decoding=\"async\" class=\"aligncenter wp-image-339 size-full\" src=\"https:\/\/fugleskydning.dk\/wp-content\/uploads\/2022\/06\/9a99e9d5e3.gif\" alt=\"\" width=\"500\" height=\"491\" \/><\/p>\n<div id=\"attachment_5611\" style=\"width: 930px\" class=\"wp-caption aligncenter\"><img loading=\"lazy\" decoding=\"async\" aria-describedby=\"caption-attachment-5611\" class=\"wp-image-5611 size-full\" src=\"https:\/\/fugleskydning.dk\/wp-content\/uploads\/2024\/04\/Billede-2.jpg\" alt=\"\" width=\"920\" height=\"916\" srcset=\"https:\/\/fugleskydning.dk\/wp-content\/uploads\/2024\/04\/Billede-2.jpg 920w, https:\/\/fugleskydning.dk\/wp-content\/uploads\/2024\/04\/Billede-2-300x300.jpg 300w, https:\/\/fugleskydning.dk\/wp-content\/uploads\/2024\/04\/Billede-2-80x80.jpg 80w, https:\/\/fugleskydning.dk\/wp-content\/uploads\/2024\/04\/Billede-2-768x765.jpg 768w, https:\/\/fugleskydning.dk\/wp-content\/uploads\/2024\/04\/Billede-2-36x36.jpg 36w, https:\/\/fugleskydning.dk\/wp-content\/uploads\/2024\/04\/Billede-2-180x180.jpg 180w, https:\/\/fugleskydning.dk\/wp-content\/uploads\/2024\/04\/Billede-2-705x702.jpg 705w\" sizes=\"auto, (max-width: 920px) 100vw, 920px\" \/><p id=\"caption-attachment-5611\" class=\"wp-caption-text\">Et af Erik Hansens v\u00e6rker.<\/p><\/div>\n<p>Oplagt af Henrik Bach 2024<\/p>\n<p><img loading=\"lazy\" decoding=\"async\" class=\"alignnone size-medium wp-image-4971\" src=\"https:\/\/fugleskydning.dk\/wp-content\/uploads\/2023\/01\/kffs-300x71.jpg\" alt=\"\" width=\"300\" height=\"71\" srcset=\"https:\/\/fugleskydning.dk\/wp-content\/uploads\/2023\/01\/kffs-300x71.jpg 300w, https:\/\/fugleskydning.dk\/wp-content\/uploads\/2023\/01\/kffs.jpg 460w\" sizes=\"auto, (max-width: 300px) 100vw, 300px\" \/><\/p>\n<\/div><\/section><\/div><div class='flex_column av-av_one_fourth-d06667205e6186ec8414c6eb7605d406 av_one_fourth  avia-builder-el-6  el_after_av_one_half  avia-builder-el-last  flex_column_div '   ><\/div><\/p>\n","protected":false},"excerpt":{"rendered":"","protected":false},"author":2,"featured_media":0,"parent":0,"menu_order":0,"comment_status":"closed","ping_status":"closed","template":"","meta":{"om_disable_all_campaigns":false,"footnotes":""},"folder":[],"class_list":["post-5605","page","type-page","status-publish","hentry"],"_links":{"self":[{"href":"https:\/\/fugleskydning.dk\/index.php?rest_route=\/wp\/v2\/pages\/5605","targetHints":{"allow":["GET"]}}],"collection":[{"href":"https:\/\/fugleskydning.dk\/index.php?rest_route=\/wp\/v2\/pages"}],"about":[{"href":"https:\/\/fugleskydning.dk\/index.php?rest_route=\/wp\/v2\/types\/page"}],"author":[{"embeddable":true,"href":"https:\/\/fugleskydning.dk\/index.php?rest_route=\/wp\/v2\/users\/2"}],"replies":[{"embeddable":true,"href":"https:\/\/fugleskydning.dk\/index.php?rest_route=%2Fwp%2Fv2%2Fcomments&post=5605"}],"version-history":[{"count":0,"href":"https:\/\/fugleskydning.dk\/index.php?rest_route=\/wp\/v2\/pages\/5605\/revisions"}],"wp:attachment":[{"href":"https:\/\/fugleskydning.dk\/index.php?rest_route=%2Fwp%2Fv2%2Fmedia&parent=5605"}],"wp:term":[{"taxonomy":"folder","embeddable":true,"href":"https:\/\/fugleskydning.dk\/index.php?rest_route=%2Fwp%2Fv2%2Ffolder&post=5605"}],"curies":[{"name":"wp","href":"https:\/\/api.w.org\/{rel}","templated":true}]}}