{"id":5578,"date":"2024-04-14T09:01:31","date_gmt":"2024-04-14T07:01:31","guid":{"rendered":"https:\/\/fugleskydning.dk\/?page_id=5578"},"modified":"2024-04-14T09:17:24","modified_gmt":"2024-04-14T07:17:24","slug":"morgens-andersen","status":"publish","type":"page","link":"https:\/\/fugleskydning.dk\/?page_id=5578","title":{"rendered":"Morgens Andersen"},"content":{"rendered":"<div id='av_section_1'  class='avia-section av-9le3re-c46f8f51bf2ef6f7651915cdcea5e878 main_color avia-section-default avia-no-border-styling  avia-builder-el-0  el_before_av_one_fourth  avia-builder-el-first  avia-bg-style-scroll container_wrap sidebar_right'  ><div class='container av-section-cont-open' ><main  role=\"main\" itemprop=\"mainContentOfPage\"  class='template-page content  av-content-small alpha units'><div class='post-entry post-entry-type-page post-entry-5578'><div class='entry-content-wrapper clearfix'>\n\n<style type=\"text\/css\" data-created_by=\"avia_inline_auto\" id=\"style-css-av-luz6izco-1e90eb801853a743038fd079f5635fb3\">\n#top .av-special-heading.av-luz6izco-1e90eb801853a743038fd079f5635fb3{\npadding-bottom:10px;\nfont-size:52px;\n}\nbody .av-special-heading.av-luz6izco-1e90eb801853a743038fd079f5635fb3 .av-special-heading-tag .heading-char{\nfont-size:25px;\n}\n#top #wrap_all .av-special-heading.av-luz6izco-1e90eb801853a743038fd079f5635fb3 .av-special-heading-tag{\nfont-size:52px;\n}\n.av-special-heading.av-luz6izco-1e90eb801853a743038fd079f5635fb3 .av-subheading{\nfont-size:24px;\n}\n<\/style>\n<div  class='av-special-heading av-luz6izco-1e90eb801853a743038fd079f5635fb3 av-special-heading-h2 blockquote modern-quote modern-centered  avia-builder-el-1  el_before_av_hr  avia-builder-el-first  av-inherit-size'><h2 class='av-special-heading-tag'  itemprop=\"headline\"  >Morgens Andersen <\/h2><div class='av-subheading av-subheading_below'><p>Morgens Andersen har malet Platten i 2006.<\/p>\n<\/div><div class=\"special-heading-border\"><div class=\"special-heading-inner-border\"><\/div><\/div><\/div>\n\n<style type=\"text\/css\" data-created_by=\"avia_inline_auto\" id=\"style-css-av-pcr8q-f36ba6cb9460e8edee6ff94f5b570e62\">\n#top .hr.av-pcr8q-f36ba6cb9460e8edee6ff94f5b570e62{\nmargin-top:30px;\nmargin-bottom:30px;\n}\n.hr.av-pcr8q-f36ba6cb9460e8edee6ff94f5b570e62 .hr-inner{\nwidth:50px;\nmax-width:45%;\n}\n<\/style>\n<div  class='hr av-pcr8q-f36ba6cb9460e8edee6ff94f5b570e62 hr-custom  avia-builder-el-2  el_after_av_heading  avia-builder-el-last  hr-center hr-icon-yes'><span class='hr-inner inner-border-av-border-thin'><span class=\"hr-inner-style\"><\/span><\/span><span class='av-seperator-icon' aria-hidden='true' data-av_icon='\ue844' data-av_iconfont='fontello'><\/span><span class='hr-inner inner-border-av-border-thin'><span class=\"hr-inner-style\"><\/span><\/span><\/div>\n<\/div><\/div><\/main><!-- close content main element --><\/div><\/div><div id='after_section_1'  class='main_color av_default_container_wrap container_wrap sidebar_right'  ><div class='container av-section-cont-open' ><div class='template-page content  av-content-small alpha units'><div class='post-entry post-entry-type-page post-entry-5578'><div class='entry-content-wrapper clearfix'>\n<div class='flex_column av-5rd6l6-f4bd4c0df5a0045a43992691d891c8ed av_one_fourth  avia-builder-el-3  el_after_av_section  el_before_av_one_half  avia-builder-el-first  first flex_column_div '   ><\/div>\n<div class='flex_column av-4vy4zu-fbe389492a850235743851483f292765 av_one_half  avia-builder-el-4  el_after_av_one_fourth  el_before_av_one_fourth  flex_column_div '   ><section  class='av_textblock_section av-luz6pkeh-0276b0361ec2348e533917da5e61640c'  itemscope=\"itemscope\" itemtype=\"https:\/\/schema.org\/CreativeWork\" ><div class='avia_textblock'  itemprop=\"text\" ><p><img loading=\"lazy\" decoding=\"async\" class=\"aligncenter wp-image-5581 size-full\" src=\"https:\/\/fugleskydning.dk\/wp-content\/uploads\/2024\/04\/2008-2.jpg\" alt=\"\" width=\"362\" height=\"422\" srcset=\"https:\/\/fugleskydning.dk\/wp-content\/uploads\/2024\/04\/2008-2.jpg 362w, https:\/\/fugleskydning.dk\/wp-content\/uploads\/2024\/04\/2008-2-257x300.jpg 257w\" sizes=\"auto, (max-width: 362px) 100vw, 362px\" \/><\/p>\n<p>Overj\u00e6germester Mogens Andersen er f\u00f8dt 1-10 1932<br \/>\nOverj\u00e6ger p\u00e5 Gunderslevholm p\u00e5 syd- Sj\u00e6lland<br \/>\nMogens Andersen er is\u00e6r kendt for sine smukke naturski<\/p>\n<h2 style=\"text-align: center;\"><strong>Mogens Andersen har malet denne konge platte.<\/strong><\/h2>\n<h2 class=\"av-special-heading-tag\" style=\"text-align: center;\">Grosserer Allan Hessel Fuglekonge 2003<\/h2>\n<p><img loading=\"lazy\" decoding=\"async\" class=\"aligncenter wp-image-336 size-full\" src=\"https:\/\/fugleskydning.dk\/wp-content\/uploads\/2022\/06\/149e87e2f6.gif\" alt=\"\" width=\"500\" height=\"498\" \/><\/p>\n<p>Oplagt af Henrik Bach 2024<\/p>\n<p><img loading=\"lazy\" decoding=\"async\" class=\"alignnone size-medium wp-image-4971\" src=\"https:\/\/fugleskydning.dk\/wp-content\/uploads\/2023\/01\/kffs-300x71.jpg\" alt=\"\" width=\"300\" height=\"71\" srcset=\"https:\/\/fugleskydning.dk\/wp-content\/uploads\/2023\/01\/kffs-300x71.jpg 300w, https:\/\/fugleskydning.dk\/wp-content\/uploads\/2023\/01\/kffs.jpg 460w\" sizes=\"auto, (max-width: 300px) 100vw, 300px\" \/><\/p>\n<\/div><\/section><\/div><div class='flex_column av-2e6m4a-8bf9d5a9b58374856efe1f0dcc4527a1 av_one_fourth  avia-builder-el-6  el_after_av_one_half  avia-builder-el-last  flex_column_div '   ><\/div><\/p>\n","protected":false},"excerpt":{"rendered":"","protected":false},"author":2,"featured_media":0,"parent":0,"menu_order":0,"comment_status":"closed","ping_status":"closed","template":"","meta":{"om_disable_all_campaigns":false,"footnotes":""},"folder":[],"class_list":["post-5578","page","type-page","status-publish","hentry"],"_links":{"self":[{"href":"https:\/\/fugleskydning.dk\/index.php?rest_route=\/wp\/v2\/pages\/5578","targetHints":{"allow":["GET"]}}],"collection":[{"href":"https:\/\/fugleskydning.dk\/index.php?rest_route=\/wp\/v2\/pages"}],"about":[{"href":"https:\/\/fugleskydning.dk\/index.php?rest_route=\/wp\/v2\/types\/page"}],"author":[{"embeddable":true,"href":"https:\/\/fugleskydning.dk\/index.php?rest_route=\/wp\/v2\/users\/2"}],"replies":[{"embeddable":true,"href":"https:\/\/fugleskydning.dk\/index.php?rest_route=%2Fwp%2Fv2%2Fcomments&post=5578"}],"version-history":[{"count":0,"href":"https:\/\/fugleskydning.dk\/index.php?rest_route=\/wp\/v2\/pages\/5578\/revisions"}],"wp:attachment":[{"href":"https:\/\/fugleskydning.dk\/index.php?rest_route=%2Fwp%2Fv2%2Fmedia&parent=5578"}],"wp:term":[{"taxonomy":"folder","embeddable":true,"href":"https:\/\/fugleskydning.dk\/index.php?rest_route=%2Fwp%2Fv2%2Ffolder&post=5578"}],"curies":[{"name":"wp","href":"https:\/\/api.w.org\/{rel}","templated":true}]}}