{"id":5541,"date":"2024-04-13T07:02:27","date_gmt":"2024-04-13T05:02:27","guid":{"rendered":"https:\/\/fugleskydning.dk\/?page_id=5541"},"modified":"2024-04-13T07:47:30","modified_gmt":"2024-04-13T05:47:30","slug":"peter-christensen","status":"publish","type":"page","link":"https:\/\/fugleskydning.dk\/?page_id=5541","title":{"rendered":"Peter Christensen"},"content":{"rendered":"<div id='av_section_1'  class='avia-section av-9p37ed-9d7b4033dde68cfb99d873692c086780 main_color avia-section-default avia-no-border-styling  avia-builder-el-0  el_before_av_one_fourth  avia-builder-el-first  avia-bg-style-scroll container_wrap sidebar_right'  ><div class='container av-section-cont-open' ><main  role=\"main\" itemprop=\"mainContentOfPage\"  class='template-page content  av-content-small alpha units'><div class='post-entry post-entry-type-page post-entry-5541'><div class='entry-content-wrapper clearfix'>\n\n<style type=\"text\/css\" data-created_by=\"avia_inline_auto\" id=\"style-css-av-luxmtgtn-991b0c2561b0f7e5fc1b7513853b3f9d\">\n#top .av-special-heading.av-luxmtgtn-991b0c2561b0f7e5fc1b7513853b3f9d{\npadding-bottom:10px;\nfont-size:52px;\n}\nbody .av-special-heading.av-luxmtgtn-991b0c2561b0f7e5fc1b7513853b3f9d .av-special-heading-tag .heading-char{\nfont-size:25px;\n}\n#top #wrap_all .av-special-heading.av-luxmtgtn-991b0c2561b0f7e5fc1b7513853b3f9d .av-special-heading-tag{\nfont-size:52px;\n}\n.av-special-heading.av-luxmtgtn-991b0c2561b0f7e5fc1b7513853b3f9d .av-subheading{\nfont-size:24px;\n}\n<\/style>\n<div  class='av-special-heading av-luxmtgtn-991b0c2561b0f7e5fc1b7513853b3f9d av-special-heading-h2 blockquote modern-quote modern-centered  avia-builder-el-1  el_before_av_hr  avia-builder-el-first  av-inherit-size'><h2 class='av-special-heading-tag'  itemprop=\"headline\"  >Peter Christensen<\/h2><div class='av-subheading av-subheading_below'><p>har selv malet sin platte 2015<\/p>\n<\/div><div class=\"special-heading-border\"><div class=\"special-heading-inner-border\"><\/div><\/div><\/div>\n\n<style type=\"text\/css\" data-created_by=\"avia_inline_auto\" id=\"style-css-av-7mnlcl-dec539a327201edeb414a38fdf9d2f49\">\n#top .hr.av-7mnlcl-dec539a327201edeb414a38fdf9d2f49{\nmargin-top:30px;\nmargin-bottom:30px;\n}\n.hr.av-7mnlcl-dec539a327201edeb414a38fdf9d2f49 .hr-inner{\nwidth:50px;\nmax-width:45%;\n}\n<\/style>\n<div  class='hr av-7mnlcl-dec539a327201edeb414a38fdf9d2f49 hr-custom  avia-builder-el-2  el_after_av_heading  avia-builder-el-last  hr-center hr-icon-yes'><span class='hr-inner inner-border-av-border-thin'><span class=\"hr-inner-style\"><\/span><\/span><span class='av-seperator-icon' aria-hidden='true' data-av_icon='\ue844' data-av_iconfont='fontello'><\/span><span class='hr-inner inner-border-av-border-thin'><span class=\"hr-inner-style\"><\/span><\/span><\/div>\n<\/div><\/div><\/main><!-- close content main element --><\/div><\/div><div id='after_section_1'  class='main_color av_default_container_wrap container_wrap sidebar_right'  ><div class='container av-section-cont-open' ><div class='template-page content  av-content-small alpha units'><div class='post-entry post-entry-type-page post-entry-5541'><div class='entry-content-wrapper clearfix'><div class='flex_column av-5bxmk5-79c1f3d091fafaa41ccc9f7bf3dbb2a1 av_one_fourth  avia-builder-el-3  el_after_av_section  el_before_av_one_half  avia-builder-el-first  first flex_column_div '   ><\/div><\/p>\n<div class='flex_column av-4xuao5-c9e3059f3f94e46521a4c2a60a87bb85 av_one_half  avia-builder-el-4  el_after_av_one_fourth  el_before_av_one_fourth  flex_column_div '   ><section  class='av_textblock_section av-luxn1j7e-115603990451766aa7c7cac29fb2a468'  itemscope=\"itemscope\" itemtype=\"https:\/\/schema.org\/CreativeWork\" ><div class='avia_textblock'  itemprop=\"text\" ><p><img loading=\"lazy\" decoding=\"async\" class=\"aligncenter wp-image-5544 size-large\" src=\"https:\/\/fugleskydning.dk\/wp-content\/uploads\/2024\/04\/20201215_170849_001-579x1030.jpg\" alt=\"\" width=\"579\" height=\"1030\" srcset=\"https:\/\/fugleskydning.dk\/wp-content\/uploads\/2024\/04\/20201215_170849_001-579x1030.jpg 579w, https:\/\/fugleskydning.dk\/wp-content\/uploads\/2024\/04\/20201215_170849_001-169x300.jpg 169w, https:\/\/fugleskydning.dk\/wp-content\/uploads\/2024\/04\/20201215_170849_001-768x1365.jpg 768w, https:\/\/fugleskydning.dk\/wp-content\/uploads\/2024\/04\/20201215_170849_001-864x1536.jpg 864w, https:\/\/fugleskydning.dk\/wp-content\/uploads\/2024\/04\/20201215_170849_001-1152x2048.jpg 1152w, https:\/\/fugleskydning.dk\/wp-content\/uploads\/2024\/04\/20201215_170849_001-844x1500.jpg 844w, https:\/\/fugleskydning.dk\/wp-content\/uploads\/2024\/04\/20201215_170849_001-397x705.jpg 397w, https:\/\/fugleskydning.dk\/wp-content\/uploads\/2024\/04\/20201215_170849_001-scaled.jpg 1440w\" sizes=\"auto, (max-width: 579px) 100vw, 579px\" \/><\/p>\n<p>Peter Christensen blev f\u00f8dt den 9. sept. 1949 i Bomhuset p\u00e5 hj\u00f8rnet af Revvej og Skolegade i Kors\u00f8r. Blev den 4. december 1971 gift med Birgith J\u00f8rgensen, der er f\u00f8dt i Kors\u00f8r 1. August 1949. Sammen har de b\u00f8rnene Lars fra 1972, Morten fra 1974 og i 1983 kom Malene til. Efter endt skolegang f\u00f8rst Skolen ved Noret senere Realskolen i Slottensgade og Halskovskole, kom Peter i l\u00e6re som k\u00f8bmand i Lindealle.<br \/>\nI 1970 blev Peter indkaldt til Flyvev\u00e5bnet i Skrydstrup og senere p\u00e5 Middelgrunden. Efter et kort ophold p\u00e5 F\u00e6rgeg\u00e5rden blev han s\u00e6lger for Zenith Import (hos Aage Thatis Hansen Fuglekonge 1984) med salg af Radiotilbeh\u00f8r og HiFi. Dette fortsatte han med i 22 \u00e5r.<br \/>\nSamtidig tog han teknisk- og udvidet teknisk forberedelseseksamen med topkarakterer.<br \/>\nSidel\u00f8bende startede Peter et mindre reklametrykkeri, som han solgte, da det blev for meget.<br \/>\nDerefter startede han i 1999 Solcentre p\u00e5 Halsskov og i Byen, som blev solgt efter 10 \u00e5r.<\/p>\n<p>Peter har altid tegnet og malet, (han var i \u00f8vrigt soldat sammen med Kurt Trampedach, de to konkurrerede om at lave de bedste tegninger i soldatertiden). S\u00e5 han blev head huntet til at s\u00e6lge kunst og billeder, men efter et par \u00e5r var det tid til at starte som selvst\u00e6ndig med Galleri Sun Art, der importerede rammelister og litografier som han og fruen indrammede, og solgte til hele norden.<br \/>\nDa det blev for sm\u00e5t p\u00e5 Halsskovvej 26 flyttede de til T\u00e5rnborgvej, hvor de var i 12 \u00e5r.<br \/>\nSamtidig begyndte Peter med rensning og restaurering af gamle malerier.<br \/>\nHans kunnen i rensning og restaurering kan ses p\u00e5 de oph\u00e6ngte platter, som han har renset for selskabet. Dette fortsatte han med i mindre m\u00e5lestok efter pensionering i 2012.<\/p>\n<h2 style=\"text-align: center;\">Peter Christensen har selv malet sin platte<\/h2>\n<p><img loading=\"lazy\" decoding=\"async\" class=\"aligncenter wp-image-305 size-full\" src=\"https:\/\/fugleskydning.dk\/wp-content\/uploads\/2022\/06\/5a7956eb3b.jpg\" alt=\"\" width=\"500\" height=\"498\" srcset=\"https:\/\/fugleskydning.dk\/wp-content\/uploads\/2022\/06\/5a7956eb3b.jpg 500w, https:\/\/fugleskydning.dk\/wp-content\/uploads\/2022\/06\/5a7956eb3b-300x300.jpg 300w, https:\/\/fugleskydning.dk\/wp-content\/uploads\/2022\/06\/5a7956eb3b-80x80.jpg 80w, https:\/\/fugleskydning.dk\/wp-content\/uploads\/2022\/06\/5a7956eb3b-36x36.jpg 36w, https:\/\/fugleskydning.dk\/wp-content\/uploads\/2022\/06\/5a7956eb3b-180x180.jpg 180w\" sizes=\"auto, (max-width: 500px) 100vw, 500px\" \/><\/p>\n<\/div><\/section><\/div><div class='flex_column av-21lxsl-f35a5c440e07f4cc149ddbb2c644de3c av_one_fourth  avia-builder-el-6  el_after_av_one_half  avia-builder-el-last  flex_column_div '   ><\/div><\/p>\n","protected":false},"excerpt":{"rendered":"","protected":false},"author":2,"featured_media":0,"parent":0,"menu_order":0,"comment_status":"closed","ping_status":"closed","template":"","meta":{"om_disable_all_campaigns":false,"footnotes":""},"folder":[],"class_list":["post-5541","page","type-page","status-publish","hentry"],"_links":{"self":[{"href":"https:\/\/fugleskydning.dk\/index.php?rest_route=\/wp\/v2\/pages\/5541","targetHints":{"allow":["GET"]}}],"collection":[{"href":"https:\/\/fugleskydning.dk\/index.php?rest_route=\/wp\/v2\/pages"}],"about":[{"href":"https:\/\/fugleskydning.dk\/index.php?rest_route=\/wp\/v2\/types\/page"}],"author":[{"embeddable":true,"href":"https:\/\/fugleskydning.dk\/index.php?rest_route=\/wp\/v2\/users\/2"}],"replies":[{"embeddable":true,"href":"https:\/\/fugleskydning.dk\/index.php?rest_route=%2Fwp%2Fv2%2Fcomments&post=5541"}],"version-history":[{"count":0,"href":"https:\/\/fugleskydning.dk\/index.php?rest_route=\/wp\/v2\/pages\/5541\/revisions"}],"wp:attachment":[{"href":"https:\/\/fugleskydning.dk\/index.php?rest_route=%2Fwp%2Fv2%2Fmedia&parent=5541"}],"wp:term":[{"taxonomy":"folder","embeddable":true,"href":"https:\/\/fugleskydning.dk\/index.php?rest_route=%2Fwp%2Fv2%2Ffolder&post=5541"}],"curies":[{"name":"wp","href":"https:\/\/api.w.org\/{rel}","templated":true}]}}