{"id":5505,"date":"2024-04-10T20:15:47","date_gmt":"2024-04-10T18:15:47","guid":{"rendered":"https:\/\/fugleskydning.dk\/?page_id=5505"},"modified":"2025-02-16T14:57:17","modified_gmt":"2025-02-16T13:57:17","slug":"gitte-nurup","status":"publish","type":"page","link":"https:\/\/fugleskydning.dk\/?page_id=5505","title":{"rendered":"Gitte Nurup"},"content":{"rendered":"<div class='flex_column av-1124xt-520fec79b1c6422b19497ec5a27d4f5c av_one_half  avia-builder-el-0  el_before_av_section  avia-builder-el-no-sibling  first flex_column_div '   ><\/div>\n<\/div><\/div><\/div><!-- close content main div --><\/div><\/div><div id='av_section_1'  class='avia-section av-ya1jl-988fd838a4c4043d2ecae92afd79b61a main_color avia-section-default avia-no-border-styling  avia-builder-el-1  el_after_av_one_half  el_before_av_one_fourth  avia-bg-style-scroll container_wrap sidebar_right'  ><div class='container av-section-cont-open' ><div class='template-page content  av-content-small alpha units'><div class='post-entry post-entry-type-page post-entry-5505'><div class='entry-content-wrapper clearfix'>\n\n<style type=\"text\/css\" data-created_by=\"avia_inline_auto\" id=\"style-css-av-luu4vidf-df950e365d6735a08130f18a4f9cfdbf\">\n#top .av-special-heading.av-luu4vidf-df950e365d6735a08130f18a4f9cfdbf{\npadding-bottom:10px;\nfont-size:52px;\n}\nbody .av-special-heading.av-luu4vidf-df950e365d6735a08130f18a4f9cfdbf .av-special-heading-tag .heading-char{\nfont-size:25px;\n}\n#top #wrap_all .av-special-heading.av-luu4vidf-df950e365d6735a08130f18a4f9cfdbf .av-special-heading-tag{\nfont-size:52px;\n}\n.av-special-heading.av-luu4vidf-df950e365d6735a08130f18a4f9cfdbf .av-subheading{\nfont-size:24px;\n}\n<\/style>\n<div  class='av-special-heading av-luu4vidf-df950e365d6735a08130f18a4f9cfdbf av-special-heading-h2 blockquote modern-quote modern-centered  avia-builder-el-2  el_before_av_hr  avia-builder-el-first  av-inherit-size'><h2 class='av-special-heading-tag'  itemprop=\"headline\"  >Kongelig Hofmaler Gitte Nurup<\/h2><div class='av-subheading av-subheading_below'><p>Har malet 3 konge platter 2016, 2017 og 2023.<\/p>\n<\/div><div class=\"special-heading-border\"><div class=\"special-heading-inner-border\"><\/div><\/div><\/div>\n\n<style type=\"text\/css\" data-created_by=\"avia_inline_auto\" id=\"style-css-av-7w28oh-ac7796900f2b303dad26cacb3a79acb1\">\n#top .hr.av-7w28oh-ac7796900f2b303dad26cacb3a79acb1{\nmargin-top:30px;\nmargin-bottom:30px;\n}\n.hr.av-7w28oh-ac7796900f2b303dad26cacb3a79acb1 .hr-inner{\nwidth:50px;\nmax-width:45%;\n}\n<\/style>\n<div  class='hr av-7w28oh-ac7796900f2b303dad26cacb3a79acb1 hr-custom  avia-builder-el-3  el_after_av_heading  avia-builder-el-last  hr-center hr-icon-yes'><span class='hr-inner inner-border-av-border-thin'><span class=\"hr-inner-style\"><\/span><\/span><span class='av-seperator-icon' aria-hidden='true' data-av_icon='\ue844' data-av_iconfont='fontello'><\/span><span class='hr-inner inner-border-av-border-thin'><span class=\"hr-inner-style\"><\/span><\/span><\/div>\n<\/div><\/div><\/div><!-- close content main div --><\/div><\/div><div id='after_section_1'  class='main_color av_default_container_wrap container_wrap sidebar_right'  ><div class='container av-section-cont-open' ><div class='template-page content  av-content-small alpha units'><div class='post-entry post-entry-type-page post-entry-5505'><div class='entry-content-wrapper clearfix'><div class='flex_column av-604gu9-da0ad705866e817990ed668d85ff8db6 av_one_fourth  avia-builder-el-4  el_after_av_section  el_before_av_one_half  avia-builder-el-first  first flex_column_div '   ><\/div><\/p>\n<div class='flex_column av-4je3sh-a1c9b17836e404d4ac701cd3f44062ce av_one_half  avia-builder-el-5  el_after_av_one_fourth  el_before_av_one_fourth  flex_column_div '   ><section  class='av_textblock_section av-luu5dpkc-04eb39af2efb2dd2688548d30df8f601'  itemscope=\"itemscope\" itemtype=\"https:\/\/schema.org\/CreativeWork\" ><div class='avia_textblock'  itemprop=\"text\" ><div id=\"attachment_5508\" style=\"width: 589px\" class=\"wp-caption aligncenter\"><img loading=\"lazy\" decoding=\"async\" aria-describedby=\"caption-attachment-5508\" class=\"wp-image-5508 size-large\" src=\"https:\/\/fugleskydning.dk\/wp-content\/uploads\/2024\/04\/20180603_213131-579x1030.jpg\" alt=\"\" width=\"579\" height=\"1030\" srcset=\"https:\/\/fugleskydning.dk\/wp-content\/uploads\/2024\/04\/20180603_213131-579x1030.jpg 579w, https:\/\/fugleskydning.dk\/wp-content\/uploads\/2024\/04\/20180603_213131-169x300.jpg 169w, https:\/\/fugleskydning.dk\/wp-content\/uploads\/2024\/04\/20180603_213131-768x1365.jpg 768w, https:\/\/fugleskydning.dk\/wp-content\/uploads\/2024\/04\/20180603_213131-864x1536.jpg 864w, https:\/\/fugleskydning.dk\/wp-content\/uploads\/2024\/04\/20180603_213131-1152x2048.jpg 1152w, https:\/\/fugleskydning.dk\/wp-content\/uploads\/2024\/04\/20180603_213131-844x1500.jpg 844w, https:\/\/fugleskydning.dk\/wp-content\/uploads\/2024\/04\/20180603_213131-397x705.jpg 397w, https:\/\/fugleskydning.dk\/wp-content\/uploads\/2024\/04\/20180603_213131-scaled.jpg 1440w\" sizes=\"auto, (max-width: 579px) 100vw, 579px\" \/><p id=\"caption-attachment-5508\" class=\"wp-caption-text\">Gitte Nurup 2018<\/p><\/div>\n<p>I skrivende stund sidder jeg i mit atelier p\u00e5 Sams\u00f8.<\/p>\n<p>Jeg er blevet spurgt, om jeg vil skrive lidt om mig selv, fordi jeg to gange er blevet valgt til at male \u00e5rets fuglekongeplatte.<\/p>\n<p>F\u00f8rste platte er Ole Stenb\u00e6k Madsens \u2013 han blev fuglekonge i 2016. Ole og jeg har v\u00e6ret kollegaer i \u00e5revis, og sammen lavet mange sjove projekter bl.a. scenografi og kulisser til Efterskolen Solbakkens dramaforestillinger. I Oles verden kan alt lade sig g\u00f8re, et udgangspunkt, der klinger fint ind i min egen tilgang til det meste. Da Ole fortalte om platten og hele den fine historie, der ligger bag disse platter, blev jeg virkelig glad over at f\u00e5 muligheden at male noget, der kunne fort\u00e6lle Oles historie. Det blev et arbejde, hvor jeg med udgangspunkt i det Ole gerne ville have med i platten hele tiden \u00f8nskede at lade de kvaliteter, der for mig beskriver Ole, skinne igennem.<\/p>\n<p>I 2017 blev Henrik Bach fuglekonge, og da hans platte skulle males, var der et s\u00e6rligt sted som han gerne ville ta\u2019 udgangspunkt i. Vi m\u00f8dtes og Henrik viste med gl\u00e6de det smukke sted, hvor han bader hele \u00e5ret. Og jeg kunne med tilsvarende gl\u00e6de for stedet, fort\u00e6lle at det havde v\u00e6ret mit barn- og ungdoms badested, og hvordan jeg stadig, n\u00e5r jeg hopper i vandet d\u00e9r, kan fornemme min farmor, der altid sad p\u00e5 stenarmen og passede p\u00e5 os. S\u00e5 det var nemt at leve sig ind i Henriks begejstring for stedet.<\/p>\n<p>Min farmor har altid opmuntret mig til at dyrke billedsproget. Tidligt tog de mig med p\u00e5 museer, spillede klassisk musik, n\u00e5r vi sad samlet i den r\u00f8de hj\u00f8rnesofa i deres stue og de introducerede mig for ballet. Med tiden kunne vi godt have vidt forskelligt syn p\u00e5 den kunst vi s\u00e5 sammen, men opmuntringen til at skabe udtryk var der altid.<\/p>\n<p>Jeg har dyrket klassiske tegning og grafik og maleri p\u00e5 billedskoler i Odense og lavet pr-materialer og scenografi p\u00e5 Nedergade Teatret i Odense. Jeg tog min uddannelse som formgiver p\u00e5 Seminaret for Formgivning og har parallelt med mit job som efterskolel\u00e6rer arbejdet b\u00e5de med det to- og det tredimensionale udtryk i mange materialer.<\/p>\n<p>Siden jeg sagde farvel til efterskoleverdenen har jeg levet som keramiker, og har indg\u00e5et et fantastisk samarbejde i Sk\u00e6lsk\u00f8r med Cecilie Dige under navnet Keramikmakkerne.\u00a0 Samarbejdet best\u00e5r i at Cecilie drejer de smukkeste ting, som jeg s\u00e5 dekorere. Det er en sp\u00e6ndende proces at f\u00e5 form og dekoration samt funktion til at g\u00e5 op i en h\u00f8jere enhed, og at g\u00f8re det i f\u00e6llesskab er um\u00e5deligt berigende.<\/p>\n<p>Jeg tog i 2016 til indien og uddannede mig til yogal\u00e6rer, s\u00e5 jeg kunne f\u00e5 et ekstra ben til min levevej og \u00e5bnede derefter Yogini Huset i Sk\u00e6lsk\u00f8r. Jeg havde forestillet mig at denne sk\u00f8nne kombination af at udtrykke mig i billedsprog, samarbejde med Cecilie og undervise i yoga skulle v\u00e6re min vej langt ind i fremtiden.<\/p>\n<p>Og s\u00e5 er det at livet nogle gange f\u00f8rer \u00e9n ad helt uforudsete veje, for pludselig kom den mest vidunderlige mand ind i mit liv, hvilket f\u00f8rte til, at jeg nu sidder i mit atelier p\u00e5 Sams\u00f8, hvor der er god plads til l\u00e6rrederne og id\u00e9erne og leret ligger klar i mit nye keramikv\u00e6rksted. Det er sp\u00e6ndende og heldigvis forts\u00e6tter Cecilie og jeg vores samarbejde &#8211; der er slet ikke s\u00e5 langt fra Storeb\u00e6lt til Sams\u00f8, og i klart vejr kan man st\u00e5 p\u00e5 sydkysten, der nu er min badestrand og se Storeb\u00e6ltsbroen som p\u00e5 Henriks platte.<\/p>\n<p>Gitte Nurup<\/p>\n<p>Marts 2021<\/p>\n<h2 style=\"text-align: center;\"><strong>Gitte Nurup har malet disse 3 konge platter<\/strong><\/h2>\n<h2 style=\"text-align: center;\"><a href=\"https:\/\/fugleskydning.dk\/?portfolio=skydeinstruktoer-ole-s-madsen-2016\">Skydeinstrukt\u00f8r Ole S. Madsen Fuglekonge 2016<\/a><\/h2>\n<p><img loading=\"lazy\" decoding=\"async\" class=\"aligncenter wp-image-294 size-full\" src=\"https:\/\/fugleskydning.dk\/wp-content\/uploads\/2022\/06\/0b9eca3bc9.gif\" alt=\"\" width=\"500\" height=\"494\" \/><\/p>\n<div class=\"av-subheading av-subheading_below\">\n<h2 style=\"text-align: center;\"><a href=\"https:\/\/fugleskydning.dk\/?portfolio=energivejleder-henrik-bach\">Energivejleder Henrik Bach Fuglekonge 2017 \u2013 Statsminister 2009-2013 \u2013 \u00c6resmedlem 2022.<\/a><\/h2>\n<\/div>\n<p><img loading=\"lazy\" decoding=\"async\" class=\"aligncenter wp-image-101 size-full\" src=\"https:\/\/fugleskydning.dk\/wp-content\/uploads\/2022\/05\/0f8f70eafb.gif\" alt=\"\" width=\"796\" height=\"792\" \/><\/p>\n<h2 class=\"av-special-heading-tag\" style=\"text-align: center;\"><a href=\"https:\/\/fugleskydning.dk\/?portfolio=2022-thomas-laeby\">Teknisk Designer Lars P. Moosdorf Fuglekonge 2023<\/a><\/h2>\n<p><img loading=\"lazy\" decoding=\"async\" class=\"aligncenter wp-image-5836\" src=\"https:\/\/fugleskydning.dk\/wp-content\/uploads\/2024\/06\/2023-Platte-fritlagt-1030x1030.jpg\" alt=\"\" width=\"869\" height=\"869\" srcset=\"https:\/\/fugleskydning.dk\/wp-content\/uploads\/2024\/06\/2023-Platte-fritlagt-1030x1030.jpg 1030w, https:\/\/fugleskydning.dk\/wp-content\/uploads\/2024\/06\/2023-Platte-fritlagt-300x300.jpg 300w, https:\/\/fugleskydning.dk\/wp-content\/uploads\/2024\/06\/2023-Platte-fritlagt-80x80.jpg 80w, https:\/\/fugleskydning.dk\/wp-content\/uploads\/2024\/06\/2023-Platte-fritlagt-768x768.jpg 768w, https:\/\/fugleskydning.dk\/wp-content\/uploads\/2024\/06\/2023-Platte-fritlagt-1536x1536.jpg 1536w, https:\/\/fugleskydning.dk\/wp-content\/uploads\/2024\/06\/2023-Platte-fritlagt-36x36.jpg 36w, https:\/\/fugleskydning.dk\/wp-content\/uploads\/2024\/06\/2023-Platte-fritlagt-180x180.jpg 180w, https:\/\/fugleskydning.dk\/wp-content\/uploads\/2024\/06\/2023-Platte-fritlagt-1500x1500.jpg 1500w, https:\/\/fugleskydning.dk\/wp-content\/uploads\/2024\/06\/2023-Platte-fritlagt-705x705.jpg 705w, https:\/\/fugleskydning.dk\/wp-content\/uploads\/2024\/06\/2023-Platte-fritlagt.jpg 1810w\" sizes=\"auto, (max-width: 869px) 100vw, 869px\" \/><\/p>\n<div id=\"attachment_5837\" style=\"width: 697px\" class=\"wp-caption aligncenter\"><img loading=\"lazy\" decoding=\"async\" aria-describedby=\"caption-attachment-5837\" class=\"wp-image-5837 size-large\" src=\"https:\/\/fugleskydning.dk\/wp-content\/uploads\/2024\/06\/2023-Platte-med-Gitte-687x1030.jpg\" alt=\"\" width=\"687\" height=\"1030\" srcset=\"https:\/\/fugleskydning.dk\/wp-content\/uploads\/2024\/06\/2023-Platte-med-Gitte-687x1030.jpg 687w, https:\/\/fugleskydning.dk\/wp-content\/uploads\/2024\/06\/2023-Platte-med-Gitte-200x300.jpg 200w, https:\/\/fugleskydning.dk\/wp-content\/uploads\/2024\/06\/2023-Platte-med-Gitte-768x1151.jpg 768w, https:\/\/fugleskydning.dk\/wp-content\/uploads\/2024\/06\/2023-Platte-med-Gitte-1024x1536.jpg 1024w, https:\/\/fugleskydning.dk\/wp-content\/uploads\/2024\/06\/2023-Platte-med-Gitte-1366x2048.jpg 1366w, https:\/\/fugleskydning.dk\/wp-content\/uploads\/2024\/06\/2023-Platte-med-Gitte-1000x1500.jpg 1000w, https:\/\/fugleskydning.dk\/wp-content\/uploads\/2024\/06\/2023-Platte-med-Gitte-470x705.jpg 470w, https:\/\/fugleskydning.dk\/wp-content\/uploads\/2024\/06\/2023-Platte-med-Gitte.jpg 1502w\" sizes=\"auto, (max-width: 687px) 100vw, 687px\" \/><p id=\"caption-attachment-5837\" class=\"wp-caption-text\">Gitte Nurup og kong Lars i 2024<\/p><\/div>\n<p>Oplagt af Henrik Bach 2024<\/p>\n<p><img loading=\"lazy\" decoding=\"async\" class=\"alignnone size-medium wp-image-4971\" src=\"https:\/\/fugleskydning.dk\/wp-content\/uploads\/2023\/01\/kffs-300x71.jpg\" alt=\"\" width=\"300\" height=\"71\" srcset=\"https:\/\/fugleskydning.dk\/wp-content\/uploads\/2023\/01\/kffs-300x71.jpg 300w, https:\/\/fugleskydning.dk\/wp-content\/uploads\/2023\/01\/kffs.jpg 460w\" sizes=\"auto, (max-width: 300px) 100vw, 300px\" \/><\/p>\n<\/div><\/section><\/div>\n<div class='flex_column av-37qctd-193324e49eab441f8cdd79f20af0a829 av_one_fourth  avia-builder-el-7  el_after_av_one_half  avia-builder-el-last  flex_column_div '   ><\/div>\n","protected":false},"excerpt":{"rendered":"","protected":false},"author":2,"featured_media":0,"parent":0,"menu_order":0,"comment_status":"closed","ping_status":"closed","template":"","meta":{"om_disable_all_campaigns":false,"footnotes":""},"folder":[],"class_list":["post-5505","page","type-page","status-publish","hentry"],"_links":{"self":[{"href":"https:\/\/fugleskydning.dk\/index.php?rest_route=\/wp\/v2\/pages\/5505","targetHints":{"allow":["GET"]}}],"collection":[{"href":"https:\/\/fugleskydning.dk\/index.php?rest_route=\/wp\/v2\/pages"}],"about":[{"href":"https:\/\/fugleskydning.dk\/index.php?rest_route=\/wp\/v2\/types\/page"}],"author":[{"embeddable":true,"href":"https:\/\/fugleskydning.dk\/index.php?rest_route=\/wp\/v2\/users\/2"}],"replies":[{"embeddable":true,"href":"https:\/\/fugleskydning.dk\/index.php?rest_route=%2Fwp%2Fv2%2Fcomments&post=5505"}],"version-history":[{"count":0,"href":"https:\/\/fugleskydning.dk\/index.php?rest_route=\/wp\/v2\/pages\/5505\/revisions"}],"wp:attachment":[{"href":"https:\/\/fugleskydning.dk\/index.php?rest_route=%2Fwp%2Fv2%2Fmedia&parent=5505"}],"wp:term":[{"taxonomy":"folder","embeddable":true,"href":"https:\/\/fugleskydning.dk\/index.php?rest_route=%2Fwp%2Fv2%2Ffolder&post=5505"}],"curies":[{"name":"wp","href":"https:\/\/api.w.org\/{rel}","templated":true}]}}