{"id":55,"date":"2022-05-30T14:27:44","date_gmt":"2022-05-30T12:27:44","guid":{"rendered":"https:\/\/fugleskydning.manana-manana.dk\/?page_id=55"},"modified":"2023-09-30T09:39:33","modified_gmt":"2023-09-30T07:39:33","slug":"kongeforeningen","status":"publish","type":"page","link":"https:\/\/fugleskydning.dk\/?page_id=55","title":{"rendered":"Kongeforeningen"},"content":{"rendered":"<div id='av_section_1'  class='avia-section av-38uzj-97018b54b59eb6885599600c1c0579ec main_color avia-section-default avia-no-border-styling  avia-builder-el-0  el_before_av_one_fourth  avia-builder-el-first  avia-bg-style-scroll container_wrap sidebar_right'  ><div class='container av-section-cont-open' ><main  role=\"main\" itemprop=\"mainContentOfPage\"  class='template-page content  av-content-small alpha units'><div class='post-entry post-entry-type-page post-entry-55'><div class='entry-content-wrapper clearfix'>\n\n<style type=\"text\/css\" data-created_by=\"avia_inline_auto\" id=\"style-css-av-ldszsydt-33a65a33cb94ab7fcc67cbb7e2cf8750\">\n#top .av-special-heading.av-ldszsydt-33a65a33cb94ab7fcc67cbb7e2cf8750{\npadding-bottom:10px;\nfont-size:52px;\n}\nbody .av-special-heading.av-ldszsydt-33a65a33cb94ab7fcc67cbb7e2cf8750 .av-special-heading-tag .heading-char{\nfont-size:25px;\n}\n#top #wrap_all .av-special-heading.av-ldszsydt-33a65a33cb94ab7fcc67cbb7e2cf8750 .av-special-heading-tag{\nfont-size:52px;\n}\n.av-special-heading.av-ldszsydt-33a65a33cb94ab7fcc67cbb7e2cf8750 .av-subheading{\nfont-size:24px;\n}\n<\/style>\n<div  class='av-special-heading av-ldszsydt-33a65a33cb94ab7fcc67cbb7e2cf8750 av-special-heading-h2 blockquote modern-quote modern-centered  avia-builder-el-1  el_before_av_hr  avia-builder-el-first  av-inherit-size'><h2 class='av-special-heading-tag'  itemprop=\"headline\"  >Kors\u00f8r Fugleskydning &#8211; <span class='special_amp'>&amp;<\/span> Forsk\u00f8nnelsesselskabs Kongeforening <\/h2><div class='av-subheading av-subheading_below'><p>Stiftet torsdag den 12  januar 2005<\/p>\n<\/div><div class=\"special-heading-border\"><div class=\"special-heading-inner-border\"><\/div><\/div><\/div>\n\n<style type=\"text\/css\" data-created_by=\"avia_inline_auto\" id=\"style-css-av-a1jf-cac50ee179dbf911aee4eb3c00bdbc13\">\n#top .hr.av-a1jf-cac50ee179dbf911aee4eb3c00bdbc13{\nmargin-top:30px;\nmargin-bottom:30px;\n}\n.hr.av-a1jf-cac50ee179dbf911aee4eb3c00bdbc13 .hr-inner{\nwidth:50px;\nmax-width:45%;\n}\n<\/style>\n<div  class='hr av-a1jf-cac50ee179dbf911aee4eb3c00bdbc13 hr-custom  avia-builder-el-2  el_after_av_heading  avia-builder-el-last  hr-center hr-icon-yes'><span class='hr-inner inner-border-av-border-thin'><span class=\"hr-inner-style\"><\/span><\/span><span class='av-seperator-icon' aria-hidden='true' data-av_icon='\ue844' data-av_iconfont='fontello'><\/span><span class='hr-inner inner-border-av-border-thin'><span class=\"hr-inner-style\"><\/span><\/span><\/div>\n<\/div><\/div><\/main><!-- close content main element --><\/div><\/div><div id='after_section_1'  class='main_color av_default_container_wrap container_wrap sidebar_right'  ><div class='container av-section-cont-open' ><div class='template-page content  av-content-small alpha units'><div class='post-entry post-entry-type-page post-entry-55'><div class='entry-content-wrapper clearfix'>\n<div class='flex_column av-2554j-2ea81f8baa277462ee73b1e396927895 av_one_fourth  avia-builder-el-3  el_after_av_section  el_before_av_one_half  avia-builder-el-first  first flex_column_div '   ><\/div>\n<div class='flex_column av-1fw0r-030e9a6063c3d30879fd7b7a5da4c793 av_one_half  avia-builder-el-4  el_after_av_one_fourth  el_before_av_one_fourth  flex_column_div '   ><section  class='av_textblock_section av-ldt01a57-4a7abeec4a45b58d134700149ad0c7d8'  itemscope=\"itemscope\" itemtype=\"https:\/\/schema.org\/CreativeWork\" ><div class='avia_textblock'  itemprop=\"text\" ><div id=\"c73\" class=\"csc-default\">\n<h4><strong>Der var kongeligt taffel p\u00e5 restaurant Madam Bagger.<\/strong><\/h4>\n<p>Kors\u00f8r Fugleskydning og Forsk\u00f8nnelsesselskab&#8217;s Kongeforening holdte Generalforsamling. torsdag den 31. august 2023.<br \/>\nForeningen t\u00e6ller 25 konger, og 17 af dem, havde valgt at deltage i \u00e5rets generalforsamling.<br \/>\nForeningens form\u00e5l er og st\u00f8tte op omkring fugleskydning selskabet og Sommerlyst.<br \/>\nBestyrelsen best\u00e5r af:<br \/>\nKim Hansen, S\u00f8ren K\u00e6rn, Kurt S\u00f8rensen og Henrik Bach.<br \/>\nDer blev udvekslet mange gode minder og historier for selskabets lange historie der har r\u00f8dder helt tilbage til 1805, Det kan der l\u00e6ses meget mere om p\u00e5 fugleskydning DK<br \/>\nBlandt de fremm\u00f8dte var der et spring p\u00e5 46 \u00e5r fra Frank Olsen der var fuglekonge 1977 og til den regerende fuglekonge Lars Moosdorf 2023.<\/p>\n<div id=\"attachment_5155\" style=\"width: 1040px\" class=\"wp-caption aligncenter\"><img loading=\"lazy\" decoding=\"async\" aria-describedby=\"caption-attachment-5155\" class=\"wp-image-5155 size-large\" src=\"https:\/\/fugleskydning.dk\/wp-content\/uploads\/2023\/09\/2023-Konger-31-8-1030x606.jpg\" alt=\"\" width=\"1030\" height=\"606\" srcset=\"https:\/\/fugleskydning.dk\/wp-content\/uploads\/2023\/09\/2023-Konger-31-8-1030x606.jpg 1030w, https:\/\/fugleskydning.dk\/wp-content\/uploads\/2023\/09\/2023-Konger-31-8-300x177.jpg 300w, https:\/\/fugleskydning.dk\/wp-content\/uploads\/2023\/09\/2023-Konger-31-8-768x452.jpg 768w, https:\/\/fugleskydning.dk\/wp-content\/uploads\/2023\/09\/2023-Konger-31-8-1536x904.jpg 1536w, https:\/\/fugleskydning.dk\/wp-content\/uploads\/2023\/09\/2023-Konger-31-8-2048x1205.jpg 2048w, https:\/\/fugleskydning.dk\/wp-content\/uploads\/2023\/09\/2023-Konger-31-8-1500x883.jpg 1500w, https:\/\/fugleskydning.dk\/wp-content\/uploads\/2023\/09\/2023-Konger-31-8-705x415.jpg 705w\" sizes=\"auto, (max-width: 1030px) 100vw, 1030px\" \/><p id=\"caption-attachment-5155\" class=\"wp-caption-text\">De 17 konger p\u00e5 billedet er, fra venstre. Henrik Bach fuglekonge 2017, Steen Friis Olsen 2010, Kurt S\u00f8rensen 2006, Kjeld Boye 1986, Allan Hessel 2023, Lars Moosdorf regerende fuglekonge 2023, Frank Olsen 1977, Peter Christensen 2015, Kim Hansen 2000, Jan L\u00e6by 2019-21, Ren\u00e9 H\u00f8yer 2018, Ole Stenb\u00e6k Madsen 2016, Niels Erik Jacobsen 2014, Thomas L\u00e6by 2022, S\u00f8ren K\u00e6rn 2008, J\u00f8rgen Klode 2012 og Kurt Rehder fuglekonge i 1998.<\/p><\/div>\n<h2><img loading=\"lazy\" decoding=\"async\" class=\"aligncenter wp-image-5162 size-large\" src=\"https:\/\/fugleskydning.dk\/wp-content\/uploads\/2023\/09\/20230831_183411-1030x579.jpg\" alt=\"\" width=\"1030\" height=\"579\" srcset=\"https:\/\/fugleskydning.dk\/wp-content\/uploads\/2023\/09\/20230831_183411-1030x579.jpg 1030w, https:\/\/fugleskydning.dk\/wp-content\/uploads\/2023\/09\/20230831_183411-300x169.jpg 300w, https:\/\/fugleskydning.dk\/wp-content\/uploads\/2023\/09\/20230831_183411-768x432.jpg 768w, https:\/\/fugleskydning.dk\/wp-content\/uploads\/2023\/09\/20230831_183411-1536x864.jpg 1536w, https:\/\/fugleskydning.dk\/wp-content\/uploads\/2023\/09\/20230831_183411-2048x1152.jpg 2048w, https:\/\/fugleskydning.dk\/wp-content\/uploads\/2023\/09\/20230831_183411-1500x844.jpg 1500w, https:\/\/fugleskydning.dk\/wp-content\/uploads\/2023\/09\/20230831_183411-705x397.jpg 705w\" sizes=\"auto, (max-width: 1030px) 100vw, 1030px\" \/><img loading=\"lazy\" decoding=\"async\" class=\"aligncenter wp-image-5161 size-large\" src=\"https:\/\/fugleskydning.dk\/wp-content\/uploads\/2023\/09\/20230831_183403-1030x579.jpg\" alt=\"\" width=\"1030\" height=\"579\" srcset=\"https:\/\/fugleskydning.dk\/wp-content\/uploads\/2023\/09\/20230831_183403-1030x579.jpg 1030w, https:\/\/fugleskydning.dk\/wp-content\/uploads\/2023\/09\/20230831_183403-300x169.jpg 300w, https:\/\/fugleskydning.dk\/wp-content\/uploads\/2023\/09\/20230831_183403-768x432.jpg 768w, https:\/\/fugleskydning.dk\/wp-content\/uploads\/2023\/09\/20230831_183403-1536x864.jpg 1536w, https:\/\/fugleskydning.dk\/wp-content\/uploads\/2023\/09\/20230831_183403-2048x1152.jpg 2048w, https:\/\/fugleskydning.dk\/wp-content\/uploads\/2023\/09\/20230831_183403-1500x844.jpg 1500w, https:\/\/fugleskydning.dk\/wp-content\/uploads\/2023\/09\/20230831_183403-705x397.jpg 705w\" sizes=\"auto, (max-width: 1030px) 100vw, 1030px\" \/><\/h2>\n<div id=\"attachment_5160\" style=\"width: 1040px\" class=\"wp-caption aligncenter\"><img loading=\"lazy\" decoding=\"async\" aria-describedby=\"caption-attachment-5160\" class=\"wp-image-5160 size-large\" src=\"https:\/\/fugleskydning.dk\/wp-content\/uploads\/2023\/09\/20230831_183352-1030x579.jpg\" alt=\"\" width=\"1030\" height=\"579\" srcset=\"https:\/\/fugleskydning.dk\/wp-content\/uploads\/2023\/09\/20230831_183352-1030x579.jpg 1030w, https:\/\/fugleskydning.dk\/wp-content\/uploads\/2023\/09\/20230831_183352-300x169.jpg 300w, https:\/\/fugleskydning.dk\/wp-content\/uploads\/2023\/09\/20230831_183352-768x432.jpg 768w, https:\/\/fugleskydning.dk\/wp-content\/uploads\/2023\/09\/20230831_183352-1536x864.jpg 1536w, https:\/\/fugleskydning.dk\/wp-content\/uploads\/2023\/09\/20230831_183352-2048x1152.jpg 2048w, https:\/\/fugleskydning.dk\/wp-content\/uploads\/2023\/09\/20230831_183352-1500x844.jpg 1500w, https:\/\/fugleskydning.dk\/wp-content\/uploads\/2023\/09\/20230831_183352-705x397.jpg 705w\" sizes=\"auto, (max-width: 1030px) 100vw, 1030px\" \/><p id=\"caption-attachment-5160\" class=\"wp-caption-text\">Der er i dag 37 konger som lever, den \u00e6ldste var konge i 1972.<\/p><\/div>\n<h2><img loading=\"lazy\" decoding=\"async\" class=\"aligncenter wp-image-5159 size-large\" src=\"https:\/\/fugleskydning.dk\/wp-content\/uploads\/2023\/09\/20230831_183332-1030x579.jpg\" alt=\"\" width=\"1030\" height=\"579\" srcset=\"https:\/\/fugleskydning.dk\/wp-content\/uploads\/2023\/09\/20230831_183332-1030x579.jpg 1030w, https:\/\/fugleskydning.dk\/wp-content\/uploads\/2023\/09\/20230831_183332-300x169.jpg 300w, https:\/\/fugleskydning.dk\/wp-content\/uploads\/2023\/09\/20230831_183332-768x432.jpg 768w, https:\/\/fugleskydning.dk\/wp-content\/uploads\/2023\/09\/20230831_183332-1536x864.jpg 1536w, https:\/\/fugleskydning.dk\/wp-content\/uploads\/2023\/09\/20230831_183332-2048x1152.jpg 2048w, https:\/\/fugleskydning.dk\/wp-content\/uploads\/2023\/09\/20230831_183332-1500x844.jpg 1500w, https:\/\/fugleskydning.dk\/wp-content\/uploads\/2023\/09\/20230831_183332-705x397.jpg 705w\" sizes=\"auto, (max-width: 1030px) 100vw, 1030px\" \/><img loading=\"lazy\" decoding=\"async\" class=\"aligncenter wp-image-5157 size-large\" src=\"https:\/\/fugleskydning.dk\/wp-content\/uploads\/2023\/09\/20230831_183314-1030x579.jpg\" alt=\"\" width=\"1030\" height=\"579\" srcset=\"https:\/\/fugleskydning.dk\/wp-content\/uploads\/2023\/09\/20230831_183314-1030x579.jpg 1030w, https:\/\/fugleskydning.dk\/wp-content\/uploads\/2023\/09\/20230831_183314-300x169.jpg 300w, https:\/\/fugleskydning.dk\/wp-content\/uploads\/2023\/09\/20230831_183314-768x432.jpg 768w, https:\/\/fugleskydning.dk\/wp-content\/uploads\/2023\/09\/20230831_183314-1536x864.jpg 1536w, https:\/\/fugleskydning.dk\/wp-content\/uploads\/2023\/09\/20230831_183314-2048x1152.jpg 2048w, https:\/\/fugleskydning.dk\/wp-content\/uploads\/2023\/09\/20230831_183314-1500x844.jpg 1500w, https:\/\/fugleskydning.dk\/wp-content\/uploads\/2023\/09\/20230831_183314-705x397.jpg 705w\" sizes=\"auto, (max-width: 1030px) 100vw, 1030px\" \/><\/h2>\n<h2><\/h2>\n<h2><img loading=\"lazy\" decoding=\"async\" class=\"alignnone size-medium wp-image-4971\" src=\"https:\/\/fugleskydning.dk\/wp-content\/uploads\/2023\/01\/kffs-300x71.jpg\" alt=\"\" width=\"300\" height=\"71\" srcset=\"https:\/\/fugleskydning.dk\/wp-content\/uploads\/2023\/01\/kffs-300x71.jpg 300w, https:\/\/fugleskydning.dk\/wp-content\/uploads\/2023\/01\/kffs.jpg 460w\" sizes=\"auto, (max-width: 300px) 100vw, 300px\" \/><\/h2>\n<h2 style=\"text-align: center;\">Konger 2018<\/h2>\n<div id=\"attachment_3470\" style=\"width: 806px\" class=\"wp-caption aligncenter\"><img loading=\"lazy\" decoding=\"async\" aria-describedby=\"caption-attachment-3470\" class=\"wp-image-3470 size-full\" src=\"http:\/\/fugleskydning.dk\/wp-content\/uploads\/2023\/02\/115b2548c9.gif\" alt=\"\" width=\"796\" height=\"597\" \/><p id=\"caption-attachment-3470\" class=\"wp-caption-text\">Fra h\u00f8jre til venstre. Aage Thatis Hansen 1984. Kjeld Boye 1986. Steen Friis-Olsen 2010. Ole S. Madsen 2016. Poul M\u00f8ller 2013. Kim Hansen 2000. Arne Weldingh 2009. Flemming Christiansen 1999. Henrik Bach 2017. Frank Wejby Olsen 1977. Chr. Christensen 1997. John Nielsen 1983. Per S. Madsen 1991. Kurt S\u00f8rensen 2006. S\u00f8ren Bak-Gulev 2011 og Peter Christensen 2015.<\/p><\/div>\n<p><strong>Kors\u00f8r Fugleskydning &#8211; og Forsk\u00f8nnelsesselskabs Kongeforening.<\/strong><\/p>\n<p>Torsdag den 12 januar 2005 blev der indkaldt til stiftende generalforsamling, hvor Kjeld Boye fortalte om hvilke tanker man havde gjort sig med en s\u00e5dan forening.<br \/>\nDer vil ikke v\u00e6re tale om at man \u00f8nsker indflydelse i Kors\u00f8r Fugleskydning- &amp; Forsk\u00f8nnelsesselskabs arbejde. Det skal v\u00e6re en eksklusiv og forn\u00f8jelig forening, som vil v\u00e6rne om de gode traditioner og m\u00e5ske tilf\u00f8je nye. Bl.a. vil der blive en speciel ceremoni for den afg\u00e5ende Fuglekonge og en optagelsesritualfor nye Konger i Kongeforeningen.<br \/>\nP\u00e5 Fugleskydningsdagen vil alle medlemmer af Kongeforeningen have en speciel hat p\u00e5 som skiller sig ud fra \u00f8vrige medlemmers fugleskydningshat . Et \u00f8lkrus med monogram\/byv\u00e5ben og navn vil blive fremstillet og st\u00e5 til r\u00e5dighed i Sommerlyst. Man vil ogs\u00e5 pr\u00f8ve at f\u00e5 lavet sin egen Kongesang\/sk\u00e5lsang p\u00e5 2-3 vers.<\/p>\n<p>Kors\u00f8r Fugleskydning &#8211; &amp; Forsk\u00f8nnelsesselskabs Kongeforening, bliver foreningens fulde navn. Advokat Kim Hansen fremlagde foreningens love, som efter nogle sm\u00e5 tilretninger blev enstemmigt vedtaget af de 15 tidligere Konger som var m\u00f8dt til den stiftende generalforsamling.<\/p>\n<div id=\"attachment_3469\" style=\"width: 510px\" class=\"wp-caption aligncenter\"><img loading=\"lazy\" decoding=\"async\" aria-describedby=\"caption-attachment-3469\" class=\"wp-image-3469 size-full\" src=\"http:\/\/fugleskydning.dk\/wp-content\/uploads\/2023\/02\/Kongeforeningen.jpg\" alt=\"\" width=\"500\" height=\"332\" srcset=\"https:\/\/fugleskydning.dk\/wp-content\/uploads\/2023\/02\/Kongeforeningen.jpg 500w, https:\/\/fugleskydning.dk\/wp-content\/uploads\/2023\/02\/Kongeforeningen-300x199.jpg 300w\" sizes=\"auto, (max-width: 500px) 100vw, 500px\" \/><p id=\"caption-attachment-3469\" class=\"wp-caption-text\">Fra 12 jan 2005. Forreste r\u00e6kke fra venstre: Henrik Svendsen, Kim Hansen, Kjeld Boye , John \u00bb Carlsberg \u00ab Nielsen, Aage Thatis Hansen og Erik Meincke, Bageste r\u00e6kke fra venstre: Frede Kj\u00e6rsgaard , Gustav Jepsen, Flemming Christiansen, Erik Hansen, Arne Svendsen, Per S. Madsen, Poul Nissen,J\u00f8rgen Nayberg og Holger Pedersen.<\/p><\/div>\n<p>Sb\/Hb. den 20 januar 2005<\/p>\n<p class=\"bodytext\">\n<\/div>\n<\/div><\/section><\/div><div class='flex_column av-13i3z-9b7190b1c1dc7edf36c6aa29e99d8e83 av_one_fourth  avia-builder-el-6  el_after_av_one_half  avia-builder-el-last  flex_column_div '   ><\/div><\/p>\n","protected":false},"excerpt":{"rendered":"","protected":false},"author":1,"featured_media":0,"parent":0,"menu_order":8,"comment_status":"closed","ping_status":"closed","template":"","meta":{"om_disable_all_campaigns":false,"footnotes":""},"folder":[],"class_list":["post-55","page","type-page","status-publish","hentry"],"_links":{"self":[{"href":"https:\/\/fugleskydning.dk\/index.php?rest_route=\/wp\/v2\/pages\/55","targetHints":{"allow":["GET"]}}],"collection":[{"href":"https:\/\/fugleskydning.dk\/index.php?rest_route=\/wp\/v2\/pages"}],"about":[{"href":"https:\/\/fugleskydning.dk\/index.php?rest_route=\/wp\/v2\/types\/page"}],"author":[{"embeddable":true,"href":"https:\/\/fugleskydning.dk\/index.php?rest_route=\/wp\/v2\/users\/1"}],"replies":[{"embeddable":true,"href":"https:\/\/fugleskydning.dk\/index.php?rest_route=%2Fwp%2Fv2%2Fcomments&post=55"}],"version-history":[{"count":0,"href":"https:\/\/fugleskydning.dk\/index.php?rest_route=\/wp\/v2\/pages\/55\/revisions"}],"wp:attachment":[{"href":"https:\/\/fugleskydning.dk\/index.php?rest_route=%2Fwp%2Fv2%2Fmedia&parent=55"}],"wp:term":[{"taxonomy":"folder","embeddable":true,"href":"https:\/\/fugleskydning.dk\/index.php?rest_route=%2Fwp%2Fv2%2Ffolder&post=55"}],"curies":[{"name":"wp","href":"https:\/\/api.w.org\/{rel}","templated":true}]}}