{"id":5493,"date":"2024-04-10T19:35:14","date_gmt":"2024-04-10T17:35:14","guid":{"rendered":"https:\/\/fugleskydning.dk\/?page_id=5493"},"modified":"2025-02-16T14:59:06","modified_gmt":"2025-02-16T13:59:06","slug":"2017-susanne-thea","status":"publish","type":"page","link":"https:\/\/fugleskydning.dk\/?page_id=5493","title":{"rendered":"Kongelig Hofmaler Susanne Thea"},"content":{"rendered":"<div id='av_section_1'  class='avia-section av-9f59k5-e2370bcd0174b744541378d925e505bd main_color avia-section-default avia-no-border-styling  avia-builder-el-0  el_before_av_one_fourth  avia-builder-el-first  avia-bg-style-scroll container_wrap sidebar_right'  ><div class='container av-section-cont-open' ><main  role=\"main\" itemprop=\"mainContentOfPage\"  class='template-page content  av-content-small alpha units'><div class='post-entry post-entry-type-page post-entry-5493'><div class='entry-content-wrapper clearfix'>\n\n<style type=\"text\/css\" data-created_by=\"avia_inline_auto\" id=\"style-css-av-luu3hdpr-cf82d9216b329d50c187bead50c5a7c4\">\n#top .av-special-heading.av-luu3hdpr-cf82d9216b329d50c187bead50c5a7c4{\npadding-bottom:10px;\nfont-size:52px;\n}\nbody .av-special-heading.av-luu3hdpr-cf82d9216b329d50c187bead50c5a7c4 .av-special-heading-tag .heading-char{\nfont-size:25px;\n}\n#top #wrap_all .av-special-heading.av-luu3hdpr-cf82d9216b329d50c187bead50c5a7c4 .av-special-heading-tag{\nfont-size:52px;\n}\n.av-special-heading.av-luu3hdpr-cf82d9216b329d50c187bead50c5a7c4 .av-subheading{\nfont-size:24px;\n}\n<\/style>\n<div  class='av-special-heading av-luu3hdpr-cf82d9216b329d50c187bead50c5a7c4 av-special-heading-h2 blockquote modern-quote modern-centered  avia-builder-el-1  el_before_av_hr  avia-builder-el-first  av-inherit-size'><h2 class='av-special-heading-tag'  itemprop=\"headline\"  >Kongelig Hofmaler Susanne Thea.<\/h2><div class='av-subheading av-subheading_below'><p>Har malet 3 konge platter 2014, 2019 og 2019.<\/p>\n<\/div><div class=\"special-heading-border\"><div class=\"special-heading-inner-border\"><\/div><\/div><\/div>\n\n<style type=\"text\/css\" data-created_by=\"avia_inline_auto\" id=\"style-css-av-r3rp1-34d0860cd82567eefe0a42111751bd94\">\n#top .hr.av-r3rp1-34d0860cd82567eefe0a42111751bd94{\nmargin-top:30px;\nmargin-bottom:30px;\n}\n.hr.av-r3rp1-34d0860cd82567eefe0a42111751bd94 .hr-inner{\nwidth:50px;\nmax-width:45%;\n}\n<\/style>\n<div  class='hr av-r3rp1-34d0860cd82567eefe0a42111751bd94 hr-custom  avia-builder-el-2  el_after_av_heading  avia-builder-el-last  hr-center hr-icon-yes'><span class='hr-inner inner-border-av-border-thin'><span class=\"hr-inner-style\"><\/span><\/span><span class='av-seperator-icon' aria-hidden='true' data-av_icon='\ue844' data-av_iconfont='fontello'><\/span><span class='hr-inner inner-border-av-border-thin'><span class=\"hr-inner-style\"><\/span><\/span><\/div>\n<\/div><\/div><\/main><!-- close content main element --><\/div><\/div><div id='after_section_1'  class='main_color av_default_container_wrap container_wrap sidebar_right'  ><div class='container av-section-cont-open' ><div class='template-page content  av-content-small alpha units'><div class='post-entry post-entry-type-page post-entry-5493'><div class='entry-content-wrapper clearfix'><div class='flex_column av-5gviud-15892e3a3da6e22418dbd8970f45a515 av_one_fourth  avia-builder-el-3  el_after_av_section  el_before_av_one_half  avia-builder-el-first  first flex_column_div '   ><\/div><\/p>\n<div class='flex_column av-4bxbut-cb027fc163f299ae35146025e2256f19 av_one_half  avia-builder-el-4  el_after_av_one_fourth  el_before_av_one_fourth  flex_column_div '   ><section  class='av_textblock_section av-luu3wmqa-7396c04968aeda321a6994a9af6ebc37'  itemscope=\"itemscope\" itemtype=\"https:\/\/schema.org\/CreativeWork\" ><div class='avia_textblock'  itemprop=\"text\" ><p><strong>\u00a0<\/strong><\/p>\n<p><img loading=\"lazy\" decoding=\"async\" class=\"aligncenter wp-image-5497 size-large\" style=\"margin-top: 0px; margin-bottom: 0px;\" src=\"https:\/\/fugleskydning.dk\/wp-content\/uploads\/2024\/04\/20210308_121815-579x1030.jpg\" alt=\"\" width=\"579\" height=\"1030\" srcset=\"https:\/\/fugleskydning.dk\/wp-content\/uploads\/2024\/04\/20210308_121815-579x1030.jpg 579w, https:\/\/fugleskydning.dk\/wp-content\/uploads\/2024\/04\/20210308_121815-169x300.jpg 169w, https:\/\/fugleskydning.dk\/wp-content\/uploads\/2024\/04\/20210308_121815-768x1365.jpg 768w, https:\/\/fugleskydning.dk\/wp-content\/uploads\/2024\/04\/20210308_121815-864x1536.jpg 864w, https:\/\/fugleskydning.dk\/wp-content\/uploads\/2024\/04\/20210308_121815-1152x2048.jpg 1152w, https:\/\/fugleskydning.dk\/wp-content\/uploads\/2024\/04\/20210308_121815-844x1500.jpg 844w, https:\/\/fugleskydning.dk\/wp-content\/uploads\/2024\/04\/20210308_121815-397x705.jpg 397w, https:\/\/fugleskydning.dk\/wp-content\/uploads\/2024\/04\/20210308_121815-scaled.jpg 1440w\" sizes=\"auto, (max-width: 579px) 100vw, 579px\" \/><\/p>\n<p><strong>Susanne Thea<\/strong>\u00a0er en anerkendt kunstner, hvis 72 meter\u00a0<strong>&#8220;Paraphrase of the Bayeux Tapestry&#8221;<\/strong>\u00a0, hendes udstilling\u00a0<strong>&#8220;De kom fra det m\u00f8rkebl\u00e5 hav ..&#8221;<\/strong>\u00a016,5 meter t\u00f8rt punkt og monotype der illustrerer slaget ved Clontarf 1014, vikingerne ud af Irland eller &#8230; og unikt personligt figurativt sprog har\u00a0<strong>tiltrukket international opm\u00e6rksomhed<\/strong> og forst\u00e5elig nok en stor interesse fra museer over hele verden.<\/p>\n<p>Hun bruges som g\u00e6steforel\u00e6ser af kunsth\u00f8jskoler, der holder foredrag og introduktioner til sit opfindelige og vittige figurati-sprog og \u00e6tsning og udskrivningsteknikker, hun favoriserer.<\/p>\n<p>&#8220;Jeg tager en meget fri og eksperimenterende tilgang til mit arbejde og bruger mere end 400 \u00e5r gammel grafik og udskriver teckniques til mine kobberetsninger, tr\u00e6snit og monotyper. P\u00e5 denne m\u00e5de er jeg i stand til at skabe, meget pr\u00e6cist, billede, som jeg har i tankerne. &#8220;<\/p>\n<p>Hendes detaljerede billeder tiltr\u00e6kker opm\u00e6rksomhed p\u00e5 grund af deres uds\u00f8gte stil og sans for humor;\u00a0og der er nye opdagelser, der skal g\u00f8res, hver gang du vender tilbage til dem.<\/p>\n<p><em>Jeg gl\u00e6der mig over verbal og ikke-verbal dialog.\u00a0&#8216;Fort\u00e6lling&#8217; er et vigtigt aspekt af min kunst<\/em><\/p>\n<p><em>Susanne Thea<\/em><\/p>\n<p><strong>Susanne Thea<\/strong>\u00a0blev f\u00f8dt i Danmark og uddannet i Australien og Danmark.<\/p>\n<p>Hun har modtaget udstillings- og rejsestipendier b\u00e5de hjemme og i udlandet er medlem af internationale grahiske workshops og er repr\u00e6senteret i Sverige, Italien, Holland, Tyskland, Storbritannien, Australien og Canada samt p\u00e5 museer i Danmark, Irland, USA og Fiji-\u00f8erne, i september &#8211; november 2014\u00a0, udstilles\u00a0hendes\u00a0<strong>parafras af Bayeux<\/strong>\u00a0p\u00e5\u00a0<strong>Muse\u00e9 de la Tapisserie de Bayeux, Normandi, Frankrig,<\/strong>\u00a0og\u00a0<strong>Susanne Thea<\/strong> m\u00f8der den broderede tapet for f\u00f8rste gang.\u00a0<img loading=\"lazy\" decoding=\"async\" class=\"aligncenter wp-image-5498 size-full\" src=\"https:\/\/fugleskydning.dk\/wp-content\/uploads\/2024\/04\/2019-1P8A9695-h300.jpg\" alt=\"\" width=\"200\" height=\"300\" \/><\/p>\n<h2 style=\"text-align: center;\"><strong>Susanne Thea har malet disse 3 konge platter<\/strong><\/h2>\n<h2 style=\"text-align: center;\"><a href=\"https:\/\/fugleskydning.dk\/?portfolio=fabrikant-niels-erik-jacobsen-2014\">Fabrikant Niels Erik Jacobsen Fuglekongen 2014<\/a><\/h2>\n<p><a href=\"https:\/\/fugleskydning.dk\/wp-content\/uploads\/2022\/06\/2d1502b201.gif\"><img loading=\"lazy\" decoding=\"async\" class=\"wp-image-311 size-full\" src=\"https:\/\/fugleskydning.dk\/wp-content\/uploads\/2022\/06\/2d1502b201.gif\" alt=\"\" width=\"796\" height=\"795\" \/><\/a><\/p>\n<h2 style=\"text-align: center;\"><a href=\"https:\/\/fugleskydning.dk\/?portfolio=vinduespudser-rene-hoeyer-2018\"><strong>Vinduespudser Ren\u00e9 H\u00f8yer Fuglekonge 2018<\/strong><\/a><\/h2>\n<p><img loading=\"lazy\" decoding=\"async\" class=\"aligncenter wp-image-96 size-full\" src=\"https:\/\/fugleskydning.dk\/wp-content\/uploads\/2022\/05\/1fc0a714cd.gif\" alt=\"\" width=\"600\" height=\"594\" \/><\/p>\n<h2 class=\"av-special-heading-tag\" style=\"text-align: center;\"><a href=\"https:\/\/fugleskydning.dk\/?portfolio=jan-laeby-2019\">Jan L\u00e6by Fuglekonge 2019<\/a><\/h2>\n<p><a href=\"https:\/\/fugleskydning.dk\/?attachment_id=5499\"><img loading=\"lazy\" decoding=\"async\" class=\"wp-image-5499 size-large\" src=\"https:\/\/fugleskydning.dk\/wp-content\/uploads\/2024\/04\/2019-Jan-Laeby-2-1030x1026.jpg\" alt=\"\" width=\"1030\" height=\"1026\" srcset=\"https:\/\/fugleskydning.dk\/wp-content\/uploads\/2024\/04\/2019-Jan-Laeby-2-1030x1026.jpg 1030w, https:\/\/fugleskydning.dk\/wp-content\/uploads\/2024\/04\/2019-Jan-Laeby-2-300x300.jpg 300w, https:\/\/fugleskydning.dk\/wp-content\/uploads\/2024\/04\/2019-Jan-Laeby-2-80x80.jpg 80w, https:\/\/fugleskydning.dk\/wp-content\/uploads\/2024\/04\/2019-Jan-Laeby-2-768x765.jpg 768w, https:\/\/fugleskydning.dk\/wp-content\/uploads\/2024\/04\/2019-Jan-Laeby-2-36x36.jpg 36w, https:\/\/fugleskydning.dk\/wp-content\/uploads\/2024\/04\/2019-Jan-Laeby-2-180x180.jpg 180w, https:\/\/fugleskydning.dk\/wp-content\/uploads\/2024\/04\/2019-Jan-Laeby-2-705x702.jpg 705w, https:\/\/fugleskydning.dk\/wp-content\/uploads\/2024\/04\/2019-Jan-Laeby-2.jpg 1499w\" sizes=\"auto, (max-width: 1030px) 100vw, 1030px\" \/><\/a><\/p>\n<p>Oplagt af Henrik Bach 2024<\/p>\n<p><img decoding=\"async\" src=\"https:\/\/fugleskydning.dk\/wp-content\/uploads\/2023\/01\/kffs-300x71.jpg\" \/><\/p>\n<\/div><\/section><\/div>\n<div class='flex_column av-2d23px-4f6a9ec8d3429629c087859bab421770 av_one_fourth  avia-builder-el-6  el_after_av_one_half  avia-builder-el-last  flex_column_div '   ><\/div>\n","protected":false},"excerpt":{"rendered":"","protected":false},"author":2,"featured_media":0,"parent":0,"menu_order":0,"comment_status":"closed","ping_status":"closed","template":"","meta":{"om_disable_all_campaigns":false,"footnotes":""},"folder":[],"class_list":["post-5493","page","type-page","status-publish","hentry"],"_links":{"self":[{"href":"https:\/\/fugleskydning.dk\/index.php?rest_route=\/wp\/v2\/pages\/5493","targetHints":{"allow":["GET"]}}],"collection":[{"href":"https:\/\/fugleskydning.dk\/index.php?rest_route=\/wp\/v2\/pages"}],"about":[{"href":"https:\/\/fugleskydning.dk\/index.php?rest_route=\/wp\/v2\/types\/page"}],"author":[{"embeddable":true,"href":"https:\/\/fugleskydning.dk\/index.php?rest_route=\/wp\/v2\/users\/2"}],"replies":[{"embeddable":true,"href":"https:\/\/fugleskydning.dk\/index.php?rest_route=%2Fwp%2Fv2%2Fcomments&post=5493"}],"version-history":[{"count":0,"href":"https:\/\/fugleskydning.dk\/index.php?rest_route=\/wp\/v2\/pages\/5493\/revisions"}],"wp:attachment":[{"href":"https:\/\/fugleskydning.dk\/index.php?rest_route=%2Fwp%2Fv2%2Fmedia&parent=5493"}],"wp:term":[{"taxonomy":"folder","embeddable":true,"href":"https:\/\/fugleskydning.dk\/index.php?rest_route=%2Fwp%2Fv2%2Ffolder&post=5493"}],"curies":[{"name":"wp","href":"https:\/\/api.w.org\/{rel}","templated":true}]}}