{"id":53,"date":"2022-05-30T14:27:06","date_gmt":"2022-05-30T12:27:06","guid":{"rendered":"https:\/\/fugleskydning.manana-manana.dk\/?page_id=53"},"modified":"2023-02-06T16:47:56","modified_gmt":"2023-02-06T15:47:56","slug":"love-vedtaegter","status":"publish","type":"page","link":"https:\/\/fugleskydning.dk\/?page_id=53","title":{"rendered":"Love &#038; Vedt\u00e6gter"},"content":{"rendered":"<div class='flex_column av-av_one_half-a93934ecd89fbb8a9566d39e89cd3725 av_one_half  avia-builder-el-0  el_before_av_section  avia-builder-el-no-sibling  first flex_column_div '   ><\/div>\n<\/div><\/div><\/div><!-- close content main div --><\/div><\/div><div id='av_section_1'  class='avia-section av-av_section-2dcb3d115e2e5af9a73072e0505910f8 main_color avia-section-default avia-no-border-styling  avia-builder-el-1  el_after_av_one_half  el_before_av_one_fourth  avia-bg-style-scroll container_wrap sidebar_right'  ><div class='container av-section-cont-open' ><div class='template-page content  av-content-small alpha units'><div class='post-entry post-entry-type-page post-entry-53'><div class='entry-content-wrapper clearfix'>\n\n<style type=\"text\/css\" data-created_by=\"avia_inline_auto\" id=\"style-css-av-ldszhbn0-05d0070da56997d8d506b370f823840a\">\n#top .av-special-heading.av-ldszhbn0-05d0070da56997d8d506b370f823840a{\npadding-bottom:10px;\nfont-size:52px;\n}\nbody .av-special-heading.av-ldszhbn0-05d0070da56997d8d506b370f823840a .av-special-heading-tag .heading-char{\nfont-size:25px;\n}\n#top #wrap_all .av-special-heading.av-ldszhbn0-05d0070da56997d8d506b370f823840a .av-special-heading-tag{\nfont-size:52px;\n}\n.av-special-heading.av-ldszhbn0-05d0070da56997d8d506b370f823840a .av-subheading{\nfont-size:24px;\n}\n<\/style>\n<div  class='av-special-heading av-ldszhbn0-05d0070da56997d8d506b370f823840a av-special-heading-h2 blockquote modern-quote modern-centered  avia-builder-el-2  el_before_av_hr  avia-builder-el-first  av-inherit-size'><h2 class='av-special-heading-tag'  itemprop=\"headline\"  >Love for Selskabet, <span class='special_amp'>&amp;<\/span> Vedt\u00e6gter for Fugleskydningen.<\/h2><div class='av-subheading av-subheading_below'><p>Love for:Kors\u00f8r Fugleskydnings &#038; Forsk\u00f8nnelses Selskab.<\/p>\n<\/div><div class=\"special-heading-border\"><div class=\"special-heading-inner-border\"><\/div><\/div><\/div>\n\n<style type=\"text\/css\" data-created_by=\"avia_inline_auto\" id=\"style-css-av-av_hr-59222a0ed51c265e786bb9c2540ae642\">\n#top .hr.av-av_hr-59222a0ed51c265e786bb9c2540ae642{\nmargin-top:30px;\nmargin-bottom:30px;\n}\n.hr.av-av_hr-59222a0ed51c265e786bb9c2540ae642 .hr-inner{\nwidth:50px;\nmax-width:45%;\n}\n<\/style>\n<div  class='hr av-av_hr-59222a0ed51c265e786bb9c2540ae642 hr-custom  avia-builder-el-3  el_after_av_heading  avia-builder-el-last  hr-center hr-icon-yes'><span class='hr-inner inner-border-av-border-thin'><span class=\"hr-inner-style\"><\/span><\/span><span class='av-seperator-icon' aria-hidden='true' data-av_icon='\ue844' data-av_iconfont='fontello'><\/span><span class='hr-inner inner-border-av-border-thin'><span class=\"hr-inner-style\"><\/span><\/span><\/div>\n<\/div><\/div><\/div><!-- close content main div --><\/div><\/div><div id='after_section_1'  class='main_color av_default_container_wrap container_wrap sidebar_right'  ><div class='container av-section-cont-open' ><div class='template-page content  av-content-small alpha units'><div class='post-entry post-entry-type-page post-entry-53'><div class='entry-content-wrapper clearfix'><div class='flex_column av-av_one_fourth-a93934ecd89fbb8a9566d39e89cd3725 av_one_fourth  avia-builder-el-4  el_after_av_section  el_before_av_one_half  avia-builder-el-first  first flex_column_div '   ><\/div><\/p>\n<div class='flex_column av-av_one_half-d06667205e6186ec8414c6eb7605d406 av_one_half  avia-builder-el-5  el_after_av_one_fourth  el_before_av_one_fourth  flex_column_div '   ><section  class='av_textblock_section av-ldszgeyg-1bab815dd751be7d9fcd47c887bb6aae'  itemscope=\"itemscope\" itemtype=\"https:\/\/schema.org\/CreativeWork\" ><div class='avia_textblock'  itemprop=\"text\" ><p><strong>Love for Selskabet, &amp; Vedt\u00e6gter for Fugleskydningen.<\/strong><\/p>\n<h4>Love for: Kors\u00f8r Fugleskydnings &amp; Forsk\u00f8nnelses Selskab.<\/h4>\n<p>\u00a7 1.<br \/>\nSelskabets \u00f8jemed er:<\/p>\n<p>A.<br \/>\nAt virke til byens og omegnens forsk\u00f8nnelse og vedligeholde, de selskabet tilh\u00f8rende anl\u00e6g:<br \/>\nPavillonen Sommerlyst med tilh\u00f8rende omr\u00e5der.<\/p>\n<p>B.<br \/>\nSelskabet afholder en \u00e5rlig fugleskydning ved Sommerlyst ,ligesom der kan afholdes andre<br \/>\nselskabelige sammenkomster for selskabets medlemmer med p\u00e5r\u00f8rende.<\/p>\n<p>Selskabets indt\u00e6gter, der ordin\u00e6rt best\u00e5r af medlemskontingenter, samt udleje af<br \/>\npavillonen Sommerlyst, og andre indt\u00e6gter der kan v\u00e6re p\u00e5 tale, m\u00e5 almindeligvis<br \/>\nkun anvendes til det under punkt A n\u00e6vnte \u00f8jemed.<br \/>\nBestyrelsen, herefter ben\u00e6vnt ministerierne, f\u00f8rer regnskab over indt\u00e6gter og udgifter,<br \/>\nog regnskabet freml\u00e6gges ved den \u00e5rlige generalforsamling,herefter kaldet Tingsamling.<\/p>\n<p>Regnskabet revideres inden freml\u00e6ggelse af den af Tngsamlingen valgte registreret revisor.<\/p>\n<p>\u00a7 2.A.<\/p>\n<p>Den \u00f8verste myndighed i alle selskabets anliggender er tingsamlingen,<br \/>\nder afholdes hvert \u00e5r i marts eller april m\u00e5ned. Denne tingsamling i marts<br \/>\neller april, er den ordin\u00e6re tingsamling.<br \/>\nOrdin\u00e6re tingsamlinger indvarsles med 2 ugers varsel,<br \/>\nekstraordin\u00e6re tingsamlinger med 1 uges varsel.<br \/>\nI \u00f8vrigt afholdes tingsamling, s\u00e5 ofte ministerierne finder det n\u00f8dvendigt,<br \/>\neller n\u00e5r det forlanges skriftligt af mindst 1\/3 af medlemmerne.<br \/>\nTingsamlingens beslutninger tr\u00e6ffes ved simpel stemmeflerhed.<br \/>\nVed \u00f8nske om tingsamling, fra medlemmerne, har ministerierne pligt til, at afholde<br \/>\ntingsamlingen senest 3 uger efter \u00f8nskets fremkomst.<br \/>\nTingsamlingen indvarsles med angivelse af dagsorden med den varsel der er givet<br \/>\ni disse love, i den lokale presse, eller til hvert medlem gennem postomdeling.<br \/>\nTil forandring af lovene for selskabet og forandring af vedt\u00e6gterne for fugleskydningen,<br \/>\nkr\u00e6ves en kvalificeret majoritet p\u00e5 2\/3 af de afgivne stemmer.<\/p>\n<p>\u00a7 2.B.<br \/>\nDagsordenen for den ordin\u00e6re tingsamling skal mindst indeholde f\u00f8lgende punkter:<br \/>\n1. Statsministeren byder velkommen.<br \/>\n2. Valg af Tingformand.<br \/>\n3. Statsministeren afl\u00e6gger det forgangne \u00e5rs beretning og ser frem i det nye \u00e5r.<br \/>\n4. Finansministeren forel\u00e6gger det reviderede regnskab.<br \/>\n5. Fasts\u00e6ttelse af Tingskat.<br \/>\n6. Valg af ministre.<br \/>\n7. Valg af 2 ministersuppleanter.<br \/>\n8. Valg af registreret revisor.<br \/>\n9. Indkomne forslag.<br \/>\n10. Eventuelt.<\/p>\n<p>Forslag til behandling p\u00e5 den ordin\u00e6re tingsamling skal v\u00e6re Statsministe-riet i<br \/>\nh\u00e6nde senest 8 dage f\u00f8r tingsamlingen.<\/p>\n<p>\u00a7 3.<br \/>\nMinisterierne best\u00e5r af 5 medlemmer \/ Ministre, og for at vedligeholde<br \/>\nde gamle traditionen ben\u00e6vnes de som f\u00f8lger:<br \/>\nStatsminister, Indenrigsminister, Finansminister,<br \/>\nBoligminister, og Justitsminister.<br \/>\nMinistrene v\u00e6lges for 2 \u00e5r ad gangen, s\u00e5ledes at der i lige \u00e5rstal afg\u00e5r<br \/>\n2 ministre og i ulige \u00e5rstal 3 ministre. Genvalg kan finde sted. Ministerierne<br \/>\nkonstituerer sig efter tingsamlingen, og v\u00e6lger selv hvem der skal<br \/>\nhave de forskellige ministerposter.<br \/>\nMinistersuppleanterne, herefter ben\u00e6vnt 1.ste og 2.den ministersupplean-ter,<br \/>\nv\u00e6lges hvert \u00e5r p\u00e5 tingsamlingen. Genvalg kan finde sted.<\/p>\n<p>Revision af selskabets regnskab foretages af en p\u00e5 Tingsamlingen for et \u00e5r af gangen valgte registreret revisor. Genvalg kan finde sted.<\/p>\n<p>\u00a7 4.<br \/>\nMinisterierne har den ud\u00f8vende myndighed. Det foranlediger, at ting-samlingens<br \/>\nbestemmelser bliver udf\u00f8rt, samt varetager selskabets interesser bedst muligt.<br \/>\nMinisterm\u00f8der kan afholdes s\u00e5 ofte ministerierne finder det n\u00f8dvendigt.<br \/>\nDen \u00e5rlige fugleskydningsdato fasts\u00e6ttes af ministerierne i henhold til vedt\u00e6gterne<br \/>\nfor fugleskydningen. Ministersuppleanterne kan indkaldes af ministrene til<br \/>\nudf\u00f8relse af supplerende opgaver i forbindelse med fugleskydningens planl\u00e6gning<br \/>\nog afholdelse.<br \/>\nVed varigt forfald fra een eller flere af ministrene indtr\u00e6der ministersuppleanterne i deres<\/p>\n<p>sted.<\/p>\n<p>\u00a7 5.<br \/>\nMinisterierne m\u00e5 ikke afh\u00e6nde selskabets faste ejendele, eller optage l\u00e5n uden tingsamlingens samtykke.<\/p>\n<p>Selskabet tegnes af Statsministeren og Finansministeren i forening.<\/p>\n<p>\u00a7 6.<br \/>\nMinisterierne er bemyndiget til at udf\u00e6rdige ordensreglementer for afbe-nyttelse af selskabets ejendele og anl\u00e6g. Ministerierne udf\u00e6rdiger ogs\u00e5 vedt\u00e6gter for fugleskydningen, som skal vedtages af tingsamlingen. Medlemmerne er forpligtiget til at f\u00f8lge b\u00e5de de vedtagne reglementer, s\u00e5vel som vedt\u00e6gterne ved fugleskydningen.<br \/>\nTil vedtagelse af vedt\u00e6gter for fugleskydningen kr\u00e6ves kvalificeret majoritet<br \/>\np\u00e5 2\/3 af de afgivne stemmer.<\/p>\n<p>\u00a7 7.<br \/>\nSom medlemmer af selskabet kan optages kvinder og m\u00e6nd over 18 \u00e5r,<br \/>\nefter ministeriernes godkendelse. Udmeldelse af selskabet skal ske skriftligt til<br \/>\nFinansministeren inden den 1.ste april. Hvis det sker senere er man pligtig at betale Tingskat for det f\u00f8lgende \u00e5r.<\/p>\n<p>\u00a7 8.<br \/>\nDen \u00e5rlige Tingskat, fastsat p\u00e5 den ordin\u00e6re Tingsamling,<\/p>\n<p>skal erl\u00e6gges senest den 1.ste april.<br \/>\nRegnskabs\u00e5ret g\u00e5r fra den 1.ste januar til den 31.de december.<\/p>\n<p>\u00a7 9.<br \/>\nSelskabet kan kun oph\u00f8re med at eksistere n\u00e5r 2\/3 af medlemmerne stemmer<br \/>\nderfor p\u00e5 en tingsamling. Er der ikke til tingsamlingen fremm\u00f8dt et tilstr\u00e6kkeligt<br \/>\nantal medlemmer, indvarsles til en ny tingsamling, der er beslutningsdygtig,<br \/>\nn\u00e5r 2\/3 af de her fremm\u00f8dte, stemmer for selskabets oph\u00e6velse.<\/p>\n<p>Ved opl\u00f8sning skal foreningens formue tilfalde et velg\u00f8rende eller almennyttigt<br \/>\nform\u00e5l i Kors\u00f8r, fastsat med 2\/3 majoritet,<br \/>\naf den afsluttende tingsamling, subsidi\u00e6rt fastsat af Ny Slagelse Kommune.<\/p>\n<p>Ministerierne, den 22. marts 2012.<\/p>\n<p>Statsminister Indenrigsminister<br \/>\nHenrik Bach. Steen Friis-Olsen.<\/p>\n<p>Finansminister Boligminister<\/p>\n<p>Peer Bendt. Palle Hinrichsen.<\/p>\n<p>Justitsminister<br \/>\nKurt G. Nielsen.<\/p>\n<p>Samt Ministersuppleanterne.:<br \/>\nJ\u00f8rn-Ole Didriksen &amp; Niels Erik Jacobsen.<\/p>\n<h3><img loading=\"lazy\" decoding=\"async\" class=\"alignnone wp-image-809\" src=\"http:\/\/fugleskydning.dk\/wp-content\/uploads\/2022\/10\/d2c550226c.gif\" alt=\"\" width=\"270\" height=\"66\" \/><\/h3>\n<h3>Vedt\u00e6gter for: Den \u00c5rlige Fugleskydning.<\/h3>\n<p>\u00a7 1.<br \/>\nFugleskydningen afholdes den 2.den eller den 3.die tirsdag i juni m\u00e5ned hvert \u00e5r.<br \/>\nSkydningen varer som regel kun 1 dag.<\/p>\n<p>\u00a7 2.<br \/>\nSamtlige mandlige medlemmer er berettiget til, at deltage i skydningen med<br \/>\nefterf\u00f8lgende bal, imod at betale for 1. skydenummer.<\/p>\n<p>\u00a7 3.<br \/>\nUdenbys boende, kan deltage i fugleskydningen, n\u00e5r de indf\u00f8res af et medlem, og<br \/>\nbetaler deres skydenummer.<br \/>\nUdenbys boende medlemmer kan ikke skydes til fuglekonge.<\/p>\n<p>\u00a7 4.<br \/>\nB\u00e5de medlemmer der har deltaget i dagens fugleskydning, s\u00e5vel som medlemmer der ikke har deltaget i skydningen, har ret til at deltage, sammen med deres familie og eventuelle g\u00e6ster, ved ballet. Til familien medregnes damer, der har fast ophold i husstanden, samt ukonfirmerede b\u00f8rn. Andre m\u00e5 deltage som g\u00e6ster, b\u00e5de her og udenbys boende, n\u00e5r de kommer sammen med medlemmer af selskabet.<\/p>\n<p>\u00a7 5.<br \/>\nEthvert medlem, der p\u00e5 fugleskydningsdagen opholder sig i og ved Sommerlyst,<br \/>\nskal b\u00e6re een, af ministerierne godkendt skydesl\u00f8jfe, synligt, i knaphul,<br \/>\nandet sted p\u00e5 t\u00f8jet, eller i str\u00e5hatten.<\/p>\n<p>\u00a7 6.<br \/>\nFor fugleskydningen fasts\u00e6ttes f\u00f8lgende regler.:<br \/>\nA.<br \/>\nDer skydes med riffel med kaliber 22.<\/p>\n<p>B.<br \/>\nDer skydes efter lukket liste, og ingen kan lade andre skyde for sig.<br \/>\nVed ankomsten til Sommerlyst, uddeles skydenumre blandt de medlemmer, der er fremm\u00f8dt.<\/p>\n<p>C.<br \/>\nSkydningen foreg\u00e5r efter en fugl af tr\u00e6, der er anbragt p\u00e5 skydemastens top,<br \/>\nog der skydes efter f\u00f8lgende orden indtil fuglen er plukket.:<\/p>\n<p>1. H\u00f8jre vinge\u00e6ble,<br \/>\n2. Venstre vinge\u00e6ble,<br \/>\n3. H\u00f8jre klo\u00e6ble,<br \/>\n3. Venstre klo\u00e6ble,<br \/>\n4. Hals\u00e6blet,<br \/>\n5. Hale\u00e6blet,<br \/>\n7. Ringen,<br \/>\n8. Kronen,<br \/>\n9. Hals-pladen,<br \/>\n10. Halepladen,<br \/>\n11. Venstre vinge,<br \/>\n12. H\u00f8jre vinge,<br \/>\n13. Brystpladen.<\/p>\n<p>D.<br \/>\nFalder 2 eller flere skydem\u00e5l af fuglen ned samtidig, tilfalder pr\u00e6mien<br \/>\np\u00e5 vedkomne nummer, den i r\u00e6kkef\u00f8lgen faldende pr\u00e6mie,<br \/>\nog der tr\u00e6kkes lod om de andre.<\/p>\n<p>E.<br \/>\nFalder et andet skydem\u00e5l ned fra fuglen, end det der skydes efter,<br \/>\ni utide, eller hvis der skydes efter noget andet end det der skal, og der derfor<br \/>\nfalder noget ned fra fuglen, tr\u00e6kkes ogs\u00e5 lod om denne pr\u00e6mie.<\/p>\n<p>F.<br \/>\nFuglekongen skyder f\u00f8rste skud, statsministeren andet skud, herefter<br \/>\neventuelle \u00e6resmedlemmer, og derefter \u00f8vrige skytter i den orden, der er lavet<br \/>\nved nummertr\u00e6kningen.<br \/>\nFuglekongen er pligtig at sk\u00e6nke selskabet en skydeplatte til oph\u00e6ngning<br \/>\ni Sommerlyst, til minde om dagen. Andre udgifter kan ikke p\u00e5l\u00e6gges fuglekongen.<\/p>\n<p>G.<br \/>\nSkydeinspekt\u00f8ren lader riffelen, og giver den til skytterne.<\/p>\n<p>H.<br \/>\nIngen af skytterne, eller andre, m\u00e5 opholde sig foran skydebord eller skydestand,<br \/>\nn\u00e5r der skydes.Overtr\u00e6delse heraf kan medf\u00f8re b\u00f8de, der id\u00f8mmes af ministeriet.<\/p>\n<p>I.<br \/>\nTil ledelse af skydningen, udv\u00e6lger ministerierne 1 skydeinspekt\u00f8r, og 1 til 2 listef\u00f8rere.<br \/>\nDisses anvisninger skal efterkommes.<\/p>\n<p>K.<br \/>\nSom gevinster, indk\u00f8ber ministerierne pr\u00e6mier. Til fuglekongen skal det v\u00e6re noget,<br \/>\nder er fremstillet helt eller delvist af s\u00f8lv.<br \/>\nTil andre pr\u00e6mier kan der indk\u00f8bes ting af andre materialer.<\/p>\n<p>L.<br \/>\nFugleskydningen indledes med musik om morgenen, gennem byen,<br \/>\nved at musikken k\u00f8rer rundt til ministeriernes medlemmer, og fuglekongen,<br \/>\nfor at v\u00e6kke dem. Turen foreg\u00e5r i udsmykket lastbil eller bus.<br \/>\nKl. 8.00 m\u00f8des skytterne p\u00e5 et af ministerierne aftalt sted, og herfra g\u00e5r man i<br \/>\nprocession med musik til fuglekongens bolig, hvor kongen afhentes,<br \/>\nderp\u00e5 forts\u00e6ttes igennem byen efter forud fastlagt rute, og marchen slutter ved Lovs\u00f8anl\u00e6gget,<br \/>\nhvorfra der k\u00f8res til Sommerlyst.<br \/>\nVed ankomsten til Sommerlyst, saluteres 3 gange, efter at flaget er sat.<br \/>\nEfter navneliste er skrevet, meddeler Statsministeren skydeinspekt\u00f8ren, at<br \/>\nskydningen kan begynde.<\/p>\n<p>M.<br \/>\nFor hver gang alle skydenumrene er blevet r\u00e5bt op, og skuddene er skudt,<br \/>\nog n\u00e5r der falder et skydem\u00e5l ned fra fuglen, saluteres 1 gang.<\/p>\n<p>N.<br \/>\nKl. 12.00 indstilles skydningen, ved salutering, og efter vandring, i samlet trop,<br \/>\n1 gang omkring pladsen og skydemasten, g\u00e5r skytterne ind i<br \/>\nSommerlyst for at indtage frokosten.<\/p>\n<p>O.<br \/>\nVed frokosten er det forbudt damer, at sidde med til bords.<\/p>\n<p>P.<br \/>\nEfter afslutning af frokosten, spiller musikken op til skyttedans, der saluteres 3 gange,<br \/>\nog der vandres 2 gange rundt om skydemasten. Herefter forts\u00e6tter skydningen.<\/p>\n<p>R.<br \/>\nHvis en skytte, efter at hans navn er r\u00e5bt op 2 gange, ikke er kommet til skydestanden,<br \/>\nskydes hans skud af den efterf\u00f8lgende skytte.<\/p>\n<p>S.<br \/>\nN\u00e5r brystpladen er skudt ned, er skydningen afsluttet, og der saluteres 3 gange.<br \/>\nDen, der ved eget skud, eller ved en andens, har f\u00e5et brystpladen skudt ned,<br \/>\nk\u00e5res til \u00e5rets fuglekonge. Den skytte der har nedskudt brystpladen,<br \/>\nudn\u00e6vnes til skyttekonge og tildeles, ved pr\u00e6mie uddelingen, skytternes \u00e6resn\u00e5l.<\/p>\n<p>T.<br \/>\nMinistre m\u00e5 ikke, med mindre de allerede har v\u00e6ret fuglekonge 1 gang,<br \/>\nsige nej til at blive fuglekonge, og andre medlemmer m\u00e5, n\u00e5r de k\u00f8ber skydekort,<br \/>\ngerne tilkendegive om de \u00f8nsker at blive fuglekonge, eller ej.<\/p>\n<p>U.<br \/>\nKl. 19.00 samme dag, eller en af ministerierne anden valgt dag,<br \/>\nspises der middag i Sommerlyst med damer. Efter middagen vandres til orkesterledsagelse,<br \/>\n(hvis muligt), 3 gange rundt om skydemasten, medens der bliver saluteret .<br \/>\nP\u00e5 et under middagen passende tidspunkt foreg\u00e5r der h\u00e6dring af afg\u00e5ende,<br \/>\nog kommende, fuglekonger og dronninger, samt pr\u00e6mie uddeling.<br \/>\nBallet \u00e5bnes af statsministeren og fuglekongerne med damer.<br \/>\nDer danses til senest kl. 1.00,<br \/>\nhvorefter statsministeren afslutter fugleskydningen for indev\u00e6rende \u00e5r.<\/p>\n<p>Ministerierne, den 22. marts 2012.<\/p>\n<p>Statsminister Indenrigsminister<br \/>\nHenrik Bach. Steen Friis-Olsen.<\/p>\n<p>Finansminister Boligminister<br \/>\nPeer Bendt. Palle Hinrichsen.<\/p>\n<p>Justitsminister<br \/>\nKurt G. Nielsen.<\/p>\n<p>Samt Ministersuppleanterne.:<br \/>\nJ\u00f8rn-Ole Didriksen &amp; Niels Erik Jacobsen.<\/p>\n<p>Dette: Love &amp; Vedt\u00e6gter for Kors\u00f8r Fugleskydnings- &amp; Forsk\u00f8nnelses Selskab,<br \/>\nsamt selve Fugleskydningen, er et nyoptryk efter vedtagelse af \u00e6ndringer p\u00e5<br \/>\nTingsamlingen den 22. marts 2012 af \u00e6ndringsforslag.<\/p>\n<p>Indenrigsministeriet:<br \/>\nSteen Friis-Olsen.<\/p>\n<\/div><\/section><\/div><div class='flex_column av-av_one_fourth-d06667205e6186ec8414c6eb7605d406 av_one_fourth  avia-builder-el-7  el_after_av_one_half  avia-builder-el-last  flex_column_div '   ><\/div><\/p>\n","protected":false},"excerpt":{"rendered":"","protected":false},"author":1,"featured_media":0,"parent":0,"menu_order":7,"comment_status":"closed","ping_status":"closed","template":"","meta":{"om_disable_all_campaigns":false,"footnotes":""},"folder":[],"class_list":["post-53","page","type-page","status-publish","hentry"],"_links":{"self":[{"href":"https:\/\/fugleskydning.dk\/index.php?rest_route=\/wp\/v2\/pages\/53","targetHints":{"allow":["GET"]}}],"collection":[{"href":"https:\/\/fugleskydning.dk\/index.php?rest_route=\/wp\/v2\/pages"}],"about":[{"href":"https:\/\/fugleskydning.dk\/index.php?rest_route=\/wp\/v2\/types\/page"}],"author":[{"embeddable":true,"href":"https:\/\/fugleskydning.dk\/index.php?rest_route=\/wp\/v2\/users\/1"}],"replies":[{"embeddable":true,"href":"https:\/\/fugleskydning.dk\/index.php?rest_route=%2Fwp%2Fv2%2Fcomments&post=53"}],"version-history":[{"count":0,"href":"https:\/\/fugleskydning.dk\/index.php?rest_route=\/wp\/v2\/pages\/53\/revisions"}],"wp:attachment":[{"href":"https:\/\/fugleskydning.dk\/index.php?rest_route=%2Fwp%2Fv2%2Fmedia&parent=53"}],"wp:term":[{"taxonomy":"folder","embeddable":true,"href":"https:\/\/fugleskydning.dk\/index.php?rest_route=%2Fwp%2Fv2%2Ffolder&post=53"}],"curies":[{"name":"wp","href":"https:\/\/api.w.org\/{rel}","templated":true}]}}